{"id":767,"date":"2025-11-16T15:32:27","date_gmt":"2025-11-16T15:32:27","guid":{"rendered":"https:\/\/audiobook-24.com\/?post_type=product&#038;p=767"},"modified":"2025-11-16T15:32:27","modified_gmt":"2025-11-16T15:32:27","slug":"%f0%9f%8e%a7-hoerspiel-katharina-peters-ruegen-krimi-10-ankermord","status":"publish","type":"product","link":"https:\/\/audiobook-24.com\/en\/product\/%f0%9f%8e%a7-hoerspiel-katharina-peters-ruegen-krimi-10-ankermord\/","title":{"rendered":"\ud83c\udfa7 H\u00f6rspiel \u2013 Katharina Peters: R\u00fcgen-Krimi 10 \u2013 Ankermord"},"content":{"rendered":"<div>\n<div>\n<div>\n<h2>\ud83c\udfa7\u00a0<strong>H\u00f6rspiel \u2013 Katharina Peters: R\u00fcgen-Krimi 10 \u2013 Ankermord<\/strong><\/h2>\n<p>Ein spannender Ostsee-Krimi:<br \/>\nAls vor R\u00fcgen ein Anglerboot treibend gefunden wird, st\u00f6\u00dft die Polizei auf Spuren eines brutalen Verbrechens. Kommissarin Romy Beccare und ihr Team stehen vor einem R\u00e4tsel \u2013 wer steckt hinter dem Mord, und warum musste das Opfer sterben? Die Ermittlungen f\u00fchren tief in ein Netz aus Habgier, Geheimnissen und t\u00f6dlichen Intrigen.<\/p>\n<\/div>\n<\/div>\n<\/div>\n<div>\n<div>\n<p><span style=\"font-size: large;\">\ud83d\udcf2\u00a0<strong>Verf\u00fcgbarkeit:<\/strong>\u00a0Sofort nach dem Kauf als Download erh\u00e4ltlich<br \/>\n\ud83d\udcbb\ud83d\udcf1\u00a0<strong>Abspielbar auf:<\/strong>\u00a0<strong>PC, Handy, Tablet und allen MP3-kompatiblen Ger\u00e4ten<\/strong><br \/>\n\u267e\ufe0f\u00a0<strong>Besonderheit:<\/strong>\u00a0<strong>Einmal gekauft \u2013 geh\u00f6rt es dir f\u00fcr immer und kann jederzeit unbegrenzt angeh\u00f6rt werden<\/strong><\/span><\/p>\n<\/div>\n<div>\n<h2><span style=\"font-size: x-large;\">\u00a0<\/span><\/h2>\n<\/div>\n<\/div>","protected":false},"excerpt":{"rendered":"<p>\ud83c\udfa7\u00a0H\u00f6rspiel \u2013 Katharina Peters: R\u00fcgen-Krimi 10 \u2013 Ankermord Ein spannender Ostsee-Krimi: Als vor R\u00fcgen ein Anglerboot treibend gefunden wird, st\u00f6\u00dft die Polizei auf Spuren eines brutalen Verbrechens. Kommissarin Romy Beccare und ihr Team stehen vor einem R\u00e4tsel \u2013 wer steckt hinter dem Mord, und warum musste das Opfer sterben? Die Ermittlungen f\u00fchren tief in ein [&hellip;]<\/p>\n","protected":false},"featured_media":768,"comment_status":"open","ping_status":"closed","template":"","meta":[],"product_brand":[],"product_cat":[34],"product_tag":[],"class_list":{"0":"post-767","1":"product","2":"type-product","3":"status-publish","4":"has-post-thumbnail","6":"product_cat-hoerspiel-krimi","8":"first","9":"instock","10":"sale","11":"virtual","12":"purchasable","13":"product-type-simple"},"jetpack_sharing_enabled":true,"_links":{"self":[{"href":"https:\/\/audiobook-24.com\/en\/wp-json\/wp\/v2\/product\/767","targetHints":{"allow":["GET"]}}],"collection":[{"href":"https:\/\/audiobook-24.com\/en\/wp-json\/wp\/v2\/product"}],"about":[{"href":"https:\/\/audiobook-24.com\/en\/wp-json\/wp\/v2\/types\/product"}],"replies":[{"embeddable":true,"href":"https:\/\/audiobook-24.com\/en\/wp-json\/wp\/v2\/comments?post=767"}],"wp:featuredmedia":[{"embeddable":true,"href":"https:\/\/audiobook-24.com\/en\/wp-json\/wp\/v2\/media\/768"}],"wp:attachment":[{"href":"https:\/\/audiobook-24.com\/en\/wp-json\/wp\/v2\/media?parent=767"}],"wp:term":[{"taxonomy":"product_brand","embeddable":true,"href":"https:\/\/audiobook-24.com\/en\/wp-json\/wp\/v2\/product_brand?post=767"},{"taxonomy":"product_cat","embeddable":true,"href":"https:\/\/audiobook-24.com\/en\/wp-json\/wp\/v2\/product_cat?post=767"},{"taxonomy":"product_tag","embeddable":true,"href":"https:\/\/audiobook-24.com\/en\/wp-json\/wp\/v2\/product_tag?post=767"}],"curies":[{"name":"wp","href":"https:\/\/api.w.org\/{rel}","templated":true}]}}