{"id":765,"date":"2025-11-16T15:24:08","date_gmt":"2025-11-16T15:24:08","guid":{"rendered":"https:\/\/audiobook-24.com\/?post_type=product&#038;p=765"},"modified":"2025-11-16T15:24:08","modified_gmt":"2025-11-16T15:24:08","slug":"%f0%9f%8e%a7-hoerspiel-krimi-skrupellos","status":"publish","type":"product","link":"https:\/\/audiobook-24.com\/en\/product\/%f0%9f%8e%a7-hoerspiel-krimi-skrupellos\/","title":{"rendered":"\ud83c\udfa7 H\u00f6rspiel \u2013 Krimi Skrupellos"},"content":{"rendered":"<div>\n<div>\n<div>\n<h1><span>\ud83c\udfa7\u00a0<strong>H\u00f6rspiel \u2013 Skrupellos<\/strong><\/span><\/h1>\n<p>In einer Welt voller Intrigen, Machtspiele und gef\u00e4hrlicher Geheimnisse begegnet der Zuh\u00f6rer einem Charakter, der\u00a0<strong>keine Grenzen kennt<\/strong>. Skrupellos verfolgt er seine Ziele, w\u00e4hrend Freunde und Feinde gleicherma\u00dfen in Gefahr geraten.<\/p>\n<p><span>Jede Entscheidung kann \u00fcber Erfolg oder Scheitern, \u00fcber Leben oder Tod entscheiden. Ein spannendes H\u00f6rspiel voller\u00a0<strong>Action, Wendungen und packender Spannung<\/strong>, das den Zuh\u00f6rer bis zur letzten Minute fesselt.<\/span><\/p>\n<\/div>\n<\/div>\n<\/div>\n<div>\n<div>\n<p><span style=\"font-size: large;\">\ud83d\udcf2\u00a0<strong>Verf\u00fcgbarkeit:<\/strong>\u00a0Sofort nach dem Kauf als Download erh\u00e4ltlich<br \/>\n\ud83d\udcbb\ud83d\udcf1\u00a0<strong>Abspielbar auf:<\/strong>\u00a0<strong>PC, Handy, Tablet und allen MP3-kompatiblen Ger\u00e4ten<\/strong><br \/>\n\u267e\ufe0f\u00a0<strong>Besonderheit:<\/strong>\u00a0<strong>Einmal gekauft \u2013 geh\u00f6rt es dir f\u00fcr immer und kann jederzeit unbegrenzt angeh\u00f6rt werden<\/strong><\/span><\/p>\n<\/div>\n<\/div>","protected":false},"excerpt":{"rendered":"<p>\ud83c\udfa7\u00a0H\u00f6rspiel \u2013 Skrupellos In einer Welt voller Intrigen, Machtspiele und gef\u00e4hrlicher Geheimnisse begegnet der Zuh\u00f6rer einem Charakter, der\u00a0keine Grenzen kennt. Skrupellos verfolgt er seine Ziele, w\u00e4hrend Freunde und Feinde gleicherma\u00dfen in Gefahr geraten. Jede Entscheidung kann \u00fcber Erfolg oder Scheitern, \u00fcber Leben oder Tod entscheiden. Ein spannendes H\u00f6rspiel voller\u00a0Action, Wendungen und packender Spannung, das den [&hellip;]<\/p>\n","protected":false},"featured_media":766,"comment_status":"open","ping_status":"closed","template":"","meta":[],"product_brand":[],"product_cat":[34],"product_tag":[],"class_list":{"0":"post-765","1":"product","2":"type-product","3":"status-publish","4":"has-post-thumbnail","6":"product_cat-hoerspiel-krimi","8":"first","9":"instock","10":"sale","11":"virtual","12":"purchasable","13":"product-type-simple"},"jetpack_sharing_enabled":true,"_links":{"self":[{"href":"https:\/\/audiobook-24.com\/en\/wp-json\/wp\/v2\/product\/765","targetHints":{"allow":["GET"]}}],"collection":[{"href":"https:\/\/audiobook-24.com\/en\/wp-json\/wp\/v2\/product"}],"about":[{"href":"https:\/\/audiobook-24.com\/en\/wp-json\/wp\/v2\/types\/product"}],"replies":[{"embeddable":true,"href":"https:\/\/audiobook-24.com\/en\/wp-json\/wp\/v2\/comments?post=765"}],"wp:featuredmedia":[{"embeddable":true,"href":"https:\/\/audiobook-24.com\/en\/wp-json\/wp\/v2\/media\/766"}],"wp:attachment":[{"href":"https:\/\/audiobook-24.com\/en\/wp-json\/wp\/v2\/media?parent=765"}],"wp:term":[{"taxonomy":"product_brand","embeddable":true,"href":"https:\/\/audiobook-24.com\/en\/wp-json\/wp\/v2\/product_brand?post=765"},{"taxonomy":"product_cat","embeddable":true,"href":"https:\/\/audiobook-24.com\/en\/wp-json\/wp\/v2\/product_cat?post=765"},{"taxonomy":"product_tag","embeddable":true,"href":"https:\/\/audiobook-24.com\/en\/wp-json\/wp\/v2\/product_tag?post=765"}],"curies":[{"name":"wp","href":"https:\/\/api.w.org\/{rel}","templated":true}]}}