{"id":761,"date":"2025-11-16T15:17:24","date_gmt":"2025-11-16T15:17:24","guid":{"rendered":"https:\/\/audiobook-24.com\/?post_type=product&#038;p=761"},"modified":"2025-11-16T15:17:24","modified_gmt":"2025-11-16T15:17:24","slug":"hoerspiel-sherlock-holmes-der-walzerkoenig","status":"publish","type":"product","link":"https:\/\/audiobook-24.com\/en\/product\/hoerspiel-sherlock-holmes-der-walzerkoenig\/","title":{"rendered":"H\u00f6rspiel Sherlock Holmes \u2013 Der Walzerk\u00f6nig"},"content":{"rendered":"<div>\n<div>\n<div>\n<div>\n<div><span style=\"font-size: x-large;\">\ud83c\udfa7\u00a0<strong>H\u00f6rspiel: Sherlock Holmes \u2013 Der Walzerk\u00f6nig<\/strong><br \/>\nEin verschwundener Komponist, r\u00e4tselhafte Melodien und ein Verbrechen im Glanz der Wiener Gesellschaft \u2013 Sherlock Holmes und Dr. Watson reisen nach \u00d6sterreich, um Licht ins Dunkel zu bringen.<br \/>\nEin spannender Kriminalfall voller Musik, Intrigen und klassischer Holmes-Logik.<\/span><\/div>\n<p>&nbsp;<\/p>\n<p>\u2705\u00a0<strong>MP3-Download sofort nach dem Kauf<\/strong><br \/>\nDu erh\u00e4ltst direkt deinen\u00a0<strong>pers\u00f6nlichen Downloadlink<\/strong> \u2013 unkompliziert, schnell und ohne Versand.<\/p>\n<\/div>\n<\/div>\n<\/div>\n<\/div>\n<div>\n<div>\n<div>\n<p><span style=\"font-size: large;\">\ud83d\udcf2\u00a0<strong>Verf\u00fcgbarkeit:<\/strong>\u00a0Sofort nach dem Kauf als Download erh\u00e4ltlich<br \/>\n\ud83d\udcbb\ud83d\udcf1\u00a0<strong>Abspielbar auf:<\/strong>\u00a0<strong>PC, Handy, Tablet und allen MP3-kompatiblen Ger\u00e4ten<\/strong><br \/>\n\u267e\ufe0f\u00a0<strong>Besonderheit:<\/strong>\u00a0<strong>Einmal gekauft \u2013 geh\u00f6rt es dir f\u00fcr immer und kann jederzeit unbegrenzt angeh\u00f6rt werden<\/strong><\/span><\/p>\n<\/div>\n<\/div>\n<\/div>","protected":false},"excerpt":{"rendered":"<p>\ud83c\udfa7\u00a0H\u00f6rspiel: Sherlock Holmes \u2013 Der Walzerk\u00f6nig Ein verschwundener Komponist, r\u00e4tselhafte Melodien und ein Verbrechen im Glanz der Wiener Gesellschaft \u2013 Sherlock Holmes und Dr. Watson reisen nach \u00d6sterreich, um Licht ins Dunkel zu bringen. Ein spannender Kriminalfall voller Musik, Intrigen und klassischer Holmes-Logik. &nbsp; \u2705\u00a0MP3-Download sofort nach dem Kauf Du erh\u00e4ltst direkt deinen\u00a0pers\u00f6nlichen Downloadlink \u2013 [&hellip;]<\/p>\n","protected":false},"featured_media":762,"comment_status":"open","ping_status":"closed","template":"","meta":[],"product_brand":[],"product_cat":[34],"product_tag":[],"class_list":{"0":"post-761","1":"product","2":"type-product","3":"status-publish","4":"has-post-thumbnail","6":"product_cat-hoerspiel-krimi","8":"first","9":"instock","10":"sale","11":"virtual","12":"purchasable","13":"product-type-simple"},"jetpack_sharing_enabled":true,"_links":{"self":[{"href":"https:\/\/audiobook-24.com\/en\/wp-json\/wp\/v2\/product\/761","targetHints":{"allow":["GET"]}}],"collection":[{"href":"https:\/\/audiobook-24.com\/en\/wp-json\/wp\/v2\/product"}],"about":[{"href":"https:\/\/audiobook-24.com\/en\/wp-json\/wp\/v2\/types\/product"}],"replies":[{"embeddable":true,"href":"https:\/\/audiobook-24.com\/en\/wp-json\/wp\/v2\/comments?post=761"}],"wp:featuredmedia":[{"embeddable":true,"href":"https:\/\/audiobook-24.com\/en\/wp-json\/wp\/v2\/media\/762"}],"wp:attachment":[{"href":"https:\/\/audiobook-24.com\/en\/wp-json\/wp\/v2\/media?parent=761"}],"wp:term":[{"taxonomy":"product_brand","embeddable":true,"href":"https:\/\/audiobook-24.com\/en\/wp-json\/wp\/v2\/product_brand?post=761"},{"taxonomy":"product_cat","embeddable":true,"href":"https:\/\/audiobook-24.com\/en\/wp-json\/wp\/v2\/product_cat?post=761"},{"taxonomy":"product_tag","embeddable":true,"href":"https:\/\/audiobook-24.com\/en\/wp-json\/wp\/v2\/product_tag?post=761"}],"curies":[{"name":"wp","href":"https:\/\/api.w.org\/{rel}","templated":true}]}}