{"id":759,"date":"2025-11-16T15:14:50","date_gmt":"2025-11-16T15:14:50","guid":{"rendered":"https:\/\/audiobook-24.com\/?post_type=product&#038;p=759"},"modified":"2025-11-16T15:14:50","modified_gmt":"2025-11-16T15:14:50","slug":"%f0%9f%8e%a7-hoerspiel-pekunien-und-sylter-spitze-insel-krimi","status":"publish","type":"product","link":"https:\/\/audiobook-24.com\/en\/product\/%f0%9f%8e%a7-hoerspiel-pekunien-und-sylter-spitze-insel-krimi\/","title":{"rendered":"\ud83c\udfa7 H\u00f6rspiel: Pekunien und Sylter Spitze (Insel-Krimi)"},"content":{"rendered":"<p><span style=\"font-size: x-large;\">\ud83c\udfa7\u00a0<strong>H\u00f6rspiel: Pekunien und Sylter Spitze (Insel-Krimi)<\/strong><\/span><\/p>\n<p><span style=\"font-size: x-large;\"><b><br \/>\n<\/b><strong>Inhalt<\/strong><\/span><\/p>\n<p><span style=\"font-size: x-large;\">Sylt \u2013 Luxus, Reichtum und exklusive Adressen. Doch hinter den Fassaden der Sch\u00f6nen und Reichen lauert ein t\u00f6dliches Geheimnis. Ein mysteri\u00f6ser Mord ersch\u00fcttert die Insel, und die Ermittler sto\u00dfen auf ein Geflecht aus Gier, Macht und dunklen Leidenschaften. Je tiefer sie graben, desto deutlicher wird: Auf Sylt ist nichts so gl\u00e4nzend, wie es scheint \u2013 und jeder hat etwas zu verbergen.<\/span><\/p>\n<p><span style=\"font-size: x-large;\">\u2705 Nach der Bezahlung erhalten Sie sofort Ihren Downloadlink f\u00fcr:<br \/>\n\ud83d\udcf1 Handy\u2003|\u2003\ud83d\udcbb Tablet\u2003|\u2003\ud83c\udfa7 MP3\u2003|\u2003\ud83d\udda5\ufe0f PC<\/span><\/p>\n<p><span style=\"font-size: x-large;\">Ein spannungsgeladener Sylt-Krimi mit nordischem Flair, voller Intrigen, Geheimnisse und unerwarteter Wendungen \u2013 den Sie jederzeit und so oft Sie wollen h\u00f6ren k\u00f6nnen!<\/span><\/p>","protected":false},"excerpt":{"rendered":"<p>\ud83c\udfa7\u00a0H\u00f6rspiel: Pekunien und Sylter Spitze (Insel-Krimi) Inhalt Sylt \u2013 Luxus, Reichtum und exklusive Adressen. Doch hinter den Fassaden der Sch\u00f6nen und Reichen lauert ein t\u00f6dliches Geheimnis. Ein mysteri\u00f6ser Mord ersch\u00fcttert die Insel, und die Ermittler sto\u00dfen auf ein Geflecht aus Gier, Macht und dunklen Leidenschaften. Je tiefer sie graben, desto deutlicher wird: Auf Sylt ist [&hellip;]<\/p>\n","protected":false},"featured_media":760,"comment_status":"open","ping_status":"closed","template":"","meta":[],"product_brand":[],"product_cat":[34],"product_tag":[],"class_list":{"0":"post-759","1":"product","2":"type-product","3":"status-publish","4":"has-post-thumbnail","6":"product_cat-hoerspiel-krimi","8":"first","9":"instock","10":"sale","11":"virtual","12":"purchasable","13":"product-type-simple"},"jetpack_sharing_enabled":true,"_links":{"self":[{"href":"https:\/\/audiobook-24.com\/en\/wp-json\/wp\/v2\/product\/759","targetHints":{"allow":["GET"]}}],"collection":[{"href":"https:\/\/audiobook-24.com\/en\/wp-json\/wp\/v2\/product"}],"about":[{"href":"https:\/\/audiobook-24.com\/en\/wp-json\/wp\/v2\/types\/product"}],"replies":[{"embeddable":true,"href":"https:\/\/audiobook-24.com\/en\/wp-json\/wp\/v2\/comments?post=759"}],"wp:featuredmedia":[{"embeddable":true,"href":"https:\/\/audiobook-24.com\/en\/wp-json\/wp\/v2\/media\/760"}],"wp:attachment":[{"href":"https:\/\/audiobook-24.com\/en\/wp-json\/wp\/v2\/media?parent=759"}],"wp:term":[{"taxonomy":"product_brand","embeddable":true,"href":"https:\/\/audiobook-24.com\/en\/wp-json\/wp\/v2\/product_brand?post=759"},{"taxonomy":"product_cat","embeddable":true,"href":"https:\/\/audiobook-24.com\/en\/wp-json\/wp\/v2\/product_cat?post=759"},{"taxonomy":"product_tag","embeddable":true,"href":"https:\/\/audiobook-24.com\/en\/wp-json\/wp\/v2\/product_tag?post=759"}],"curies":[{"name":"wp","href":"https:\/\/api.w.org\/{rel}","templated":true}]}}