{"id":757,"date":"2025-11-16T15:13:04","date_gmt":"2025-11-16T15:13:04","guid":{"rendered":"https:\/\/audiobook-24.com\/?post_type=product&#038;p=757"},"modified":"2025-11-16T15:13:05","modified_gmt":"2025-11-16T15:13:05","slug":"%f0%9f%8e%a7-hoerspiel-markus-topf-timo-reuber-blutmond-ueber-foehr","status":"publish","type":"product","link":"https:\/\/audiobook-24.com\/en\/product\/%f0%9f%8e%a7-hoerspiel-markus-topf-timo-reuber-blutmond-ueber-foehr\/","title":{"rendered":"\ud83c\udfa7 H\u00f6rspiel: Markus Topf &#038; Timo Reuber \u2013 Blutmond \u00fcber F\u00f6hr"},"content":{"rendered":"<div>\n<div>\n<p><span style=\"font-size: x-large;\">\ud83c\udfa7\u00a0<strong>H\u00f6rspiel: Markus Topf &amp; Timo Reuber \u2013 Blutmond \u00fcber F\u00f6hr<\/strong><\/span><\/p>\n<p><span style=\"font-size: x-large;\"><b><br \/>\n<\/b><strong>Inhalt<\/strong><\/span><\/p>\n<p><span style=\"font-size: x-large;\">Ein roter Blutmond steigt \u00fcber F\u00f6hr auf \u2013 und mit ihm beginnt eine Reihe mysteri\u00f6ser und bedrohlicher Ereignisse. Auf der idyllischen Nordseeinsel geschehen unheimliche Vorf\u00e4lle, die die Bewohner verunsichern. Ermittler und Einheimische m\u00fcssen zusammenarbeiten, um dunkle Geheimnisse, alte Rivalit\u00e4ten und gef\u00e4hrliche Machenschaften aufzudecken. Spannung, unerwartete Wendungen und die raue Nordsee-Atmosph\u00e4re machen dieses H\u00f6rspiel zu einem packenden Erlebnis.<\/span><\/p>\n<p><span style=\"font-size: x-large;\">\u2705 Nach der Bezahlung erhalten Sie sofort Ihren pers\u00f6nlichen Downloadlink f\u00fcr:<br \/>\n\ud83d\udcf1 Handy\u2003|\u2003\ud83d\udcbb Tablet\u2003|\u2003\ud83c\udfa7 MP3\u2003|\u2003\ud83d\udda5\ufe0f PC<\/span><\/p>\n<p><span style=\"font-size: x-large;\">Ein fesselnder Insel-Krimi voller Nervenkitzel, Intrigen und Nordsee-Flair \u2013 erleben Sie\u00a0<em>Blutmond \u00fcber F\u00f6hr<\/em>\u00a0jederzeit und so oft Sie wollen!<\/span><\/p>\n<\/div>\n<p>&nbsp;<\/p>\n<\/div>\n<p>&nbsp;<\/p>\n<div>\n<p><span style=\"font-size: x-large;\">\u00a0<\/span><\/p>\n<\/div>","protected":false},"excerpt":{"rendered":"<p>\ud83c\udfa7\u00a0H\u00f6rspiel: Markus Topf &amp; Timo Reuber \u2013 Blutmond \u00fcber F\u00f6hr Inhalt Ein roter Blutmond steigt \u00fcber F\u00f6hr auf \u2013 und mit ihm beginnt eine Reihe mysteri\u00f6ser und bedrohlicher Ereignisse. Auf der idyllischen Nordseeinsel geschehen unheimliche Vorf\u00e4lle, die die Bewohner verunsichern. Ermittler und Einheimische m\u00fcssen zusammenarbeiten, um dunkle Geheimnisse, alte Rivalit\u00e4ten und gef\u00e4hrliche Machenschaften aufzudecken. Spannung, [&hellip;]<\/p>\n","protected":false},"featured_media":758,"comment_status":"open","ping_status":"closed","template":"","meta":[],"product_brand":[],"product_cat":[34],"product_tag":[],"class_list":{"0":"post-757","1":"product","2":"type-product","3":"status-publish","4":"has-post-thumbnail","6":"product_cat-hoerspiel-krimi","8":"first","9":"instock","10":"sale","11":"virtual","12":"purchasable","13":"product-type-simple"},"jetpack_sharing_enabled":true,"_links":{"self":[{"href":"https:\/\/audiobook-24.com\/en\/wp-json\/wp\/v2\/product\/757","targetHints":{"allow":["GET"]}}],"collection":[{"href":"https:\/\/audiobook-24.com\/en\/wp-json\/wp\/v2\/product"}],"about":[{"href":"https:\/\/audiobook-24.com\/en\/wp-json\/wp\/v2\/types\/product"}],"replies":[{"embeddable":true,"href":"https:\/\/audiobook-24.com\/en\/wp-json\/wp\/v2\/comments?post=757"}],"wp:featuredmedia":[{"embeddable":true,"href":"https:\/\/audiobook-24.com\/en\/wp-json\/wp\/v2\/media\/758"}],"wp:attachment":[{"href":"https:\/\/audiobook-24.com\/en\/wp-json\/wp\/v2\/media?parent=757"}],"wp:term":[{"taxonomy":"product_brand","embeddable":true,"href":"https:\/\/audiobook-24.com\/en\/wp-json\/wp\/v2\/product_brand?post=757"},{"taxonomy":"product_cat","embeddable":true,"href":"https:\/\/audiobook-24.com\/en\/wp-json\/wp\/v2\/product_cat?post=757"},{"taxonomy":"product_tag","embeddable":true,"href":"https:\/\/audiobook-24.com\/en\/wp-json\/wp\/v2\/product_tag?post=757"}],"curies":[{"name":"wp","href":"https:\/\/api.w.org\/{rel}","templated":true}]}}