{"id":755,"date":"2025-11-16T15:10:49","date_gmt":"2025-11-16T15:10:49","guid":{"rendered":"https:\/\/audiobook-24.com\/?post_type=product&#038;p=755"},"modified":"2025-11-16T15:10:49","modified_gmt":"2025-11-16T15:10:49","slug":"%f0%9f%8e%a7-hoerspiel-markus-topf-timo-reuber-helgoland-ist-abgebrannt","status":"publish","type":"product","link":"https:\/\/audiobook-24.com\/en\/product\/%f0%9f%8e%a7-hoerspiel-markus-topf-timo-reuber-helgoland-ist-abgebrannt\/","title":{"rendered":"\ud83c\udfa7 H\u00f6rspiel: Markus Topf &#038; Timo Reuber \u2013 Helgoland ist abgebrannt"},"content":{"rendered":"<p><span style=\"font-size: x-large;\">\ud83c\udfa7\u00a0<strong>H\u00f6rspiel: Markus Topf &amp; Timo Reuber \u2013 Helgoland ist abgebrannt<\/strong><\/span><\/p>\n<p><span style=\"font-size: x-large;\"><b><br \/>\n<\/b><strong>Inhalt<\/strong><\/span><\/p>\n<p><span style=\"font-size: x-large;\">Helgoland, die kleine Nordseeinsel, wird von einem verheerenden Feuer ersch\u00fcttert. Doch hinter den Flammen steckt mehr als ein Unfall: Dunkle Machenschaften, Geheimnisse und Intrigen f\u00fchren die Ermittler auf eine gef\u00e4hrliche Spur. Zwischen dramatischen Ereignissen, \u00fcberraschenden Wendungen und der rauen Nordsee-Atmosph\u00e4re beginnt ein spannendes Katz-und-Maus-Spiel, das die Inselbewohner in Atem h\u00e4lt.<\/span><\/p>\n<p><span style=\"font-size: x-large;\">\u2705 Nach der Bezahlung erhalten Sie sofort Ihren pers\u00f6nlichen Downloadlink f\u00fcr:<br \/>\n\ud83d\udcf1 Handy\u2003|\u2003\ud83d\udcbb Tablet\u2003|\u2003\ud83c\udfa7 MP3\u2003|\u2003\ud83d\udda5\ufe0f PC<\/span><\/p>\n<p><span style=\"font-size: x-large;\">Ein packender Insel-Krimi voller Spannung, Geheimnisse und nordischem Flair \u2013 erleben Sie\u00a0<em>Helgoland ist abgebrannt<\/em>\u00a0jederzeit und so oft Sie wollen!<\/span><\/p>","protected":false},"excerpt":{"rendered":"<p>\ud83c\udfa7\u00a0H\u00f6rspiel: Markus Topf &amp; Timo Reuber \u2013 Helgoland ist abgebrannt Inhalt Helgoland, die kleine Nordseeinsel, wird von einem verheerenden Feuer ersch\u00fcttert. Doch hinter den Flammen steckt mehr als ein Unfall: Dunkle Machenschaften, Geheimnisse und Intrigen f\u00fchren die Ermittler auf eine gef\u00e4hrliche Spur. Zwischen dramatischen Ereignissen, \u00fcberraschenden Wendungen und der rauen Nordsee-Atmosph\u00e4re beginnt ein spannendes Katz-und-Maus-Spiel, [&hellip;]<\/p>\n","protected":false},"featured_media":756,"comment_status":"open","ping_status":"closed","template":"","meta":[],"product_brand":[],"product_cat":[34],"product_tag":[],"class_list":{"0":"post-755","1":"product","2":"type-product","3":"status-publish","4":"has-post-thumbnail","6":"product_cat-hoerspiel-krimi","8":"first","9":"instock","10":"sale","11":"virtual","12":"purchasable","13":"product-type-simple"},"jetpack_sharing_enabled":true,"_links":{"self":[{"href":"https:\/\/audiobook-24.com\/en\/wp-json\/wp\/v2\/product\/755","targetHints":{"allow":["GET"]}}],"collection":[{"href":"https:\/\/audiobook-24.com\/en\/wp-json\/wp\/v2\/product"}],"about":[{"href":"https:\/\/audiobook-24.com\/en\/wp-json\/wp\/v2\/types\/product"}],"replies":[{"embeddable":true,"href":"https:\/\/audiobook-24.com\/en\/wp-json\/wp\/v2\/comments?post=755"}],"wp:featuredmedia":[{"embeddable":true,"href":"https:\/\/audiobook-24.com\/en\/wp-json\/wp\/v2\/media\/756"}],"wp:attachment":[{"href":"https:\/\/audiobook-24.com\/en\/wp-json\/wp\/v2\/media?parent=755"}],"wp:term":[{"taxonomy":"product_brand","embeddable":true,"href":"https:\/\/audiobook-24.com\/en\/wp-json\/wp\/v2\/product_brand?post=755"},{"taxonomy":"product_cat","embeddable":true,"href":"https:\/\/audiobook-24.com\/en\/wp-json\/wp\/v2\/product_cat?post=755"},{"taxonomy":"product_tag","embeddable":true,"href":"https:\/\/audiobook-24.com\/en\/wp-json\/wp\/v2\/product_tag?post=755"}],"curies":[{"name":"wp","href":"https:\/\/api.w.org\/{rel}","templated":true}]}}