{"id":751,"date":"2025-11-16T15:04:53","date_gmt":"2025-11-16T15:04:53","guid":{"rendered":"https:\/\/audiobook-24.com\/?post_type=product&#038;p=751"},"modified":"2025-11-16T15:04:53","modified_gmt":"2025-11-16T15:04:53","slug":"teilen-hoerbuch-wildkirschen-erotik-sinnliche-geschichten","status":"publish","type":"product","link":"https:\/\/audiobook-24.com\/en\/product\/teilen-hoerbuch-wildkirschen-erotik-sinnliche-geschichten\/","title":{"rendered":"Teilen H\u00f6rbuch Wildkirschen Erotik \u2013 Sinnliche Geschichten"},"content":{"rendered":"<div>\n<h1><strong><span style=\"font-size: xx-large;\">Wildkirschen Erotik \u2013 Sinnliche Geschichten von Lonnie Barbach<\/span><\/strong><\/h1>\n<h1><strong><span style=\"font-size: xx-large;\"><br \/>\nEin H\u00f6rbuch voller Leidenschaft, Fantasie und prickelnder Momente.<\/span><\/strong><\/h1>\n<p><span style=\"font-size: large;\">\u00a0<\/span><span style=\"font-size: large;\">Lass dich entf\u00fchren in eine Welt, in der\u00a0Sehnsucht und Sinnlichkeit\u00a0zu aufregenden Geschichten verschmelzen. Lonnie Barbach versteht es meisterhaft, die\u00a0geheimen W\u00fcnsche und erotischen Fantasien\u00a0ihrer Figuren lebendig werden zu lassen. Jede Episode erz\u00e4hlt von\u00a0verbotenen Blicken, unerwarteten Begegnungen und aufregenden Momenten der Lust\u00a0\u2013 mal romantisch, mal leidenschaftlich, immer mitrei\u00dfend.<\/span><\/p>\n<p><span style=\"font-size: large;\">\u00a0<\/span><span style=\"font-size: large;\">\u00a0<\/span><span style=\"font-size: large;\">Dieses H\u00f6rbuch ist ein\u00a0Genuss f\u00fcr die Sinne, perfekt f\u00fcr alle, die\u00a0erotische Literatur mit Stil\u00a0lieben und in eine\u00a0Welt voller Verlangen\u00a0eintauchen m\u00f6chten.<\/span><\/p>\n<p><span style=\"font-size: large;\">\u00a0<\/span><span style=\"font-size: large;\">Darum wirst du dieses H\u00f6rbuch lieben:<\/span><\/p>\n<p><span style=\"font-size: large;\">\u00a0<\/span>Sinnliche und spannende Kurzgeschichten<\/p>\n<p><span style=\"font-size: large;\">\u00a0<\/span><span style=\"font-size: large;\">\u00a0<\/span><span style=\"font-size: large;\">Erotische Fantasien zum Genie\u00dfen und Tr\u00e4umen<\/span><\/p>\n<p><span style=\"font-size: large;\">Professionell vorgelesen \u2013 ein prickelndes Erlebnis f\u00fcr die Ohren<\/span><\/p>\n<\/div>\n<div>\n<div>\n<p><span style=\"font-size: large;\"><b>\u2705\u00a0Nach der Bezahlung\u00a0erhalten Sie sofort den pers\u00f6nlichen Downloadlink f\u00fcr:<br \/>\n\ud83d\udcf1\u00a0Handy\u2003|\u2003\ud83d\udcbb\u00a0Tablet\u2003|\u2003\ud83c\udfa7\u00a0MP3-Player\u2003|\u2003\ud83d\udda5\ufe0f\u00a0PC<\/b><\/span><\/p>\n<p><span style=\"font-size: large;\"><b>Ein H\u00f6rspiel voller Spannung, nordischer Atmosph\u00e4re und \u00fcberraschender Wendungen \u2013 erleben Sie Katharina Peters\u2019 Bornholm-Krimi immer wieder aufs Neue!<\/b><\/span><\/p>\n<\/div>\n<p>&nbsp;<\/p>\n<div>\n<p><span style=\"font-size: large;\"><b>\u00a0<\/b><\/span><\/p>\n<\/div>\n<\/div>","protected":false},"excerpt":{"rendered":"<p>Wildkirschen Erotik \u2013 Sinnliche Geschichten von Lonnie Barbach Ein H\u00f6rbuch voller Leidenschaft, Fantasie und prickelnder Momente. \u00a0Lass dich entf\u00fchren in eine Welt, in der\u00a0Sehnsucht und Sinnlichkeit\u00a0zu aufregenden Geschichten verschmelzen. Lonnie Barbach versteht es meisterhaft, die\u00a0geheimen W\u00fcnsche und erotischen Fantasien\u00a0ihrer Figuren lebendig werden zu lassen. Jede Episode erz\u00e4hlt von\u00a0verbotenen Blicken, unerwarteten Begegnungen und aufregenden Momenten der [&hellip;]<\/p>\n","protected":false},"featured_media":752,"comment_status":"open","ping_status":"closed","template":"","meta":[],"product_brand":[],"product_cat":[30],"product_tag":[],"class_list":{"0":"post-751","1":"product","2":"type-product","3":"status-publish","4":"has-post-thumbnail","6":"product_cat-erotik-hoerbuecher","8":"first","9":"instock","10":"sale","11":"virtual","12":"purchasable","13":"product-type-simple"},"jetpack_sharing_enabled":true,"_links":{"self":[{"href":"https:\/\/audiobook-24.com\/en\/wp-json\/wp\/v2\/product\/751","targetHints":{"allow":["GET"]}}],"collection":[{"href":"https:\/\/audiobook-24.com\/en\/wp-json\/wp\/v2\/product"}],"about":[{"href":"https:\/\/audiobook-24.com\/en\/wp-json\/wp\/v2\/types\/product"}],"replies":[{"embeddable":true,"href":"https:\/\/audiobook-24.com\/en\/wp-json\/wp\/v2\/comments?post=751"}],"wp:featuredmedia":[{"embeddable":true,"href":"https:\/\/audiobook-24.com\/en\/wp-json\/wp\/v2\/media\/752"}],"wp:attachment":[{"href":"https:\/\/audiobook-24.com\/en\/wp-json\/wp\/v2\/media?parent=751"}],"wp:term":[{"taxonomy":"product_brand","embeddable":true,"href":"https:\/\/audiobook-24.com\/en\/wp-json\/wp\/v2\/product_brand?post=751"},{"taxonomy":"product_cat","embeddable":true,"href":"https:\/\/audiobook-24.com\/en\/wp-json\/wp\/v2\/product_cat?post=751"},{"taxonomy":"product_tag","embeddable":true,"href":"https:\/\/audiobook-24.com\/en\/wp-json\/wp\/v2\/product_tag?post=751"}],"curies":[{"name":"wp","href":"https:\/\/api.w.org\/{rel}","templated":true}]}}