{"id":747,"date":"2025-11-16T13:52:51","date_gmt":"2025-11-16T13:52:51","guid":{"rendered":"https:\/\/audiobook-24.com\/?post_type=product&#038;p=747"},"modified":"2026-02-16T04:06:12","modified_gmt":"2026-02-16T04:06:12","slug":"%f0%9f%8e%ac-video-der-kurier-2024","status":"publish","type":"product","link":"https:\/\/audiobook-24.com\/en\/product\/%f0%9f%8e%ac-video-der-kurier-2024\/","title":{"rendered":"\ud83c\udfac Video: Der Kurier (2024)"},"content":{"rendered":"<h2><span style=\"font-size: x-large;\">\ud83c\udfac Video: Der Kurier (2024)<\/span><\/h2>\n<h2><span style=\"font-size: x-large;\">Inhalt<\/span><\/h2>\n<p><span style=\"font-size: x-large;\">Der Kinofilm\u00a0<strong>\u201eDer Kurier\u201c (2024)<\/strong>\u00a0erz\u00e4hlt die spannende Geschichte eines Mannes, der in ein gef\u00e4hrliches Netz aus Intrigen, Verrat und t\u00f6dlichen Auftr\u00e4gen ger\u00e4t. Als Kurier transportiert er nicht nur geheime Botschaften, sondern auch dunkle Geheimnisse, die ihn ins Visier skrupelloser Gegner bringen. Zwischen Action, Nervenkitzel und unerwarteten Wendungen muss er ums \u00dcberleben k\u00e4mpfen und eine Wahrheit ans Licht bringen, die alles ver\u00e4ndert.<\/span><\/p>\n<p><span style=\"font-size: x-large;\">\u2705 Nach der Bezahlung erhalten Sie sofort den pers\u00f6nlichen Downloadlink f\u00fcr:<br \/>\n<b>\ud83d\udcf1 Handy\u2003|\u2003\ud83d\udcbb Tablet\u2003|\u2003\ud83c\udfa7 MP4-Player\u2003|\u2003\ud83d\udda5\ufe0f PC<\/b><\/span><\/p>\n<p><span style=\"font-size: x-large;\">Ein\u00a0<strong>Video<\/strong>\u00a0voller Action, Spannung und Intrigen \u2013 genie\u00dfen Sie\u00a0<em>Der Kurier (2024)<\/em>\u00a0jederzeit und so oft Sie wollen!<\/span><\/p>","protected":false},"excerpt":{"rendered":"<p>\ud83c\udfac Video: Der Kurier (2024) Inhalt Der Kinofilm\u00a0\u201eDer Kurier\u201c (2024)\u00a0erz\u00e4hlt die spannende Geschichte eines Mannes, der in ein gef\u00e4hrliches Netz aus Intrigen, Verrat und t\u00f6dlichen Auftr\u00e4gen ger\u00e4t. Als Kurier transportiert er nicht nur geheime Botschaften, sondern auch dunkle Geheimnisse, die ihn ins Visier skrupelloser Gegner bringen. Zwischen Action, Nervenkitzel und unerwarteten Wendungen muss er ums [&hellip;]<\/p>\n","protected":false},"featured_media":748,"comment_status":"open","ping_status":"closed","template":"","meta":[],"product_brand":[],"product_cat":[54,55,22],"product_tag":[],"class_list":{"0":"post-747","1":"product","2":"type-product","3":"status-publish","4":"has-post-thumbnail","6":"product_cat-action","7":"product_cat-thriller","8":"product_cat-videos","10":"first","11":"instock","12":"sale","13":"virtual","14":"purchasable","15":"product-type-simple"},"jetpack_sharing_enabled":true,"_links":{"self":[{"href":"https:\/\/audiobook-24.com\/en\/wp-json\/wp\/v2\/product\/747","targetHints":{"allow":["GET"]}}],"collection":[{"href":"https:\/\/audiobook-24.com\/en\/wp-json\/wp\/v2\/product"}],"about":[{"href":"https:\/\/audiobook-24.com\/en\/wp-json\/wp\/v2\/types\/product"}],"replies":[{"embeddable":true,"href":"https:\/\/audiobook-24.com\/en\/wp-json\/wp\/v2\/comments?post=747"}],"wp:featuredmedia":[{"embeddable":true,"href":"https:\/\/audiobook-24.com\/en\/wp-json\/wp\/v2\/media\/748"}],"wp:attachment":[{"href":"https:\/\/audiobook-24.com\/en\/wp-json\/wp\/v2\/media?parent=747"}],"wp:term":[{"taxonomy":"product_brand","embeddable":true,"href":"https:\/\/audiobook-24.com\/en\/wp-json\/wp\/v2\/product_brand?post=747"},{"taxonomy":"product_cat","embeddable":true,"href":"https:\/\/audiobook-24.com\/en\/wp-json\/wp\/v2\/product_cat?post=747"},{"taxonomy":"product_tag","embeddable":true,"href":"https:\/\/audiobook-24.com\/en\/wp-json\/wp\/v2\/product_tag?post=747"}],"curies":[{"name":"wp","href":"https:\/\/api.w.org\/{rel}","templated":true}]}}