{"id":745,"date":"2025-11-16T13:51:36","date_gmt":"2025-11-16T13:51:36","guid":{"rendered":"https:\/\/audiobook-24.com\/?post_type=product&#038;p=745"},"modified":"2026-02-16T04:04:09","modified_gmt":"2026-02-16T04:04:09","slug":"%f0%9f%8e%ac-video-nobody-2-2025-sofort-zum-downloaden","status":"publish","type":"product","link":"https:\/\/audiobook-24.com\/en\/product\/%f0%9f%8e%ac-video-nobody-2-2025-sofort-zum-downloaden\/","title":{"rendered":"\ud83c\udfac Video: Nobody 2 (2025) sofort zum Downloaden"},"content":{"rendered":"<p><span><span style=\"font-size: xx-large;\"><b>Video: Nobody 2 (2025)<\/b><\/span><\/span><\/p>\n<p><span><span style=\"font-size: xx-large;\"><b><br \/>\n<\/b><\/span><strong><span style=\"font-size: x-large;\">Inhalt<\/span><\/strong><\/span><\/p>\n<p><span><span style=\"font-size: x-large;\"><b>Hutch Mansell (Bob Odenkirk) versucht, mit seiner Familie Ruhe zu finden \u2013 nach den Wirren und moralischen Abgr\u00fcnden aus Teil 1. Um Abstand vom Alltag zu gewinnen, plant er einen gemeinsamen Urlaub in Plummerville, dem Ort, an dem er als Kind sch\u00f6ne Ferien hatte. Doch der Familienfrieden w\u00e4hrt nicht lange: Ein Vorfall in einem Freizeitpark zieht Hutch zur\u00fcck in Gewalt, Intrigen und neue Gegner \u2013 darunter korrupte Sheriff, ein m\u00e4chtiger Park-Besitzer und eine skrupellose Verbrecherin. Zwischen Action und schwarzem Humor muss Hutch alles riskieren, um seine Familie zu sch\u00fctzen.\u00a0cineclub.de+3Cinetixx Filme+3Wikipedia+3<\/b><\/span><\/span><\/p>\n<p><span><span style=\"font-size: x-large;\"><b>\u2705 Nach der Bezahlung erhalten Sie sofort den pers\u00f6nlichen Downloadlink f\u00fcr:<\/b><\/span><\/span><\/p>\n<p><span><span style=\"font-size: x-large;\"><b><br \/>\n\ud83d\udcf1 Handy\u2003|\u2003\ud83d\udcbb Tablet\u2003|\u2003\ud83c\udfa7 MP4-Player\u2003|\u2003\ud83d\udda5\ufe0f PC<\/b><\/span><\/span><\/p>\n<p><span><span style=\"font-size: x-large;\"><b>Ein explosiver Actionfilm mit Spannung, Humor und Dramatik \u2013 erleben Sie\u00a0<em>Nobody 2<\/em>\u00a0jederzeit und so oft Sie wollen!<\/b><\/span><\/span><\/p>","protected":false},"excerpt":{"rendered":"<p>Video: Nobody 2 (2025) Inhalt Hutch Mansell (Bob Odenkirk) versucht, mit seiner Familie Ruhe zu finden \u2013 nach den Wirren und moralischen Abgr\u00fcnden aus Teil 1. Um Abstand vom Alltag zu gewinnen, plant er einen gemeinsamen Urlaub in Plummerville, dem Ort, an dem er als Kind sch\u00f6ne Ferien hatte. Doch der Familienfrieden w\u00e4hrt nicht lange: [&hellip;]<\/p>\n","protected":false},"featured_media":746,"comment_status":"open","ping_status":"closed","template":"","meta":[],"product_brand":[],"product_cat":[54,50,55,22],"product_tag":[],"class_list":{"0":"post-745","1":"product","2":"type-product","3":"status-publish","4":"has-post-thumbnail","6":"product_cat-action","7":"product_cat-aktuelle-filme-2025","8":"product_cat-thriller","9":"product_cat-videos","11":"first","12":"instock","13":"sale","14":"virtual","15":"purchasable","16":"product-type-simple"},"jetpack_sharing_enabled":true,"_links":{"self":[{"href":"https:\/\/audiobook-24.com\/en\/wp-json\/wp\/v2\/product\/745","targetHints":{"allow":["GET"]}}],"collection":[{"href":"https:\/\/audiobook-24.com\/en\/wp-json\/wp\/v2\/product"}],"about":[{"href":"https:\/\/audiobook-24.com\/en\/wp-json\/wp\/v2\/types\/product"}],"replies":[{"embeddable":true,"href":"https:\/\/audiobook-24.com\/en\/wp-json\/wp\/v2\/comments?post=745"}],"wp:featuredmedia":[{"embeddable":true,"href":"https:\/\/audiobook-24.com\/en\/wp-json\/wp\/v2\/media\/746"}],"wp:attachment":[{"href":"https:\/\/audiobook-24.com\/en\/wp-json\/wp\/v2\/media?parent=745"}],"wp:term":[{"taxonomy":"product_brand","embeddable":true,"href":"https:\/\/audiobook-24.com\/en\/wp-json\/wp\/v2\/product_brand?post=745"},{"taxonomy":"product_cat","embeddable":true,"href":"https:\/\/audiobook-24.com\/en\/wp-json\/wp\/v2\/product_cat?post=745"},{"taxonomy":"product_tag","embeddable":true,"href":"https:\/\/audiobook-24.com\/en\/wp-json\/wp\/v2\/product_tag?post=745"}],"curies":[{"name":"wp","href":"https:\/\/api.w.org\/{rel}","templated":true}]}}