{"id":743,"date":"2025-11-16T13:50:10","date_gmt":"2025-11-16T13:50:10","guid":{"rendered":"https:\/\/audiobook-24.com\/?post_type=product&#038;p=743"},"modified":"2026-02-16T04:07:11","modified_gmt":"2026-02-16T04:07:11","slug":"%f0%9f%8e%ac-video-asterix-im-land-der-goetter-sofort-zum-downloaden","status":"publish","type":"product","link":"https:\/\/audiobook-24.com\/en\/product\/%f0%9f%8e%ac-video-asterix-im-land-der-goetter-sofort-zum-downloaden\/","title":{"rendered":"\ud83c\udfac Video: Asterix im Land der G\u00f6tter sofort zum Downloaden"},"content":{"rendered":"<div>\n<div>\n<h1>\ud83c\udfac\u00a0<strong>Video: Asterix im Land der G\u00f6tter<\/strong><\/h1>\n<p><span style=\"font-size: x-large;\"><b><br \/>\n<\/b><strong>Inhalt<\/strong><\/span><\/p>\n<p><span style=\"font-size: x-large;\"><b>Im Film\u00a0<em>Asterix im Land der G\u00f6tter<\/em>\u00a0stehen die unbeugsamen Gallier vor einer neuen Herausforderung: Julius C\u00e4sar will ihr Dorf nicht l\u00e4nger mit Gewalt besiegen, sondern durch eine clevere List \u2013 er l\u00e4sst direkt nebenan eine pr\u00e4chtige r\u00f6mische Stadt errichten. Mit List, Humor und ein wenig Zaubertrank stellen sich Asterix und Obelix dem raffinierten Plan entgegen. Dabei geraten die Gallier in turbulente Abenteuer, die voller Witz und Spannung stecken.<\/b><\/span><\/p>\n<p><span style=\"font-size: x-large;\"><b>\u2705 Nach der Bezahlung erhalten Sie sofort Ihren pers\u00f6nlichen Downloadlink f\u00fcr:<\/b><\/span><\/p>\n<p><span style=\"font-size: x-large;\"><br \/>\n<b>\ud83d\udcf1 Handy\u2003|\u2003\ud83d\udcbb Tablet\u2003|\u2003\ud83d\udda5\ufe0f PC\u2003|\u2003\ud83c\udfa7 MP4-Player<\/b><\/span><\/p>\n<p><span style=\"font-size: x-large;\"><b>Ein Video voller Humor, Abenteuer und cleverer Wendungen \u2013 erleben Sie\u00a0<em>Asterix im Land der G\u00f6tter<\/em>\u00a0jederzeit und so oft Sie wollen!<\/b><\/span><\/p>\n<\/div>\n<p>&nbsp;<\/p>\n<\/div>\n<p>&nbsp;<\/p>\n<div>\n<p><span style=\"font-size: x-large;\"><b>\u00a0<\/b><\/span><\/p>\n<\/div>","protected":false},"excerpt":{"rendered":"<p>\ud83c\udfac\u00a0Video: Asterix im Land der G\u00f6tter Inhalt Im Film\u00a0Asterix im Land der G\u00f6tter\u00a0stehen die unbeugsamen Gallier vor einer neuen Herausforderung: Julius C\u00e4sar will ihr Dorf nicht l\u00e4nger mit Gewalt besiegen, sondern durch eine clevere List \u2013 er l\u00e4sst direkt nebenan eine pr\u00e4chtige r\u00f6mische Stadt errichten. Mit List, Humor und ein wenig Zaubertrank stellen sich Asterix [&hellip;]<\/p>\n","protected":false},"featured_media":744,"comment_status":"open","ping_status":"closed","template":"","meta":[],"product_brand":[],"product_cat":[52,22,53],"product_tag":[],"class_list":{"0":"post-743","1":"product","2":"type-product","3":"status-publish","4":"has-post-thumbnail","6":"product_cat-comic","7":"product_cat-videos","8":"product_cat-walt-disney","10":"first","11":"instock","12":"sale","13":"virtual","14":"purchasable","15":"product-type-simple"},"jetpack_sharing_enabled":true,"_links":{"self":[{"href":"https:\/\/audiobook-24.com\/en\/wp-json\/wp\/v2\/product\/743","targetHints":{"allow":["GET"]}}],"collection":[{"href":"https:\/\/audiobook-24.com\/en\/wp-json\/wp\/v2\/product"}],"about":[{"href":"https:\/\/audiobook-24.com\/en\/wp-json\/wp\/v2\/types\/product"}],"replies":[{"embeddable":true,"href":"https:\/\/audiobook-24.com\/en\/wp-json\/wp\/v2\/comments?post=743"}],"wp:featuredmedia":[{"embeddable":true,"href":"https:\/\/audiobook-24.com\/en\/wp-json\/wp\/v2\/media\/744"}],"wp:attachment":[{"href":"https:\/\/audiobook-24.com\/en\/wp-json\/wp\/v2\/media?parent=743"}],"wp:term":[{"taxonomy":"product_brand","embeddable":true,"href":"https:\/\/audiobook-24.com\/en\/wp-json\/wp\/v2\/product_brand?post=743"},{"taxonomy":"product_cat","embeddable":true,"href":"https:\/\/audiobook-24.com\/en\/wp-json\/wp\/v2\/product_cat?post=743"},{"taxonomy":"product_tag","embeddable":true,"href":"https:\/\/audiobook-24.com\/en\/wp-json\/wp\/v2\/product_tag?post=743"}],"curies":[{"name":"wp","href":"https:\/\/api.w.org\/{rel}","templated":true}]}}