{"id":741,"date":"2025-11-16T13:48:54","date_gmt":"2025-11-16T13:48:54","guid":{"rendered":"https:\/\/audiobook-24.com\/?post_type=product&#038;p=741"},"modified":"2026-02-16T04:07:33","modified_gmt":"2026-02-16T04:07:33","slug":"%f0%9f%8e%ac-video-asterix-und-das-geheimnis-des-zaubertranks-sofort-zum-downloaden","status":"publish","type":"product","link":"https:\/\/audiobook-24.com\/en\/product\/%f0%9f%8e%ac-video-asterix-und-das-geheimnis-des-zaubertranks-sofort-zum-downloaden\/","title":{"rendered":"\ud83c\udfac Video: Asterix und das Geheimnis des Zaubertranks sofort zum Downloaden"},"content":{"rendered":"<p><span style=\"font-size: xx-large;\">\ud83c\udfac\u00a0<strong>Video: Asterix und das Geheimnis des Zaubertranks<\/strong><\/span><\/p>\n<p><span style=\"font-size: xx-large;\"><b><br \/>\n<\/b><\/span><strong><span style=\"font-size: x-large;\">Inhalt<\/span><\/strong><\/p>\n<p><span style=\"font-size: x-large;\"><b>In diesem spannenden Animationsabenteuer stehen Asterix und Obelix vor einer ganz besonderen Mission: Der weise Druide Miraculix hat sich bei einem Sturz verletzt und erkennt, dass er nicht ewig jung bleibt. Um die Zukunft des Dorfes zu sichern, will er sein geheimes Rezept f\u00fcr den Zaubertrank \u2013 das gr\u00f6\u00dfte Geheimnis der Gallier \u2013 an einen w\u00fcrdigen Nachfolger weitergeben.<\/b><\/span><\/p>\n<p><span style=\"font-size: x-large;\"><b>Gemeinsam mit Asterix, Obelix und dem kleinen Idefix begibt sich Miraculix auf eine abenteuerliche Reise durch ganz Gallien, um den idealen jungen Druiden zu finden. Doch die Mission bleibt nicht unbemerkt: Der b\u00f6se Druide D\u00e4monix will das Rezept an sich rei\u00dfen und f\u00fcr seine eigenen finsteren Zwecke nutzen.<\/b><\/span><\/p>\n<p><span style=\"font-size: x-large;\"><b>Es beginnt ein Wettlauf gegen die Zeit \u2013 voller magischer Momente, lustiger Szenen und spannender Wendungen. Ein moderner Asterix-Film mit viel Herz, Humor und einem starken Fokus auf Freundschaft, Tradition und Mut.<\/b><\/span><\/p>\n<p><span style=\"font-size: x-large;\"><b>\u2705<\/b>\u00a0<b>Nach der Bezahlung erhalten Sie sofort Ihren pers\u00f6nlichen Downloadlink f\u00fcr:<\/b><\/span><\/p>\n<p><span style=\"font-size: x-large;\"><b><br \/>\n\ud83d\udcf1\u00a0Handy\u2003|\u2003\ud83d\udcbb\u00a0Tablet\u2003|\u2003\ud83d\udda5\ufe0f\u00a0PC\u2003|\u2003\ud83c\udfa7\u00a0MP4-Player<\/b><\/span><\/p>\n<p><span style=\"font-size: x-large;\"><b>\ud83c\udf89\u00a0Erleben Sie Asterix und das Geheimnis des Zaubertranks wann und wo Sie wollen \u2013 so oft Sie m\u00f6chten!<br \/>\nEin humorvolles und herzerw\u00e4rmendes Abenteuer f\u00fcr die ganze Familie \u2013 modern erz\u00e4hlt und liebevoll animiert<\/b><\/span><\/p>","protected":false},"excerpt":{"rendered":"<p>\ud83c\udfac\u00a0Video: Asterix und das Geheimnis des Zaubertranks Inhalt In diesem spannenden Animationsabenteuer stehen Asterix und Obelix vor einer ganz besonderen Mission: Der weise Druide Miraculix hat sich bei einem Sturz verletzt und erkennt, dass er nicht ewig jung bleibt. Um die Zukunft des Dorfes zu sichern, will er sein geheimes Rezept f\u00fcr den Zaubertrank \u2013 [&hellip;]<\/p>\n","protected":false},"featured_media":742,"comment_status":"open","ping_status":"closed","template":"","meta":[],"product_brand":[],"product_cat":[52,22,53],"product_tag":[],"class_list":{"0":"post-741","1":"product","2":"type-product","3":"status-publish","4":"has-post-thumbnail","6":"product_cat-comic","7":"product_cat-videos","8":"product_cat-walt-disney","10":"first","11":"instock","12":"sale","13":"virtual","14":"purchasable","15":"product-type-simple"},"jetpack_sharing_enabled":true,"_links":{"self":[{"href":"https:\/\/audiobook-24.com\/en\/wp-json\/wp\/v2\/product\/741","targetHints":{"allow":["GET"]}}],"collection":[{"href":"https:\/\/audiobook-24.com\/en\/wp-json\/wp\/v2\/product"}],"about":[{"href":"https:\/\/audiobook-24.com\/en\/wp-json\/wp\/v2\/types\/product"}],"replies":[{"embeddable":true,"href":"https:\/\/audiobook-24.com\/en\/wp-json\/wp\/v2\/comments?post=741"}],"wp:featuredmedia":[{"embeddable":true,"href":"https:\/\/audiobook-24.com\/en\/wp-json\/wp\/v2\/media\/742"}],"wp:attachment":[{"href":"https:\/\/audiobook-24.com\/en\/wp-json\/wp\/v2\/media?parent=741"}],"wp:term":[{"taxonomy":"product_brand","embeddable":true,"href":"https:\/\/audiobook-24.com\/en\/wp-json\/wp\/v2\/product_brand?post=741"},{"taxonomy":"product_cat","embeddable":true,"href":"https:\/\/audiobook-24.com\/en\/wp-json\/wp\/v2\/product_cat?post=741"},{"taxonomy":"product_tag","embeddable":true,"href":"https:\/\/audiobook-24.com\/en\/wp-json\/wp\/v2\/product_tag?post=741"}],"curies":[{"name":"wp","href":"https:\/\/api.w.org\/{rel}","templated":true}]}}