{"id":739,"date":"2025-11-16T13:47:37","date_gmt":"2025-11-16T13:47:37","guid":{"rendered":"https:\/\/audiobook-24.com\/?post_type=product&#038;p=739"},"modified":"2025-11-16T13:47:38","modified_gmt":"2025-11-16T13:47:38","slug":"%f0%9f%8e%ac-asterix-und-obelix-im-auftrag-ihrer-majestaet-sofort-zum-downloaden","status":"publish","type":"product","link":"https:\/\/audiobook-24.com\/en\/product\/%f0%9f%8e%ac-asterix-und-obelix-im-auftrag-ihrer-majestaet-sofort-zum-downloaden\/","title":{"rendered":"\ud83c\udfac Asterix und Obelix \u2013 Im Auftrag Ihrer Majest\u00e4t sofort zum Downloaden"},"content":{"rendered":"<p><span><span style=\"font-size: xx-large;\"><b>\ud83c\udfac\u00a0Asterix und Obelix \u2013 Im Auftrag Ihrer Majest\u00e4t<\/b><\/span><\/span><\/p>\n<p><span><span style=\"font-size: xx-large;\"><b>Inhalt<\/b><\/span><\/span><\/p>\n<p><span><span style=\"font-size: x-large;\"><b>Asterix und Obelix reisen nach Britannien, um einer verzweifelten K\u00f6nigin zu helfen, die von Julius C\u00e4sars Legionen bedroht wird. Mit Zaubertrank, Mut und typisch gallischem Humor stellen sie sich den R\u00f6mern entgegen. Ein Abenteuer voller Witz, Charme und turbulenter Begegnungen.<\/b><\/span><\/span><\/p>\n<p><span><strong><span style=\"font-size: x-large;\">\u2705 Nach der Bezahlung erhalten Sie sofort Ihren pers\u00f6nlichen Downloadlink \u2013\u00a0<\/span><\/strong><\/span><\/p>\n<p><span><strong><span style=\"font-size: x-large;\">f\u00fcr Handy, Tablet, PC oder MP4-Player.<\/span><\/strong><\/span><\/p>","protected":false},"excerpt":{"rendered":"<p>\ud83c\udfac\u00a0Asterix und Obelix \u2013 Im Auftrag Ihrer Majest\u00e4t Inhalt Asterix und Obelix reisen nach Britannien, um einer verzweifelten K\u00f6nigin zu helfen, die von Julius C\u00e4sars Legionen bedroht wird. Mit Zaubertrank, Mut und typisch gallischem Humor stellen sie sich den R\u00f6mern entgegen. Ein Abenteuer voller Witz, Charme und turbulenter Begegnungen. \u2705 Nach der Bezahlung erhalten Sie [&hellip;]<\/p>\n","protected":false},"featured_media":740,"comment_status":"open","ping_status":"closed","template":"","meta":[],"product_brand":[],"product_cat":[22],"product_tag":[],"class_list":{"0":"post-739","1":"product","2":"type-product","3":"status-publish","4":"has-post-thumbnail","6":"product_cat-videos","8":"first","9":"instock","10":"sale","11":"virtual","12":"purchasable","13":"product-type-simple"},"jetpack_sharing_enabled":true,"_links":{"self":[{"href":"https:\/\/audiobook-24.com\/en\/wp-json\/wp\/v2\/product\/739","targetHints":{"allow":["GET"]}}],"collection":[{"href":"https:\/\/audiobook-24.com\/en\/wp-json\/wp\/v2\/product"}],"about":[{"href":"https:\/\/audiobook-24.com\/en\/wp-json\/wp\/v2\/types\/product"}],"replies":[{"embeddable":true,"href":"https:\/\/audiobook-24.com\/en\/wp-json\/wp\/v2\/comments?post=739"}],"wp:featuredmedia":[{"embeddable":true,"href":"https:\/\/audiobook-24.com\/en\/wp-json\/wp\/v2\/media\/740"}],"wp:attachment":[{"href":"https:\/\/audiobook-24.com\/en\/wp-json\/wp\/v2\/media?parent=739"}],"wp:term":[{"taxonomy":"product_brand","embeddable":true,"href":"https:\/\/audiobook-24.com\/en\/wp-json\/wp\/v2\/product_brand?post=739"},{"taxonomy":"product_cat","embeddable":true,"href":"https:\/\/audiobook-24.com\/en\/wp-json\/wp\/v2\/product_cat?post=739"},{"taxonomy":"product_tag","embeddable":true,"href":"https:\/\/audiobook-24.com\/en\/wp-json\/wp\/v2\/product_tag?post=739"}],"curies":[{"name":"wp","href":"https:\/\/api.w.org\/{rel}","templated":true}]}}