{"id":735,"date":"2025-11-16T13:44:39","date_gmt":"2025-11-16T13:44:39","guid":{"rendered":"https:\/\/audiobook-24.com\/?post_type=product&#038;p=735"},"modified":"2026-02-16T04:08:06","modified_gmt":"2026-02-16T04:08:06","slug":"%f0%9f%8e%ac-video-asterix-operation-hinkelstein-sofort-zum-downloaden","status":"publish","type":"product","link":"https:\/\/audiobook-24.com\/en\/product\/%f0%9f%8e%ac-video-asterix-operation-hinkelstein-sofort-zum-downloaden\/","title":{"rendered":"\ud83c\udfac Video Asterix \u2013 Operation Hinkelstein sofort zum Downloaden"},"content":{"rendered":"<p><span><b><span style=\"font-size: xx-large;\">\ud83c\udfac\u00a0<strong>Asterix \u2013 Operation Hinkelstein<\/strong><\/span><\/b><\/span><\/p>\n<p><span><b><span style=\"font-size: x-large;\">Asterix und Obelix m\u00fcssen das gestohlene Hinkelsteinlager des Dorfes zur\u00fcckholen, das von listigen R\u00f6mern entwendet wurde. Mit cleveren Pl\u00e4nen, Mut und jeder Menge Humor stellen sie sich den Dieben entgegen. Ein turbulentes Abenteuer voller Witz, Charme und typisch gallischer Action.<\/span><\/b><\/span><\/p>\n<p><span><b><strong><span style=\"font-size: x-large;\">\u2705 Nach der Bezahlung erhalten Sie sofort Ihren pers\u00f6nlichen Downloadlink \u2013\u00a0<\/span><\/strong><\/b><\/span><\/p>\n<p><span><b><strong><span style=\"font-size: x-large;\">f\u00fcr Handy, Tablet, PC oder MP4-Player.<\/span><\/strong><\/b><\/span><\/p>","protected":false},"excerpt":{"rendered":"<p>\ud83c\udfac\u00a0Asterix \u2013 Operation Hinkelstein Asterix und Obelix m\u00fcssen das gestohlene Hinkelsteinlager des Dorfes zur\u00fcckholen, das von listigen R\u00f6mern entwendet wurde. Mit cleveren Pl\u00e4nen, Mut und jeder Menge Humor stellen sie sich den Dieben entgegen. Ein turbulentes Abenteuer voller Witz, Charme und typisch gallischer Action. \u2705 Nach der Bezahlung erhalten Sie sofort Ihren pers\u00f6nlichen Downloadlink \u2013\u00a0 [&hellip;]<\/p>\n","protected":false},"featured_media":736,"comment_status":"open","ping_status":"closed","template":"","meta":[],"product_brand":[],"product_cat":[52,22,53],"product_tag":[],"class_list":{"0":"post-735","1":"product","2":"type-product","3":"status-publish","4":"has-post-thumbnail","6":"product_cat-comic","7":"product_cat-videos","8":"product_cat-walt-disney","10":"first","11":"instock","12":"sale","13":"virtual","14":"purchasable","15":"product-type-simple"},"jetpack_sharing_enabled":true,"_links":{"self":[{"href":"https:\/\/audiobook-24.com\/en\/wp-json\/wp\/v2\/product\/735","targetHints":{"allow":["GET"]}}],"collection":[{"href":"https:\/\/audiobook-24.com\/en\/wp-json\/wp\/v2\/product"}],"about":[{"href":"https:\/\/audiobook-24.com\/en\/wp-json\/wp\/v2\/types\/product"}],"replies":[{"embeddable":true,"href":"https:\/\/audiobook-24.com\/en\/wp-json\/wp\/v2\/comments?post=735"}],"wp:featuredmedia":[{"embeddable":true,"href":"https:\/\/audiobook-24.com\/en\/wp-json\/wp\/v2\/media\/736"}],"wp:attachment":[{"href":"https:\/\/audiobook-24.com\/en\/wp-json\/wp\/v2\/media?parent=735"}],"wp:term":[{"taxonomy":"product_brand","embeddable":true,"href":"https:\/\/audiobook-24.com\/en\/wp-json\/wp\/v2\/product_brand?post=735"},{"taxonomy":"product_cat","embeddable":true,"href":"https:\/\/audiobook-24.com\/en\/wp-json\/wp\/v2\/product_cat?post=735"},{"taxonomy":"product_tag","embeddable":true,"href":"https:\/\/audiobook-24.com\/en\/wp-json\/wp\/v2\/product_tag?post=735"}],"curies":[{"name":"wp","href":"https:\/\/api.w.org\/{rel}","templated":true}]}}