{"id":733,"date":"2025-11-16T13:43:04","date_gmt":"2025-11-16T13:43:04","guid":{"rendered":"https:\/\/audiobook-24.com\/?post_type=product&#038;p=733"},"modified":"2026-02-16T04:08:55","modified_gmt":"2026-02-16T04:08:55","slug":"%f0%9f%8e%ac-video-john-sinclair-ich-toete-jeden-sofortiger-downloadlink","status":"publish","type":"product","link":"https:\/\/audiobook-24.com\/en\/product\/%f0%9f%8e%ac-video-john-sinclair-ich-toete-jeden-sofortiger-downloadlink\/","title":{"rendered":"\ud83c\udfac Video: John Sinclair \u2013 Ich t\u00f6te jeden sofortiger Downloadlink"},"content":{"rendered":"<div>\n<p><span><b><span style=\"font-size: xx-large;\">\ud83c\udfac\u00a0<strong>Video: John Sinclair \u2013 Ich t\u00f6te jeden<\/strong><\/span><\/b><\/span><\/p>\n<p><span><b><span style=\"font-size: x-large;\">John Sinclair muss einem neuen, skrupellosen Gegner gegen\u00fcbertreten, der vor nichts zur\u00fcckschreckt. Mit Mut, Scharfsinn und seinen treuen Begleitern stellt er sich dem m\u00f6rderischen Plan und versucht, unschuldige Menschen zu sch\u00fctzen. Ein spannendes H\u00f6rspiel voller Nervenkitzel, Action und unheimlicher Momente.<\/span><\/b><\/span><\/p>\n<p><span><b><strong><span style=\"font-size: x-large;\">\u2705 Nach der Bezahlung erhalten Sie sofort Ihren pers\u00f6nlichen Downloadlink \u2013<\/span><\/strong><\/b><\/span><\/p>\n<p><span><b><strong><span style=\"font-size: x-large;\"><br \/>\nf\u00fcr \ud83d\udcf1 Handy | \ud83d\udcbb Tablet | \ud83d\udda5\ufe0f PC | \ud83c\udfac MP4-Player \u2013<br \/>\nund k\u00f6nnen ihn jederzeit und so oft Sie wollen genie\u00dfen.<\/span><\/strong><\/b><\/span><\/p>\n<\/div>\n<p>&nbsp;<\/p>\n<div>\n<p><b><span style=\"font-size: x-large;\">\u00a0<\/span><\/b><\/p>\n<\/div>","protected":false},"excerpt":{"rendered":"<p>\ud83c\udfac\u00a0Video: John Sinclair \u2013 Ich t\u00f6te jeden John Sinclair muss einem neuen, skrupellosen Gegner gegen\u00fcbertreten, der vor nichts zur\u00fcckschreckt. Mit Mut, Scharfsinn und seinen treuen Begleitern stellt er sich dem m\u00f6rderischen Plan und versucht, unschuldige Menschen zu sch\u00fctzen. Ein spannendes H\u00f6rspiel voller Nervenkitzel, Action und unheimlicher Momente. \u2705 Nach der Bezahlung erhalten Sie sofort Ihren [&hellip;]<\/p>\n","protected":false},"featured_media":734,"comment_status":"open","ping_status":"closed","template":"","meta":[],"product_brand":[],"product_cat":[56,22],"product_tag":[],"class_list":{"0":"post-733","1":"product","2":"type-product","3":"status-publish","4":"has-post-thumbnail","6":"product_cat-grusel-horror","7":"product_cat-videos","9":"first","10":"instock","11":"sale","12":"virtual","13":"purchasable","14":"product-type-simple"},"jetpack_sharing_enabled":true,"_links":{"self":[{"href":"https:\/\/audiobook-24.com\/en\/wp-json\/wp\/v2\/product\/733","targetHints":{"allow":["GET"]}}],"collection":[{"href":"https:\/\/audiobook-24.com\/en\/wp-json\/wp\/v2\/product"}],"about":[{"href":"https:\/\/audiobook-24.com\/en\/wp-json\/wp\/v2\/types\/product"}],"replies":[{"embeddable":true,"href":"https:\/\/audiobook-24.com\/en\/wp-json\/wp\/v2\/comments?post=733"}],"wp:featuredmedia":[{"embeddable":true,"href":"https:\/\/audiobook-24.com\/en\/wp-json\/wp\/v2\/media\/734"}],"wp:attachment":[{"href":"https:\/\/audiobook-24.com\/en\/wp-json\/wp\/v2\/media?parent=733"}],"wp:term":[{"taxonomy":"product_brand","embeddable":true,"href":"https:\/\/audiobook-24.com\/en\/wp-json\/wp\/v2\/product_brand?post=733"},{"taxonomy":"product_cat","embeddable":true,"href":"https:\/\/audiobook-24.com\/en\/wp-json\/wp\/v2\/product_cat?post=733"},{"taxonomy":"product_tag","embeddable":true,"href":"https:\/\/audiobook-24.com\/en\/wp-json\/wp\/v2\/product_tag?post=733"}],"curies":[{"name":"wp","href":"https:\/\/api.w.org\/{rel}","templated":true}]}}