{"id":727,"date":"2025-11-16T13:39:04","date_gmt":"2025-11-16T13:39:04","guid":{"rendered":"https:\/\/audiobook-24.com\/?post_type=product&#038;p=727"},"modified":"2026-02-16T04:09:59","modified_gmt":"2026-02-16T04:09:59","slug":"%f0%9f%8e%ac-video-john-sinclair-anruf-aus-dem-jenseits-sofortiger-downloadlink","status":"publish","type":"product","link":"https:\/\/audiobook-24.com\/en\/product\/%f0%9f%8e%ac-video-john-sinclair-anruf-aus-dem-jenseits-sofortiger-downloadlink\/","title":{"rendered":"\ud83c\udfac Video: John Sinclair \u2013 Anruf aus dem Jenseits sofortiger Downloadlink"},"content":{"rendered":"<p><span>\ud83c\udfac\u00a0<strong>Video: John Sinclair \u2013 Anruf aus dem Jenseits<\/strong><\/span><\/p>\n<p><span><span style=\"font-size: x-large;\">John Sinclair erh\u00e4lt einen mysteri\u00f6sen Anruf, der ihn zu einem d\u00fcsteren Geheimnis f\u00fchrt. Mit Mut, Scharfsinn und seinen treuen Begleitern muss er \u00fcbernat\u00fcrliche Gefahren bek\u00e4mpfen und Unschuldige sch\u00fctzen. Ein spannendes H\u00f6rspiel voller Nervenkitzel, Action und unheimlicher Momente.<\/span><\/span><\/p>\n<p><span><strong><span style=\"font-size: x-large;\">\u2705 Nach der Bezahlung erhalten Sie sofort Ihren pers\u00f6nlichen Downloadlink \u2013<\/span><\/strong><\/span><\/p>\n<p><span><strong><span style=\"font-size: x-large;\"><br \/>\nf\u00fcr \ud83d\udcf1 Handy | \ud83d\udcbb Tablet | \ud83d\udda5\ufe0f PC | \ud83c\udfac MP4-Player \u2013<br \/>\nund k\u00f6nnen ihn jederzeit und so oft Sie wollen genie\u00dfen.<\/span><\/strong><\/span><\/p>","protected":false},"excerpt":{"rendered":"<p>\ud83c\udfac\u00a0Video: John Sinclair \u2013 Anruf aus dem Jenseits John Sinclair erh\u00e4lt einen mysteri\u00f6sen Anruf, der ihn zu einem d\u00fcsteren Geheimnis f\u00fchrt. Mit Mut, Scharfsinn und seinen treuen Begleitern muss er \u00fcbernat\u00fcrliche Gefahren bek\u00e4mpfen und Unschuldige sch\u00fctzen. Ein spannendes H\u00f6rspiel voller Nervenkitzel, Action und unheimlicher Momente. \u2705 Nach der Bezahlung erhalten Sie sofort Ihren pers\u00f6nlichen Downloadlink [&hellip;]<\/p>\n","protected":false},"featured_media":728,"comment_status":"open","ping_status":"closed","template":"","meta":[],"product_brand":[],"product_cat":[56,22],"product_tag":[],"class_list":{"0":"post-727","1":"product","2":"type-product","3":"status-publish","4":"has-post-thumbnail","6":"product_cat-grusel-horror","7":"product_cat-videos","9":"first","10":"instock","11":"sale","12":"virtual","13":"purchasable","14":"product-type-simple"},"jetpack_sharing_enabled":true,"_links":{"self":[{"href":"https:\/\/audiobook-24.com\/en\/wp-json\/wp\/v2\/product\/727","targetHints":{"allow":["GET"]}}],"collection":[{"href":"https:\/\/audiobook-24.com\/en\/wp-json\/wp\/v2\/product"}],"about":[{"href":"https:\/\/audiobook-24.com\/en\/wp-json\/wp\/v2\/types\/product"}],"replies":[{"embeddable":true,"href":"https:\/\/audiobook-24.com\/en\/wp-json\/wp\/v2\/comments?post=727"}],"wp:featuredmedia":[{"embeddable":true,"href":"https:\/\/audiobook-24.com\/en\/wp-json\/wp\/v2\/media\/728"}],"wp:attachment":[{"href":"https:\/\/audiobook-24.com\/en\/wp-json\/wp\/v2\/media?parent=727"}],"wp:term":[{"taxonomy":"product_brand","embeddable":true,"href":"https:\/\/audiobook-24.com\/en\/wp-json\/wp\/v2\/product_brand?post=727"},{"taxonomy":"product_cat","embeddable":true,"href":"https:\/\/audiobook-24.com\/en\/wp-json\/wp\/v2\/product_cat?post=727"},{"taxonomy":"product_tag","embeddable":true,"href":"https:\/\/audiobook-24.com\/en\/wp-json\/wp\/v2\/product_tag?post=727"}],"curies":[{"name":"wp","href":"https:\/\/api.w.org\/{rel}","templated":true}]}}