{"id":725,"date":"2025-11-16T13:37:53","date_gmt":"2025-11-16T13:37:53","guid":{"rendered":"https:\/\/audiobook-24.com\/?post_type=product&#038;p=725"},"modified":"2026-02-16T04:10:08","modified_gmt":"2026-02-16T04:10:08","slug":"%f0%9f%8e%ac-video-john-sinclair-der-sensenmann-als-hochzeitstag-sofortiger-downloadlink","status":"publish","type":"product","link":"https:\/\/audiobook-24.com\/en\/product\/%f0%9f%8e%ac-video-john-sinclair-der-sensenmann-als-hochzeitstag-sofortiger-downloadlink\/","title":{"rendered":"\ud83c\udfac Video: John Sinclair Der Sensenmann als Hochzeitstag sofortiger Downloadlink"},"content":{"rendered":"<div>\n<div>\n<p><span style=\"font-size: xx-large;\">\ud83c\udfac\u00a0<strong>Video: John Sinclair \u2013 Der Sensenmann als Hochzeitsgast<\/strong><\/span><\/p>\n<p><span style=\"font-size: x-large;\">John Sinclair muss einem r\u00e4tselhaften Fall auf den Grund gehen, bei dem der Sensenmann auf einer Hochzeit auftaucht und Schrecken verbreitet. Mit Mut, Scharfsinn und seinen treuen Begleitern k\u00e4mpft er gegen \u00fcbernat\u00fcrliche Gefahren. Ein spannendes H\u00f6rspiel voller Nervenkitzel, Action und unheimlicher Momente.<\/span><\/p>\n<p><strong><span style=\"font-size: x-large;\">\u2705 Nach der Bezahlung erhalten Sie sofort Ihren pers\u00f6nlichen Downloadlink \u2013<\/span><\/strong><\/p>\n<p><strong><span style=\"font-size: x-large;\"><br \/>\nf\u00fcr \ud83d\udcf1 Handy | \ud83d\udcbb Tablet | \ud83d\udda5\ufe0f PC | \ud83c\udfac MP4-Player \u2013<br \/>\nund k\u00f6nnen ihn jederzeit und so oft Sie wollen genie\u00dfen.<\/span><\/strong><\/p>\n<\/div>\n<p>&nbsp;<\/p>\n<\/div>\n<div>\n<div>\n<p><b><span style=\"font-size: x-large;\">\u00a0<\/span><\/b><\/p>\n<\/div>\n<\/div>","protected":false},"excerpt":{"rendered":"<p>\ud83c\udfac\u00a0Video: John Sinclair \u2013 Der Sensenmann als Hochzeitsgast John Sinclair muss einem r\u00e4tselhaften Fall auf den Grund gehen, bei dem der Sensenmann auf einer Hochzeit auftaucht und Schrecken verbreitet. Mit Mut, Scharfsinn und seinen treuen Begleitern k\u00e4mpft er gegen \u00fcbernat\u00fcrliche Gefahren. Ein spannendes H\u00f6rspiel voller Nervenkitzel, Action und unheimlicher Momente. \u2705 Nach der Bezahlung erhalten [&hellip;]<\/p>\n","protected":false},"featured_media":726,"comment_status":"open","ping_status":"closed","template":"","meta":[],"product_brand":[],"product_cat":[56,22],"product_tag":[],"class_list":{"0":"post-725","1":"product","2":"type-product","3":"status-publish","4":"has-post-thumbnail","6":"product_cat-grusel-horror","7":"product_cat-videos","9":"first","10":"instock","11":"sale","12":"virtual","13":"purchasable","14":"product-type-simple"},"jetpack_sharing_enabled":true,"_links":{"self":[{"href":"https:\/\/audiobook-24.com\/en\/wp-json\/wp\/v2\/product\/725","targetHints":{"allow":["GET"]}}],"collection":[{"href":"https:\/\/audiobook-24.com\/en\/wp-json\/wp\/v2\/product"}],"about":[{"href":"https:\/\/audiobook-24.com\/en\/wp-json\/wp\/v2\/types\/product"}],"replies":[{"embeddable":true,"href":"https:\/\/audiobook-24.com\/en\/wp-json\/wp\/v2\/comments?post=725"}],"wp:featuredmedia":[{"embeddable":true,"href":"https:\/\/audiobook-24.com\/en\/wp-json\/wp\/v2\/media\/726"}],"wp:attachment":[{"href":"https:\/\/audiobook-24.com\/en\/wp-json\/wp\/v2\/media?parent=725"}],"wp:term":[{"taxonomy":"product_brand","embeddable":true,"href":"https:\/\/audiobook-24.com\/en\/wp-json\/wp\/v2\/product_brand?post=725"},{"taxonomy":"product_cat","embeddable":true,"href":"https:\/\/audiobook-24.com\/en\/wp-json\/wp\/v2\/product_cat?post=725"},{"taxonomy":"product_tag","embeddable":true,"href":"https:\/\/audiobook-24.com\/en\/wp-json\/wp\/v2\/product_tag?post=725"}],"curies":[{"name":"wp","href":"https:\/\/api.w.org\/{rel}","templated":true}]}}