{"id":721,"date":"2025-11-16T13:34:29","date_gmt":"2025-11-16T13:34:29","guid":{"rendered":"https:\/\/audiobook-24.com\/?post_type=product&#038;p=721"},"modified":"2026-02-16T04:10:34","modified_gmt":"2026-02-16T04:10:34","slug":"%f0%9f%8e%ac-video-john-sinclair-todeskarussell-sofortiger-downloadlink","status":"publish","type":"product","link":"https:\/\/audiobook-24.com\/en\/product\/%f0%9f%8e%ac-video-john-sinclair-todeskarussell-sofortiger-downloadlink\/","title":{"rendered":"\ud83c\udfac Video: John Sinclair \u2013 Todeskarussell sofortiger Downloadlink"},"content":{"rendered":"<h2><span>\ud83c\udfac\u00a0<strong>Video: John Sinclair \u2013 Todeskarussell<\/strong><\/span><\/h2>\n<p><span><span style=\"font-size: x-large;\">John Sinclair wird zu einem Jahrmarkt gerufen, auf dem ein unheimliches Karussell Menschen in Gefahr bringt. Mit Mut, Scharfsinn und seinen treuen Begleitern muss er die \u00fcbernat\u00fcrlichen Kr\u00e4fte stoppen und Unschuldige retten. Ein spannendes H\u00f6rspiel voller Nervenkitzel, Action und unheimlicher Momente.<\/span><\/span><\/p>\n<p><span><strong><span style=\"font-size: x-large;\">\u2705 Nach der Bezahlung erhalten Sie sofort Ihren pers\u00f6nlichen Downloadlink \u2013<\/span><\/strong><\/span><\/p>\n<p><span><strong><span style=\"font-size: x-large;\"><br \/>\nf\u00fcr \ud83d\udcf1 Handy | \ud83d\udcbb Tablet | \ud83d\udda5\ufe0f PC | \ud83c\udfac MP4-Player \u2013<br \/>\nund k\u00f6nnen ihn jederzeit und so oft Sie wollen genie\u00dfen.<\/span><\/strong><\/span><\/p>","protected":false},"excerpt":{"rendered":"<p>\ud83c\udfac\u00a0Video: John Sinclair \u2013 Todeskarussell John Sinclair wird zu einem Jahrmarkt gerufen, auf dem ein unheimliches Karussell Menschen in Gefahr bringt. Mit Mut, Scharfsinn und seinen treuen Begleitern muss er die \u00fcbernat\u00fcrlichen Kr\u00e4fte stoppen und Unschuldige retten. Ein spannendes H\u00f6rspiel voller Nervenkitzel, Action und unheimlicher Momente. \u2705 Nach der Bezahlung erhalten Sie sofort Ihren pers\u00f6nlichen [&hellip;]<\/p>\n","protected":false},"featured_media":722,"comment_status":"open","ping_status":"closed","template":"","meta":[],"product_brand":[],"product_cat":[56,22],"product_tag":[],"class_list":{"0":"post-721","1":"product","2":"type-product","3":"status-publish","4":"has-post-thumbnail","6":"product_cat-grusel-horror","7":"product_cat-videos","9":"first","10":"instock","11":"sale","12":"virtual","13":"purchasable","14":"product-type-simple"},"jetpack_sharing_enabled":true,"_links":{"self":[{"href":"https:\/\/audiobook-24.com\/en\/wp-json\/wp\/v2\/product\/721","targetHints":{"allow":["GET"]}}],"collection":[{"href":"https:\/\/audiobook-24.com\/en\/wp-json\/wp\/v2\/product"}],"about":[{"href":"https:\/\/audiobook-24.com\/en\/wp-json\/wp\/v2\/types\/product"}],"replies":[{"embeddable":true,"href":"https:\/\/audiobook-24.com\/en\/wp-json\/wp\/v2\/comments?post=721"}],"wp:featuredmedia":[{"embeddable":true,"href":"https:\/\/audiobook-24.com\/en\/wp-json\/wp\/v2\/media\/722"}],"wp:attachment":[{"href":"https:\/\/audiobook-24.com\/en\/wp-json\/wp\/v2\/media?parent=721"}],"wp:term":[{"taxonomy":"product_brand","embeddable":true,"href":"https:\/\/audiobook-24.com\/en\/wp-json\/wp\/v2\/product_brand?post=721"},{"taxonomy":"product_cat","embeddable":true,"href":"https:\/\/audiobook-24.com\/en\/wp-json\/wp\/v2\/product_cat?post=721"},{"taxonomy":"product_tag","embeddable":true,"href":"https:\/\/audiobook-24.com\/en\/wp-json\/wp\/v2\/product_tag?post=721"}],"curies":[{"name":"wp","href":"https:\/\/api.w.org\/{rel}","templated":true}]}}