{"id":716,"date":"2025-11-16T13:26:30","date_gmt":"2025-11-16T13:26:30","guid":{"rendered":"https:\/\/audiobook-24.com\/?post_type=product&#038;p=716"},"modified":"2026-02-16T04:10:59","modified_gmt":"2026-02-16T04:10:59","slug":"%f0%9f%8e%ac-video-john-sinclair-der-gerechte-sofortiger-downloadlink","status":"publish","type":"product","link":"https:\/\/audiobook-24.com\/en\/product\/%f0%9f%8e%ac-video-john-sinclair-der-gerechte-sofortiger-downloadlink\/","title":{"rendered":"\ud83c\udfac Video: John Sinclair \u2013 Der Gerechte sofortiger Downloadlink"},"content":{"rendered":"<div>\n<h1><span><b>\ud83c\udfac\u00a0Video: John Sinclair \u2013 Der Gerechte<\/b><\/span><\/h1>\n<p><span><span style=\"font-size: x-large;\">John Sinclair muss einen Fall l\u00f6sen, bei dem ein geheimnisvoller Gegner als \u201eDer Gerechte\u201c Angst und Schrecken verbreitet. Mit Mut, Scharfsinn und seinen treuen Begleitern stellt er sich den \u00fcbernat\u00fcrlichen Bedrohungen und sch\u00fctzt Unschuldige. Ein spannendes H\u00f6rspiel voller Nervenkitzel, Action und unheimlicher Momente.<\/span><\/span><\/p>\n<p><span><strong><span style=\"font-size: x-large;\">\u2705 Nach der Bezahlung erhalten Sie sofort Ihren pers\u00f6nlichen Downloadlink \u2013<\/span><\/strong><\/span><\/p>\n<p><span><strong><span style=\"font-size: x-large;\"><br \/>\nf\u00fcr \ud83d\udcf1 Handy | \ud83d\udcbb Tablet | \ud83d\udda5\ufe0f PC | \ud83c\udfac MP4-Player \u2013<br \/>\nund k\u00f6nnen ihn jederzeit und so oft Sie wollen genie\u00dfen.<\/span><\/strong><\/span><\/p>\n<\/div>\n<p>&nbsp;<\/p>\n<div>\n<p><span style=\"font-size: xx-large;\">\u00a0<\/span><\/p>\n<\/div>","protected":false},"excerpt":{"rendered":"<p>\ud83c\udfac\u00a0Video: John Sinclair \u2013 Der Gerechte John Sinclair muss einen Fall l\u00f6sen, bei dem ein geheimnisvoller Gegner als \u201eDer Gerechte\u201c Angst und Schrecken verbreitet. Mit Mut, Scharfsinn und seinen treuen Begleitern stellt er sich den \u00fcbernat\u00fcrlichen Bedrohungen und sch\u00fctzt Unschuldige. Ein spannendes H\u00f6rspiel voller Nervenkitzel, Action und unheimlicher Momente. \u2705 Nach der Bezahlung erhalten Sie [&hellip;]<\/p>\n","protected":false},"featured_media":717,"comment_status":"open","ping_status":"closed","template":"","meta":[],"product_brand":[],"product_cat":[56,22],"product_tag":[],"class_list":{"0":"post-716","1":"product","2":"type-product","3":"status-publish","4":"has-post-thumbnail","6":"product_cat-grusel-horror","7":"product_cat-videos","9":"first","10":"instock","11":"sale","12":"virtual","13":"purchasable","14":"product-type-simple"},"jetpack_sharing_enabled":true,"_links":{"self":[{"href":"https:\/\/audiobook-24.com\/en\/wp-json\/wp\/v2\/product\/716","targetHints":{"allow":["GET"]}}],"collection":[{"href":"https:\/\/audiobook-24.com\/en\/wp-json\/wp\/v2\/product"}],"about":[{"href":"https:\/\/audiobook-24.com\/en\/wp-json\/wp\/v2\/types\/product"}],"replies":[{"embeddable":true,"href":"https:\/\/audiobook-24.com\/en\/wp-json\/wp\/v2\/comments?post=716"}],"wp:featuredmedia":[{"embeddable":true,"href":"https:\/\/audiobook-24.com\/en\/wp-json\/wp\/v2\/media\/717"}],"wp:attachment":[{"href":"https:\/\/audiobook-24.com\/en\/wp-json\/wp\/v2\/media?parent=716"}],"wp:term":[{"taxonomy":"product_brand","embeddable":true,"href":"https:\/\/audiobook-24.com\/en\/wp-json\/wp\/v2\/product_brand?post=716"},{"taxonomy":"product_cat","embeddable":true,"href":"https:\/\/audiobook-24.com\/en\/wp-json\/wp\/v2\/product_cat?post=716"},{"taxonomy":"product_tag","embeddable":true,"href":"https:\/\/audiobook-24.com\/en\/wp-json\/wp\/v2\/product_tag?post=716"}],"curies":[{"name":"wp","href":"https:\/\/api.w.org\/{rel}","templated":true}]}}