{"id":714,"date":"2025-11-16T13:24:10","date_gmt":"2025-11-16T13:24:10","guid":{"rendered":"https:\/\/audiobook-24.com\/?post_type=product&#038;p=714"},"modified":"2025-11-16T13:24:11","modified_gmt":"2025-11-16T13:24:11","slug":"%f0%9f%8e%a7-hoerspiel-julia-rodeit-inseltraeume-auf-sylt-sofort-download","status":"publish","type":"product","link":"https:\/\/audiobook-24.com\/en\/product\/%f0%9f%8e%a7-hoerspiel-julia-rodeit-inseltraeume-auf-sylt-sofort-download\/","title":{"rendered":"\ud83c\udfa7 H\u00f6rspiel: Julia Rodeit \u2013 Inseltr\u00e4ume auf Sylt sofort Download"},"content":{"rendered":"<h1>\ud83c\udfa7\u00a0H\u00f6rspiel: Julia Rodeit \u2013 Inseltr\u00e4ume auf Sylt<\/h1>\n<h1><span style=\"font-size: x-large;\">\u00a0<\/span><\/h1>\n<div>\n<p><span style=\"font-size: x-large;\">Eine junge Frau reist nach Sylt, um einen Neuanfang zu wagen \u2013 doch die Insel h\u00e4lt mehr f\u00fcr sie bereit als nur frische Meeresluft. Zwischen romantischen Begegnungen, kleinen Konflikten und gro\u00dfen Gef\u00fchlen findet sie langsam ihren Platz im Leben. Eine warmherzige Geschichte zum Entspannen und Tr\u00e4umen.<\/span><\/p>\n<\/div>\n<div>\n<h1><span style=\"font-size: x-large;\">\u00a0<\/span>\u2705 Nach der Bezahlung erhalten Sie sofort Ihren pers\u00f6nlichen Downloadlink<\/h1>\n<\/div>\n<div>\n<p><strong><span style=\"font-size: x-large;\"><br \/>\nf\u00fcr \ud83d\udcf1 Handy | \ud83d\udcbb Tablet | \ud83d\udda5\ufe0f PC | \ud83d\udcda E-Reader \u2013<br \/>\nund k\u00f6nnen ihn jederzeit und so oft Sie wollen genie\u00dfen.<\/span><\/strong><\/p>\n<\/div>\n<div>\n<p><span style=\"font-size: xx-large;\">\u00a0<\/span><\/p>\n<\/div>","protected":false},"excerpt":{"rendered":"<p>\ud83c\udfa7\u00a0H\u00f6rspiel: Julia Rodeit \u2013 Inseltr\u00e4ume auf Sylt \u00a0 Eine junge Frau reist nach Sylt, um einen Neuanfang zu wagen \u2013 doch die Insel h\u00e4lt mehr f\u00fcr sie bereit als nur frische Meeresluft. Zwischen romantischen Begegnungen, kleinen Konflikten und gro\u00dfen Gef\u00fchlen findet sie langsam ihren Platz im Leben. Eine warmherzige Geschichte zum Entspannen und Tr\u00e4umen. \u00a0\u2705 [&hellip;]<\/p>\n","protected":false},"featured_media":715,"comment_status":"open","ping_status":"closed","template":"","meta":[],"product_brand":[],"product_cat":[34],"product_tag":[],"class_list":{"0":"post-714","1":"product","2":"type-product","3":"status-publish","4":"has-post-thumbnail","6":"product_cat-hoerspiel-krimi","8":"first","9":"instock","10":"sale","11":"virtual","12":"purchasable","13":"product-type-simple"},"jetpack_sharing_enabled":true,"_links":{"self":[{"href":"https:\/\/audiobook-24.com\/en\/wp-json\/wp\/v2\/product\/714","targetHints":{"allow":["GET"]}}],"collection":[{"href":"https:\/\/audiobook-24.com\/en\/wp-json\/wp\/v2\/product"}],"about":[{"href":"https:\/\/audiobook-24.com\/en\/wp-json\/wp\/v2\/types\/product"}],"replies":[{"embeddable":true,"href":"https:\/\/audiobook-24.com\/en\/wp-json\/wp\/v2\/comments?post=714"}],"wp:featuredmedia":[{"embeddable":true,"href":"https:\/\/audiobook-24.com\/en\/wp-json\/wp\/v2\/media\/715"}],"wp:attachment":[{"href":"https:\/\/audiobook-24.com\/en\/wp-json\/wp\/v2\/media?parent=714"}],"wp:term":[{"taxonomy":"product_brand","embeddable":true,"href":"https:\/\/audiobook-24.com\/en\/wp-json\/wp\/v2\/product_brand?post=714"},{"taxonomy":"product_cat","embeddable":true,"href":"https:\/\/audiobook-24.com\/en\/wp-json\/wp\/v2\/product_cat?post=714"},{"taxonomy":"product_tag","embeddable":true,"href":"https:\/\/audiobook-24.com\/en\/wp-json\/wp\/v2\/product_tag?post=714"}],"curies":[{"name":"wp","href":"https:\/\/api.w.org\/{rel}","templated":true}]}}