{"id":710,"date":"2025-11-16T13:19:21","date_gmt":"2025-11-16T13:19:21","guid":{"rendered":"https:\/\/audiobook-24.com\/?post_type=product&#038;p=710"},"modified":"2025-11-16T13:19:21","modified_gmt":"2025-11-16T13:19:21","slug":"%f0%9f%8e%a7-hoerspiel-anna-johannsen-die-inselkommissarin-09-der-mann-in-den-duenen","status":"publish","type":"product","link":"https:\/\/audiobook-24.com\/en\/product\/%f0%9f%8e%a7-hoerspiel-anna-johannsen-die-inselkommissarin-09-der-mann-in-den-duenen\/","title":{"rendered":"\ud83c\udfa7 H\u00f6rspiel: Anna Johannsen \u2013 Die Inselkommissarin 09: Der Mann in den D\u00fcnen"},"content":{"rendered":"<div>\n<p><span style=\"font-size: x-large;\">\ud83c\udfa7\u00a0<strong>H\u00f6rspiel: Anna Johannsen \u2013 Die Inselkommissarin 09: Der Mann in den D\u00fcnen<\/strong><\/span><\/p>\n<p><span style=\"font-size: x-large;\">Hauptkommissarin Lena Lorenzen wird zu einem mysteri\u00f6sen Fall auf Amrum gerufen: In den D\u00fcnen wird ein Toter gefunden, der scheinbar niemandem bekannt ist. Die Ermittlungen f\u00fchren tief in die Vergangenheit der Inselbewohner und bringen lange verdr\u00e4ngte Geheimnisse ans Licht. Ein atmosph\u00e4rischer Inselkrimi voller Spannung und \u00fcberraschender Wendungen.<\/span><\/p>\n<\/div>\n<div>\n<h1><span style=\"font-size: x-large;\">\u00a0<\/span>\u2705 Nach der Bezahlung erhalten Sie sofort Ihren pers\u00f6nlichen Downloadlink<\/h1>\n<\/div>\n<div>\n<p><strong><span style=\"font-size: x-large;\"><br \/>\nf\u00fcr \ud83d\udcf1 Handy | \ud83d\udcbb Tablet | \ud83d\udda5\ufe0f PC | MP3\u00a0\u2013<br \/>\nund k\u00f6nnen ihn jederzeit und so oft Sie wollen genie\u00dfen.<\/span><\/strong><\/p>\n<\/div>","protected":false},"excerpt":{"rendered":"<p>\ud83c\udfa7\u00a0H\u00f6rspiel: Anna Johannsen \u2013 Die Inselkommissarin 09: Der Mann in den D\u00fcnen Hauptkommissarin Lena Lorenzen wird zu einem mysteri\u00f6sen Fall auf Amrum gerufen: In den D\u00fcnen wird ein Toter gefunden, der scheinbar niemandem bekannt ist. Die Ermittlungen f\u00fchren tief in die Vergangenheit der Inselbewohner und bringen lange verdr\u00e4ngte Geheimnisse ans Licht. Ein atmosph\u00e4rischer Inselkrimi voller [&hellip;]<\/p>\n","protected":false},"featured_media":711,"comment_status":"open","ping_status":"closed","template":"","meta":[],"product_brand":[],"product_cat":[34],"product_tag":[],"class_list":{"0":"post-710","1":"product","2":"type-product","3":"status-publish","4":"has-post-thumbnail","6":"product_cat-hoerspiel-krimi","8":"first","9":"instock","10":"sale","11":"virtual","12":"purchasable","13":"product-type-simple"},"jetpack_sharing_enabled":true,"_links":{"self":[{"href":"https:\/\/audiobook-24.com\/en\/wp-json\/wp\/v2\/product\/710","targetHints":{"allow":["GET"]}}],"collection":[{"href":"https:\/\/audiobook-24.com\/en\/wp-json\/wp\/v2\/product"}],"about":[{"href":"https:\/\/audiobook-24.com\/en\/wp-json\/wp\/v2\/types\/product"}],"replies":[{"embeddable":true,"href":"https:\/\/audiobook-24.com\/en\/wp-json\/wp\/v2\/comments?post=710"}],"wp:featuredmedia":[{"embeddable":true,"href":"https:\/\/audiobook-24.com\/en\/wp-json\/wp\/v2\/media\/711"}],"wp:attachment":[{"href":"https:\/\/audiobook-24.com\/en\/wp-json\/wp\/v2\/media?parent=710"}],"wp:term":[{"taxonomy":"product_brand","embeddable":true,"href":"https:\/\/audiobook-24.com\/en\/wp-json\/wp\/v2\/product_brand?post=710"},{"taxonomy":"product_cat","embeddable":true,"href":"https:\/\/audiobook-24.com\/en\/wp-json\/wp\/v2\/product_cat?post=710"},{"taxonomy":"product_tag","embeddable":true,"href":"https:\/\/audiobook-24.com\/en\/wp-json\/wp\/v2\/product_tag?post=710"}],"curies":[{"name":"wp","href":"https:\/\/api.w.org\/{rel}","templated":true}]}}