{"id":708,"date":"2025-11-16T13:16:59","date_gmt":"2025-11-16T13:16:59","guid":{"rendered":"https:\/\/audiobook-24.com\/?post_type=product&#038;p=708"},"modified":"2025-11-16T13:16:59","modified_gmt":"2025-11-16T13:16:59","slug":"%f0%9f%8e%a7-hoerspiel-ulrike-busch-countdown-in-westerland","status":"publish","type":"product","link":"https:\/\/audiobook-24.com\/en\/product\/%f0%9f%8e%a7-hoerspiel-ulrike-busch-countdown-in-westerland\/","title":{"rendered":"\ud83c\udfa7 H\u00f6rspiel: Ulrike Busch \u2013 Countdown in Westerland"},"content":{"rendered":"<div>\n<div>\ud83c\udfa7\u00a0H\u00f6rspiel: Ulrike Busch \u2013 Countdown in Westerland<i><\/i><\/div>\n<div>\n<p><span style=\"font-size: x-large;\">Ein mysteri\u00f6ser Mord ersch\u00fcttert die Ferienidylle von Sylt: Kommissar Tammo Anders und seine Kollegin Fenna Stern ermitteln unter Hochdruck. Die Spur f\u00fchrt sie in ein Geflecht aus Intrigen, L\u00fcgen und dunklen Geheimnissen, das immer gef\u00e4hrlicher wird. Ein spannender Inselkrimi mit Atmosph\u00e4re, Witz und \u00fcberraschenden Wendungen.<\/span><\/p>\n<\/div>\n<\/div>\n<div>\n<p>\u2705 Nach der Bezahlung erhalten Sie sofort Ihren pers\u00f6nlichen Downloadlink<\/p>\n<\/div>\n<div>\n<p><strong><span style=\"font-size: x-large;\"><br \/>\nf\u00fcr \ud83d\udcf1 Handy | \ud83d\udcbb Tablet | \ud83d\udda5\ufe0f PC | MP3\u2013<br \/>\nund k\u00f6nnen ihn jederzeit und so oft Sie wollen genie\u00dfen.<\/span><\/strong><\/p>\n<\/div>","protected":false},"excerpt":{"rendered":"<p>\ud83c\udfa7\u00a0H\u00f6rspiel: Ulrike Busch \u2013 Countdown in Westerland Ein mysteri\u00f6ser Mord ersch\u00fcttert die Ferienidylle von Sylt: Kommissar Tammo Anders und seine Kollegin Fenna Stern ermitteln unter Hochdruck. Die Spur f\u00fchrt sie in ein Geflecht aus Intrigen, L\u00fcgen und dunklen Geheimnissen, das immer gef\u00e4hrlicher wird. Ein spannender Inselkrimi mit Atmosph\u00e4re, Witz und \u00fcberraschenden Wendungen. \u2705 Nach der [&hellip;]<\/p>\n","protected":false},"featured_media":709,"comment_status":"open","ping_status":"closed","template":"","meta":[],"product_brand":[],"product_cat":[34],"product_tag":[],"class_list":{"0":"post-708","1":"product","2":"type-product","3":"status-publish","4":"has-post-thumbnail","6":"product_cat-hoerspiel-krimi","8":"first","9":"instock","10":"sale","11":"virtual","12":"purchasable","13":"product-type-simple"},"jetpack_sharing_enabled":true,"_links":{"self":[{"href":"https:\/\/audiobook-24.com\/en\/wp-json\/wp\/v2\/product\/708","targetHints":{"allow":["GET"]}}],"collection":[{"href":"https:\/\/audiobook-24.com\/en\/wp-json\/wp\/v2\/product"}],"about":[{"href":"https:\/\/audiobook-24.com\/en\/wp-json\/wp\/v2\/types\/product"}],"replies":[{"embeddable":true,"href":"https:\/\/audiobook-24.com\/en\/wp-json\/wp\/v2\/comments?post=708"}],"wp:featuredmedia":[{"embeddable":true,"href":"https:\/\/audiobook-24.com\/en\/wp-json\/wp\/v2\/media\/709"}],"wp:attachment":[{"href":"https:\/\/audiobook-24.com\/en\/wp-json\/wp\/v2\/media?parent=708"}],"wp:term":[{"taxonomy":"product_brand","embeddable":true,"href":"https:\/\/audiobook-24.com\/en\/wp-json\/wp\/v2\/product_brand?post=708"},{"taxonomy":"product_cat","embeddable":true,"href":"https:\/\/audiobook-24.com\/en\/wp-json\/wp\/v2\/product_cat?post=708"},{"taxonomy":"product_tag","embeddable":true,"href":"https:\/\/audiobook-24.com\/en\/wp-json\/wp\/v2\/product_tag?post=708"}],"curies":[{"name":"wp","href":"https:\/\/api.w.org\/{rel}","templated":true}]}}