{"id":706,"date":"2025-11-16T13:15:22","date_gmt":"2025-11-16T13:15:22","guid":{"rendered":"https:\/\/audiobook-24.com\/?post_type=product&#038;p=706"},"modified":"2025-11-16T13:15:23","modified_gmt":"2025-11-16T13:15:23","slug":"%f0%9f%8e%a7-hoerspiel-sarah-goodwin-acht-fremde-ein-moerder-kein-ausweg","status":"publish","type":"product","link":"https:\/\/audiobook-24.com\/en\/product\/%f0%9f%8e%a7-hoerspiel-sarah-goodwin-acht-fremde-ein-moerder-kein-ausweg\/","title":{"rendered":"\ud83c\udfa7 H\u00f6rspiel: Sarah Goodwin \u2013 Acht Fremde. Ein M\u00f6rder. Kein Ausweg."},"content":{"rendered":"<div>\n<p><span style=\"font-size: xx-large;\">\ud83c\udfa7\u00a0<strong>H\u00f6rspiel: Sarah Goodwin \u2013 Acht Fremde. Ein M\u00f6rder. Kein Ausweg.<\/strong><\/span><\/p>\n<p><span style=\"font-size: x-large;\">Acht v\u00f6llig Fremde treffen in einem abgelegenen Haus aufeinander \u2013 doch schon bald wird klar: Einer von ihnen ist ein M\u00f6rder. Die Situation eskaliert, als die Gruppe von der Au\u00dfenwelt abgeschnitten wird und das Vertrauen schwindet. Ein fesselnder Psychothriller voller Spannung, Misstrauen und \u00fcberraschender Wendungen.<\/span><\/p>\n<p><strong><span style=\"font-size: x-large;\">\u2705 Nach der Bezahlung erhalten Sie sofort Ihren pers\u00f6nlichen Downloadlink\u00a0<\/span><\/strong><\/p>\n<p><strong><span style=\"font-size: x-large;\"><br \/>\nf\u00fcr \ud83d\udcf1 Handy | \ud83d\udcbb Tablet | \ud83d\udda5\ufe0f PC | \ud83c\udfa7 MP3-Player \u2013<br \/>\nund k\u00f6nnen ihn jederzeit und so oft Sie wollen genie\u00dfen.<\/span><\/strong><\/p>\n<\/div>\n<div>\n<p><span style=\"font-size: x-large;\">\u00a0<\/span><\/p>\n<\/div>","protected":false},"excerpt":{"rendered":"<p>\ud83c\udfa7\u00a0H\u00f6rspiel: Sarah Goodwin \u2013 Acht Fremde. Ein M\u00f6rder. Kein Ausweg. Acht v\u00f6llig Fremde treffen in einem abgelegenen Haus aufeinander \u2013 doch schon bald wird klar: Einer von ihnen ist ein M\u00f6rder. Die Situation eskaliert, als die Gruppe von der Au\u00dfenwelt abgeschnitten wird und das Vertrauen schwindet. Ein fesselnder Psychothriller voller Spannung, Misstrauen und \u00fcberraschender Wendungen. [&hellip;]<\/p>\n","protected":false},"featured_media":707,"comment_status":"open","ping_status":"closed","template":"","meta":[],"product_brand":[],"product_cat":[34],"product_tag":[],"class_list":{"0":"post-706","1":"product","2":"type-product","3":"status-publish","4":"has-post-thumbnail","6":"product_cat-hoerspiel-krimi","8":"first","9":"instock","10":"sale","11":"virtual","12":"purchasable","13":"product-type-simple"},"jetpack_sharing_enabled":true,"_links":{"self":[{"href":"https:\/\/audiobook-24.com\/en\/wp-json\/wp\/v2\/product\/706","targetHints":{"allow":["GET"]}}],"collection":[{"href":"https:\/\/audiobook-24.com\/en\/wp-json\/wp\/v2\/product"}],"about":[{"href":"https:\/\/audiobook-24.com\/en\/wp-json\/wp\/v2\/types\/product"}],"replies":[{"embeddable":true,"href":"https:\/\/audiobook-24.com\/en\/wp-json\/wp\/v2\/comments?post=706"}],"wp:featuredmedia":[{"embeddable":true,"href":"https:\/\/audiobook-24.com\/en\/wp-json\/wp\/v2\/media\/707"}],"wp:attachment":[{"href":"https:\/\/audiobook-24.com\/en\/wp-json\/wp\/v2\/media?parent=706"}],"wp:term":[{"taxonomy":"product_brand","embeddable":true,"href":"https:\/\/audiobook-24.com\/en\/wp-json\/wp\/v2\/product_brand?post=706"},{"taxonomy":"product_cat","embeddable":true,"href":"https:\/\/audiobook-24.com\/en\/wp-json\/wp\/v2\/product_cat?post=706"},{"taxonomy":"product_tag","embeddable":true,"href":"https:\/\/audiobook-24.com\/en\/wp-json\/wp\/v2\/product_tag?post=706"}],"curies":[{"name":"wp","href":"https:\/\/api.w.org\/{rel}","templated":true}]}}