{"id":704,"date":"2025-11-16T13:13:53","date_gmt":"2025-11-16T13:13:53","guid":{"rendered":"https:\/\/audiobook-24.com\/?post_type=product&#038;p=704"},"modified":"2025-12-07T00:57:11","modified_gmt":"2025-12-07T00:57:11","slug":"gieriges-sylt-ostfriesland-krimi","status":"publish","type":"product","link":"https:\/\/audiobook-24.com\/en\/product\/gieriges-sylt-ostfriesland-krimi\/","title":{"rendered":"Gieriges Sylt \u2013 Ostfriesland-Krimi"},"content":{"rendered":"<h1>Gieriges Sylt \u2013 Ostfriesland-Krimi<\/h1>\n<div>\n<p><span style=\"font-size: x-large;\">Kommissarin Fenna Stern ermittelt auf Sylt, als ein Mordfall die sonst so ruhige Insel ersch\u00fcttert. Hinter der Fassade aus Luxus und Tourismus verbergen sich Habgier, Intrigen und alte Fehden, die pl\u00f6tzlich t\u00f6dliche Konsequenzen haben. Spannung, norddeutscher Humor und unerwartete Wendungen machen diesen Krimi zu einem packenden H\u00f6rgenuss.<\/span><\/p>\n<p><strong><span style=\"font-size: x-large;\">\u2705 Nach der Bezahlung erhalten Sie sofort Ihren pers\u00f6nlichen Downloadlink\u00a0<\/span><\/strong><\/p>\n<p><strong><span style=\"font-size: x-large;\"><br \/>\nf\u00fcr \ud83d\udcf1 Handy | \ud83d\udcbb Tablet | \ud83d\udda5\ufe0f PC | \ud83c\udfa7 MP3-Player \u2013<br \/>\nund k\u00f6nnen ihn jederzeit und so oft Sie wollen genie\u00dfen.<\/span><\/strong><\/p>\n<\/div>","protected":false},"excerpt":{"rendered":"<p>Gieriges Sylt \u2013 Ostfriesland-Krimi Kommissarin Fenna Stern ermittelt auf Sylt, als ein Mordfall die sonst so ruhige Insel ersch\u00fcttert. Hinter der Fassade aus Luxus und Tourismus verbergen sich Habgier, Intrigen und alte Fehden, die pl\u00f6tzlich t\u00f6dliche Konsequenzen haben. Spannung, norddeutscher Humor und unerwartete Wendungen machen diesen Krimi zu einem packenden H\u00f6rgenuss. \u2705 Nach der Bezahlung [&hellip;]<\/p>\n","protected":false},"featured_media":705,"comment_status":"open","ping_status":"closed","template":"","meta":[],"product_brand":[],"product_cat":[19],"product_tag":[],"class_list":{"0":"post-704","1":"product","2":"type-product","3":"status-publish","4":"has-post-thumbnail","6":"product_cat-hoerbuecher","8":"first","9":"instock","10":"sale","11":"virtual","12":"purchasable","13":"product-type-simple"},"jetpack_sharing_enabled":true,"_links":{"self":[{"href":"https:\/\/audiobook-24.com\/en\/wp-json\/wp\/v2\/product\/704","targetHints":{"allow":["GET"]}}],"collection":[{"href":"https:\/\/audiobook-24.com\/en\/wp-json\/wp\/v2\/product"}],"about":[{"href":"https:\/\/audiobook-24.com\/en\/wp-json\/wp\/v2\/types\/product"}],"replies":[{"embeddable":true,"href":"https:\/\/audiobook-24.com\/en\/wp-json\/wp\/v2\/comments?post=704"}],"wp:featuredmedia":[{"embeddable":true,"href":"https:\/\/audiobook-24.com\/en\/wp-json\/wp\/v2\/media\/705"}],"wp:attachment":[{"href":"https:\/\/audiobook-24.com\/en\/wp-json\/wp\/v2\/media?parent=704"}],"wp:term":[{"taxonomy":"product_brand","embeddable":true,"href":"https:\/\/audiobook-24.com\/en\/wp-json\/wp\/v2\/product_brand?post=704"},{"taxonomy":"product_cat","embeddable":true,"href":"https:\/\/audiobook-24.com\/en\/wp-json\/wp\/v2\/product_cat?post=704"},{"taxonomy":"product_tag","embeddable":true,"href":"https:\/\/audiobook-24.com\/en\/wp-json\/wp\/v2\/product_tag?post=704"}],"curies":[{"name":"wp","href":"https:\/\/api.w.org\/{rel}","templated":true}]}}