{"id":700,"date":"2025-11-16T13:07:55","date_gmt":"2025-11-16T13:07:55","guid":{"rendered":"https:\/\/audiobook-24.com\/?post_type=product&#038;p=700"},"modified":"2025-11-16T13:07:56","modified_gmt":"2025-11-16T13:07:56","slug":"%f0%9f%8e%a7-hoerspiel-perry-rhodan-das-cortico-syndrom","status":"publish","type":"product","link":"https:\/\/audiobook-24.com\/en\/product\/%f0%9f%8e%a7-hoerspiel-perry-rhodan-das-cortico-syndrom\/","title":{"rendered":"\ud83c\udfa7 H\u00f6rspiel \u2013 Perry Rhodan: Das Cortico-Syndrom"},"content":{"rendered":"<div>\n<div>\n<p><span style=\"font-size: x-large;\">\ud83c\udfa7\u00a0<strong>H\u00f6rspiel \u2013 Perry Rhodan: Das Cortico-Syndrom<\/strong><\/span><\/p>\n<p><span style=\"font-size: x-large;\">Die Galaxis steht am Rande einer Katastrophe: Ein r\u00e4tselhaftes Syndrom breitet sich in rasender Geschwindigkeit aus und bef\u00e4llt ganze Bev\u00f6lkerungen. Menschen, Au\u00dferirdische und sogar hochentwickelte Kulturen geraten in Panik, denn niemand wei\u00df, woher die Seuche kommt \u2013 oder wer sie kontrolliert.<\/span><\/p>\n<p><span style=\"font-size: x-large;\">Perry Rhodan und seine Gef\u00e4hrten sto\u00dfen auf eine Spur, die sie mitten ins Herz einer kosmischen Intrige f\u00fchrt. Zwischen Verrat, Hoffnung und dem Kampf um die Zukunft der Menschheit m\u00fcssen sie erkennen: Das Cortico-Syndrom ist mehr als nur eine Krankheit \u2013 es ist eine Waffe.<\/span><\/p>\n<p><span style=\"font-size: x-large;\">\ud83d\udd0a Ein spannendes H\u00f6rspiel voller Action, Geheimnisse und galaktischer Abenteuer.<\/span><\/p>\n<p>&nbsp;<\/p>\n<\/div>\n<div>\n<p>&nbsp;<\/p>\n<\/div>\n<\/div>\n<p>&nbsp;<\/p>\n<p>&nbsp;<\/p>\n<p>\u2705\u00a0<strong>Dein Vorteil:<\/strong><br \/>\nNach der Bezahlung erh\u00e4ltst du\u00a0<strong>sofort deinen pers\u00f6nlichen Downloadlink.<\/strong><\/p>\n<p>Das H\u00f6rspiel ist verf\u00fcgbar als:<br \/>\n\ud83c\udfb5\u00a0<strong>MP3-Datei<\/strong>\u00a0\u2013 h\u00f6rbar auf:\u00a0<strong>Smartphone | Tablet | PC | MP3-Player<\/strong><\/p>\n<p>\ud83d\udc49\u00a0<strong>Einmal gekauft \u2013 jederzeit und unbegrenzt abrufbar!<\/strong><\/p>","protected":false},"excerpt":{"rendered":"<p>\ud83c\udfa7\u00a0H\u00f6rspiel \u2013 Perry Rhodan: Das Cortico-Syndrom Die Galaxis steht am Rande einer Katastrophe: Ein r\u00e4tselhaftes Syndrom breitet sich in rasender Geschwindigkeit aus und bef\u00e4llt ganze Bev\u00f6lkerungen. Menschen, Au\u00dferirdische und sogar hochentwickelte Kulturen geraten in Panik, denn niemand wei\u00df, woher die Seuche kommt \u2013 oder wer sie kontrolliert. Perry Rhodan und seine Gef\u00e4hrten sto\u00dfen auf eine [&hellip;]<\/p>\n","protected":false},"featured_media":701,"comment_status":"open","ping_status":"closed","template":"","meta":[],"product_brand":[],"product_cat":[37],"product_tag":[],"class_list":{"0":"post-700","1":"product","2":"type-product","3":"status-publish","4":"has-post-thumbnail","6":"product_cat-hoerspiel-perry-r","8":"first","9":"instock","10":"sale","11":"virtual","12":"purchasable","13":"product-type-simple"},"jetpack_sharing_enabled":true,"_links":{"self":[{"href":"https:\/\/audiobook-24.com\/en\/wp-json\/wp\/v2\/product\/700","targetHints":{"allow":["GET"]}}],"collection":[{"href":"https:\/\/audiobook-24.com\/en\/wp-json\/wp\/v2\/product"}],"about":[{"href":"https:\/\/audiobook-24.com\/en\/wp-json\/wp\/v2\/types\/product"}],"replies":[{"embeddable":true,"href":"https:\/\/audiobook-24.com\/en\/wp-json\/wp\/v2\/comments?post=700"}],"wp:featuredmedia":[{"embeddable":true,"href":"https:\/\/audiobook-24.com\/en\/wp-json\/wp\/v2\/media\/701"}],"wp:attachment":[{"href":"https:\/\/audiobook-24.com\/en\/wp-json\/wp\/v2\/media?parent=700"}],"wp:term":[{"taxonomy":"product_brand","embeddable":true,"href":"https:\/\/audiobook-24.com\/en\/wp-json\/wp\/v2\/product_brand?post=700"},{"taxonomy":"product_cat","embeddable":true,"href":"https:\/\/audiobook-24.com\/en\/wp-json\/wp\/v2\/product_cat?post=700"},{"taxonomy":"product_tag","embeddable":true,"href":"https:\/\/audiobook-24.com\/en\/wp-json\/wp\/v2\/product_tag?post=700"}],"curies":[{"name":"wp","href":"https:\/\/api.w.org\/{rel}","templated":true}]}}