{"id":698,"date":"2025-11-16T13:06:34","date_gmt":"2025-11-16T13:06:34","guid":{"rendered":"https:\/\/audiobook-24.com\/?post_type=product&#038;p=698"},"modified":"2025-11-16T13:06:34","modified_gmt":"2025-11-16T13:06:34","slug":"%f0%9f%8e%a7-hoerspiel-perry-rhodan-neo-154-die-magnetische-welt-2","status":"publish","type":"product","link":"https:\/\/audiobook-24.com\/en\/product\/%f0%9f%8e%a7-hoerspiel-perry-rhodan-neo-154-die-magnetische-welt-2\/","title":{"rendered":"\ud83c\udfa7 H\u00f6rspiel \u2013 Perry Rhodan NEO 154: Die magnetische Welt"},"content":{"rendered":"<p><span style=\"font-size: medium;\">\ud83c\udfa7\u00a0<strong>H\u00f6rspiel \u2013 Perry Rhodan NEO 154: Die magnetische Welt<\/strong><\/span><\/p>\n<p><span style=\"font-size: medium;\">Perry Rhodan und seine Gef\u00e4hrten sto\u00dfen auf einen geheimnisvollen Planeten, dessen Kr\u00e4fte alles Bekannte in Frage stellen: Die\u00a0<strong>magnetische Welt<\/strong>\u00a0beeinflusst Technologien, Leben und sogar die Gedanken ihrer Besucher. Schon bald wird klar, dass die ungew\u00f6hnlichen Magnetfelder kein Zufall sind \u2013 sie bergen uralte Geheimnisse und ungeahnte Gefahren.<\/span><\/p>\n<p><span style=\"font-size: medium;\">Rhodan muss zusammen mit seinem Team nicht nur die Kr\u00e4fte des Planeten verstehen, sondern auch einer Bedrohung begegnen, die die gesamte Galaxis ersch\u00fcttern k\u00f6nnte. Ein Wettlauf gegen Zeit, Raum und die unbekannten M\u00e4chte der magnetischen Welt beginnt.<\/span><\/p>\n<p><span style=\"font-size: medium;\">\ud83d\udd0a Ein packendes Science-Fiction-H\u00f6rspiel voller Abenteuer, R\u00e4tsel und galaktischer Intrigen.<\/span><\/p>\n<p><strong><span style=\"font-size: medium;\">\ud83d\udcbe\u00a0<em>Nach Bezahlung erh\u00e4ltst du sofort den Downloadlink \u2013 f\u00fcr Handy, Tablet und PC.<\/em><\/span><\/strong><\/p>","protected":false},"excerpt":{"rendered":"<p>\ud83c\udfa7\u00a0H\u00f6rspiel \u2013 Perry Rhodan NEO 154: Die magnetische Welt Perry Rhodan und seine Gef\u00e4hrten sto\u00dfen auf einen geheimnisvollen Planeten, dessen Kr\u00e4fte alles Bekannte in Frage stellen: Die\u00a0magnetische Welt\u00a0beeinflusst Technologien, Leben und sogar die Gedanken ihrer Besucher. Schon bald wird klar, dass die ungew\u00f6hnlichen Magnetfelder kein Zufall sind \u2013 sie bergen uralte Geheimnisse und ungeahnte Gefahren. [&hellip;]<\/p>\n","protected":false},"featured_media":699,"comment_status":"open","ping_status":"closed","template":"","meta":[],"product_brand":[],"product_cat":[37],"product_tag":[],"class_list":{"0":"post-698","1":"product","2":"type-product","3":"status-publish","4":"has-post-thumbnail","6":"product_cat-hoerspiel-perry-r","8":"first","9":"instock","10":"sale","11":"virtual","12":"purchasable","13":"product-type-simple"},"jetpack_sharing_enabled":true,"_links":{"self":[{"href":"https:\/\/audiobook-24.com\/en\/wp-json\/wp\/v2\/product\/698","targetHints":{"allow":["GET"]}}],"collection":[{"href":"https:\/\/audiobook-24.com\/en\/wp-json\/wp\/v2\/product"}],"about":[{"href":"https:\/\/audiobook-24.com\/en\/wp-json\/wp\/v2\/types\/product"}],"replies":[{"embeddable":true,"href":"https:\/\/audiobook-24.com\/en\/wp-json\/wp\/v2\/comments?post=698"}],"wp:featuredmedia":[{"embeddable":true,"href":"https:\/\/audiobook-24.com\/en\/wp-json\/wp\/v2\/media\/699"}],"wp:attachment":[{"href":"https:\/\/audiobook-24.com\/en\/wp-json\/wp\/v2\/media?parent=698"}],"wp:term":[{"taxonomy":"product_brand","embeddable":true,"href":"https:\/\/audiobook-24.com\/en\/wp-json\/wp\/v2\/product_brand?post=698"},{"taxonomy":"product_cat","embeddable":true,"href":"https:\/\/audiobook-24.com\/en\/wp-json\/wp\/v2\/product_cat?post=698"},{"taxonomy":"product_tag","embeddable":true,"href":"https:\/\/audiobook-24.com\/en\/wp-json\/wp\/v2\/product_tag?post=698"}],"curies":[{"name":"wp","href":"https:\/\/api.w.org\/{rel}","templated":true}]}}