{"id":696,"date":"2025-11-16T13:05:10","date_gmt":"2025-11-16T13:05:10","guid":{"rendered":"https:\/\/audiobook-24.com\/?post_type=product&#038;p=696"},"modified":"2025-11-16T13:05:10","modified_gmt":"2025-11-16T13:05:10","slug":"%f0%9f%8e%a7-hoerspiel-perry-rhodan-neo-187-schwarzschild-flut","status":"publish","type":"product","link":"https:\/\/audiobook-24.com\/en\/product\/%f0%9f%8e%a7-hoerspiel-perry-rhodan-neo-187-schwarzschild-flut\/","title":{"rendered":"\ud83c\udfa7 H\u00f6rspiel \u2013 Perry Rhodan NEO 187: Schwarzschild-Flut"},"content":{"rendered":"<p><span style=\"font-size: medium;\">\ud83c\udfa7\u00a0<strong>H\u00f6rspiel \u2013 Perry Rhodan NEO 187: Schwarzschild-Flut<\/strong><\/span><\/p>\n<p><span style=\"font-size: medium;\">Eine kosmische Katastrophe k\u00fcndigt sich an: In den Tiefen des Alls droht eine\u00a0<strong>Schwarzschild-Flut<\/strong>, die ganze Sonnensysteme verschlingen kann. F\u00fcr Perry Rhodan und seine Gef\u00e4hrten beginnt ein Wettlauf gegen die Zeit.<\/span><\/p>\n<p><span style=\"font-size: medium;\">W\u00e4hrend fremde Zivilisationen im Chaos zu versinken drohen, stellt sich die Menschheit der vielleicht gr\u00f6\u00dften Herausforderung ihrer Geschichte. Wissenschaft, Mut und Entschlossenheit sind gefragt, um die drohende Vernichtung aufzuhalten. Doch im Schatten der Flut offenbaren sich auch alte Feindschaften und neue Intrigen \u2026<\/span><\/p>\n<p><span style=\"font-size: medium;\">\ud83d\udd0a Ein episches Science-Fiction-H\u00f6rspiel voller Spannung, kosmischer Dramatik und menschlicher Schicksale.<\/span><\/p>\n<p><span style=\"font-size: medium;\"><strong>\ud83d\udcbe\u00a0<em>Nach Bezahlung erh\u00e4ltst du sofort den Downloadlink \u2013 f\u00fcr Handy, Tablet und PC.<\/em><\/strong><\/span><\/p>","protected":false},"excerpt":{"rendered":"<p>\ud83c\udfa7\u00a0H\u00f6rspiel \u2013 Perry Rhodan NEO 187: Schwarzschild-Flut Eine kosmische Katastrophe k\u00fcndigt sich an: In den Tiefen des Alls droht eine\u00a0Schwarzschild-Flut, die ganze Sonnensysteme verschlingen kann. F\u00fcr Perry Rhodan und seine Gef\u00e4hrten beginnt ein Wettlauf gegen die Zeit. W\u00e4hrend fremde Zivilisationen im Chaos zu versinken drohen, stellt sich die Menschheit der vielleicht gr\u00f6\u00dften Herausforderung ihrer Geschichte. [&hellip;]<\/p>\n","protected":false},"featured_media":697,"comment_status":"open","ping_status":"closed","template":"","meta":[],"product_brand":[],"product_cat":[37],"product_tag":[],"class_list":{"0":"post-696","1":"product","2":"type-product","3":"status-publish","4":"has-post-thumbnail","6":"product_cat-hoerspiel-perry-r","8":"first","9":"instock","10":"sale","11":"virtual","12":"purchasable","13":"product-type-simple"},"jetpack_sharing_enabled":true,"_links":{"self":[{"href":"https:\/\/audiobook-24.com\/en\/wp-json\/wp\/v2\/product\/696","targetHints":{"allow":["GET"]}}],"collection":[{"href":"https:\/\/audiobook-24.com\/en\/wp-json\/wp\/v2\/product"}],"about":[{"href":"https:\/\/audiobook-24.com\/en\/wp-json\/wp\/v2\/types\/product"}],"replies":[{"embeddable":true,"href":"https:\/\/audiobook-24.com\/en\/wp-json\/wp\/v2\/comments?post=696"}],"wp:featuredmedia":[{"embeddable":true,"href":"https:\/\/audiobook-24.com\/en\/wp-json\/wp\/v2\/media\/697"}],"wp:attachment":[{"href":"https:\/\/audiobook-24.com\/en\/wp-json\/wp\/v2\/media?parent=696"}],"wp:term":[{"taxonomy":"product_brand","embeddable":true,"href":"https:\/\/audiobook-24.com\/en\/wp-json\/wp\/v2\/product_brand?post=696"},{"taxonomy":"product_cat","embeddable":true,"href":"https:\/\/audiobook-24.com\/en\/wp-json\/wp\/v2\/product_cat?post=696"},{"taxonomy":"product_tag","embeddable":true,"href":"https:\/\/audiobook-24.com\/en\/wp-json\/wp\/v2\/product_tag?post=696"}],"curies":[{"name":"wp","href":"https:\/\/api.w.org\/{rel}","templated":true}]}}