{"id":690,"date":"2025-11-16T13:00:13","date_gmt":"2025-11-16T13:00:13","guid":{"rendered":"https:\/\/audiobook-24.com\/?post_type=product&#038;p=690"},"modified":"2025-11-16T13:00:13","modified_gmt":"2025-11-16T13:00:13","slug":"%f0%9f%8e%a7-hoerspiel-perry-rhodan-neo-190-als-andros-kam","status":"publish","type":"product","link":"https:\/\/audiobook-24.com\/en\/product\/%f0%9f%8e%a7-hoerspiel-perry-rhodan-neo-190-als-andros-kam\/","title":{"rendered":"\ud83c\udfa7 H\u00f6rspiel \u2013 Perry Rhodan NEO 190: Als Andros kam"},"content":{"rendered":"<div>\n<p><span style=\"font-size: medium;\">\ud83c\udfa7\u00a0<strong>H\u00f6rspiel \u2013 Perry Rhodan NEO 190: Als Andros kam<\/strong><\/span><\/p>\n<p><span style=\"font-size: medium;\">Ein kosmisches Ereignis wirft die Menschheit in Aufruhr:\u00a0<strong>Andros<\/strong>\u00a0erscheint \u2013 ein geheimnisvoller Fremder mit \u00fcberm\u00e4chtigen F\u00e4higkeiten und eigenen Pl\u00e4nen. W\u00e4hrend Perry Rhodan und seine Gef\u00e4hrten versuchen zu verstehen, ob Andros ein Verb\u00fcndeter oder Feind ist, ger\u00e4t die Erde in ein Netz aus Intrigen, Machtk\u00e4mpfen und au\u00dferirdischen Bedrohungen.<\/span><\/p>\n<p><span style=\"font-size: medium;\">\ud83d\udc49 Ein packendes\u00a0<strong>Science-Fiction-H\u00f6rspiel<\/strong>\u00a0aus der erfolgreichen Reihe\u00a0<em>Perry Rhodan NEO<\/em>.<\/span><\/p>\n<p><span style=\"font-size: medium;\"><br \/>\n<strong>Nach der Bezahlung erhalten Sie sofort den\u00a0Downloadlink\u00a0f\u00fcr\u00a0Handy, Tablet und PC\u00a0\u2013 und k\u00f6nnen das Abenteuer direkt genie\u00dfen.<\/strong><\/span><\/p>\n<\/div>\n<p>&nbsp;<\/p>\n<div>\n<p><span style=\"font-size: medium;\">\u00a0<\/span><\/p>\n<\/div>","protected":false},"excerpt":{"rendered":"<p>\ud83c\udfa7\u00a0H\u00f6rspiel \u2013 Perry Rhodan NEO 190: Als Andros kam Ein kosmisches Ereignis wirft die Menschheit in Aufruhr:\u00a0Andros\u00a0erscheint \u2013 ein geheimnisvoller Fremder mit \u00fcberm\u00e4chtigen F\u00e4higkeiten und eigenen Pl\u00e4nen. W\u00e4hrend Perry Rhodan und seine Gef\u00e4hrten versuchen zu verstehen, ob Andros ein Verb\u00fcndeter oder Feind ist, ger\u00e4t die Erde in ein Netz aus Intrigen, Machtk\u00e4mpfen und au\u00dferirdischen Bedrohungen. [&hellip;]<\/p>\n","protected":false},"featured_media":691,"comment_status":"open","ping_status":"closed","template":"","meta":[],"product_brand":[],"product_cat":[37],"product_tag":[],"class_list":{"0":"post-690","1":"product","2":"type-product","3":"status-publish","4":"has-post-thumbnail","6":"product_cat-hoerspiel-perry-r","8":"first","9":"instock","10":"sale","11":"virtual","12":"purchasable","13":"product-type-simple"},"jetpack_sharing_enabled":true,"_links":{"self":[{"href":"https:\/\/audiobook-24.com\/en\/wp-json\/wp\/v2\/product\/690","targetHints":{"allow":["GET"]}}],"collection":[{"href":"https:\/\/audiobook-24.com\/en\/wp-json\/wp\/v2\/product"}],"about":[{"href":"https:\/\/audiobook-24.com\/en\/wp-json\/wp\/v2\/types\/product"}],"replies":[{"embeddable":true,"href":"https:\/\/audiobook-24.com\/en\/wp-json\/wp\/v2\/comments?post=690"}],"wp:featuredmedia":[{"embeddable":true,"href":"https:\/\/audiobook-24.com\/en\/wp-json\/wp\/v2\/media\/691"}],"wp:attachment":[{"href":"https:\/\/audiobook-24.com\/en\/wp-json\/wp\/v2\/media?parent=690"}],"wp:term":[{"taxonomy":"product_brand","embeddable":true,"href":"https:\/\/audiobook-24.com\/en\/wp-json\/wp\/v2\/product_brand?post=690"},{"taxonomy":"product_cat","embeddable":true,"href":"https:\/\/audiobook-24.com\/en\/wp-json\/wp\/v2\/product_cat?post=690"},{"taxonomy":"product_tag","embeddable":true,"href":"https:\/\/audiobook-24.com\/en\/wp-json\/wp\/v2\/product_tag?post=690"}],"curies":[{"name":"wp","href":"https:\/\/api.w.org\/{rel}","templated":true}]}}