{"id":684,"date":"2025-11-16T12:51:33","date_gmt":"2025-11-16T12:51:33","guid":{"rendered":"https:\/\/audiobook-24.com\/?post_type=product&#038;p=684"},"modified":"2025-11-16T12:53:41","modified_gmt":"2025-11-16T12:53:41","slug":"%f0%9f%8e%a7-hoerspiel-perry-rhodan-neo-194-abgruende-der-zeit","status":"publish","type":"product","link":"https:\/\/audiobook-24.com\/en\/product\/%f0%9f%8e%a7-hoerspiel-perry-rhodan-neo-194-abgruende-der-zeit\/","title":{"rendered":"\ud83c\udfa7 H\u00f6rspiel \u2013 Perry Rhodan NEO 194: Abgr\u00fcnde der Zeit"},"content":{"rendered":"<p><span style=\"font-size: medium;\">\ud83c\udfa7\u00a0<strong>H\u00f6rspiel \u2013 Perry Rhodan NEO 194: Abgr\u00fcnde der Zeit<\/strong><\/span><\/p>\n<p><span style=\"font-size: medium;\">Die Menschheit steht am Rand einer Zeitenwende: Perry Rhodan und seine Begleiter werden in ein Netz aus\u00a0<strong>Zeitparadoxien, kosmischen Geheimnissen und t\u00f6dlichen Intrigen<\/strong>\u00a0gezogen. In den Tiefen der Galaxis lauern Kr\u00e4fte, die bereit sind, Vergangenheit und Zukunft gleicherma\u00dfen zu manipulieren \u2013 mit unabsehbaren Folgen f\u00fcr die gesamte Menschheit.<\/span><\/p>\n<p><span style=\"font-size: medium;\">W\u00e4hrend Freund und Feind kaum noch zu unterscheiden sind, muss Rhodan eine Entscheidung treffen, die nicht nur \u00fcber das\u00a0<strong>Schicksal der Erde<\/strong>, sondern auch \u00fcber den\u00a0<strong>Fortbestand der Menschheit im Universum<\/strong>\u00a0bestimmt.<\/span><\/p>\n<p><span style=\"font-size: medium;\">\ud83d\udc49 Nach der Bezahlung erhalten Sie sofort den\u00a0<strong>Downloadlink<\/strong>\u00a0f\u00fcr\u00a0<strong>Handy, Tablet und PC<\/strong>\u00a0\u2013 und k\u00f6nnen das H\u00f6rspiel direkt genie\u00dfen.<\/span><\/p>","protected":false},"excerpt":{"rendered":"<p>\ud83c\udfa7\u00a0H\u00f6rspiel \u2013 Perry Rhodan NEO 194: Abgr\u00fcnde der Zeit Die Menschheit steht am Rand einer Zeitenwende: Perry Rhodan und seine Begleiter werden in ein Netz aus\u00a0Zeitparadoxien, kosmischen Geheimnissen und t\u00f6dlichen Intrigen\u00a0gezogen. In den Tiefen der Galaxis lauern Kr\u00e4fte, die bereit sind, Vergangenheit und Zukunft gleicherma\u00dfen zu manipulieren \u2013 mit unabsehbaren Folgen f\u00fcr die gesamte Menschheit. [&hellip;]<\/p>\n","protected":false},"featured_media":685,"comment_status":"open","ping_status":"closed","template":"","meta":[],"product_brand":[],"product_cat":[37,18],"product_tag":[],"class_list":{"0":"post-684","1":"product","2":"type-product","3":"status-publish","4":"has-post-thumbnail","6":"product_cat-hoerspiel-perry-r","7":"product_cat-unkategorisiert","9":"first","10":"instock","11":"sale","12":"virtual","13":"purchasable","14":"product-type-simple"},"jetpack_sharing_enabled":true,"_links":{"self":[{"href":"https:\/\/audiobook-24.com\/en\/wp-json\/wp\/v2\/product\/684","targetHints":{"allow":["GET"]}}],"collection":[{"href":"https:\/\/audiobook-24.com\/en\/wp-json\/wp\/v2\/product"}],"about":[{"href":"https:\/\/audiobook-24.com\/en\/wp-json\/wp\/v2\/types\/product"}],"replies":[{"embeddable":true,"href":"https:\/\/audiobook-24.com\/en\/wp-json\/wp\/v2\/comments?post=684"}],"wp:featuredmedia":[{"embeddable":true,"href":"https:\/\/audiobook-24.com\/en\/wp-json\/wp\/v2\/media\/685"}],"wp:attachment":[{"href":"https:\/\/audiobook-24.com\/en\/wp-json\/wp\/v2\/media?parent=684"}],"wp:term":[{"taxonomy":"product_brand","embeddable":true,"href":"https:\/\/audiobook-24.com\/en\/wp-json\/wp\/v2\/product_brand?post=684"},{"taxonomy":"product_cat","embeddable":true,"href":"https:\/\/audiobook-24.com\/en\/wp-json\/wp\/v2\/product_cat?post=684"},{"taxonomy":"product_tag","embeddable":true,"href":"https:\/\/audiobook-24.com\/en\/wp-json\/wp\/v2\/product_tag?post=684"}],"curies":[{"name":"wp","href":"https:\/\/api.w.org\/{rel}","templated":true}]}}