{"id":678,"date":"2025-11-16T12:45:36","date_gmt":"2025-11-16T12:45:36","guid":{"rendered":"https:\/\/audiobook-24.com\/?post_type=product&#038;p=678"},"modified":"2025-11-16T12:45:36","modified_gmt":"2025-11-16T12:45:36","slug":"%f0%9f%8e%a7-hoerspiel-perry-rhodan-neo-132-melodie-des-untergangs","status":"publish","type":"product","link":"https:\/\/audiobook-24.com\/en\/product\/%f0%9f%8e%a7-hoerspiel-perry-rhodan-neo-132-melodie-des-untergangs\/","title":{"rendered":"\ud83c\udfa7 H\u00f6rspiel \u2013 Perry Rhodan NEO 132: Melodie des Untergangs"},"content":{"rendered":"<p><span style=\"font-size: large;\">\ud83c\udfa7\u00a0<strong>H\u00f6rspiel \u2013 Perry Rhodan NEO 132: Melodie des Untergangs<\/strong><\/span><\/p>\n<p><span style=\"font-size: large;\">Ein gef\u00e4hrlicher Auftrag f\u00fchrt Perry Rhodan und seine Gef\u00e4hrten in die Tiefen des Alls, wo eine geheimnisvolle\u00a0<strong>Melodie<\/strong>\u00a0seltsame Kr\u00e4fte entfaltet. Diese mysteri\u00f6se Macht bedroht ganze Planeten und wirft die Helden in ein Netz aus Intrigen, Verrat und t\u00f6dlichen Geheimnissen.<\/span><\/p>\n<p><span style=\"font-size: large;\">W\u00e4hrend sie versuchen, das R\u00e4tsel um die Melodie zu l\u00f6sen, wird klar: Wer ihre Geheimnisse beherrscht, h\u00e4lt das Schicksal ganzer Zivilisationen in der Hand. Ein packendes H\u00f6rspiel voller Spannung, Weltraumabenteuer und unerwarteter Wendungen.<\/span><\/p>\n<p><span style=\"font-size: large;\">\ud83d\udcbe\u00a0<em>Nach Bezahlung erh\u00e4ltst du sofort den Downloadlink \u2013 f\u00fcr Handy, Tablet und PC.<\/em><\/span><\/p>","protected":false},"excerpt":{"rendered":"<p>\ud83c\udfa7\u00a0H\u00f6rspiel \u2013 Perry Rhodan NEO 132: Melodie des Untergangs Ein gef\u00e4hrlicher Auftrag f\u00fchrt Perry Rhodan und seine Gef\u00e4hrten in die Tiefen des Alls, wo eine geheimnisvolle\u00a0Melodie\u00a0seltsame Kr\u00e4fte entfaltet. Diese mysteri\u00f6se Macht bedroht ganze Planeten und wirft die Helden in ein Netz aus Intrigen, Verrat und t\u00f6dlichen Geheimnissen. W\u00e4hrend sie versuchen, das R\u00e4tsel um die Melodie [&hellip;]<\/p>\n","protected":false},"featured_media":679,"comment_status":"open","ping_status":"closed","template":"","meta":[],"product_brand":[],"product_cat":[37],"product_tag":[],"class_list":{"0":"post-678","1":"product","2":"type-product","3":"status-publish","4":"has-post-thumbnail","6":"product_cat-hoerspiel-perry-r","8":"first","9":"instock","10":"sale","11":"virtual","12":"purchasable","13":"product-type-simple"},"jetpack_sharing_enabled":true,"_links":{"self":[{"href":"https:\/\/audiobook-24.com\/en\/wp-json\/wp\/v2\/product\/678","targetHints":{"allow":["GET"]}}],"collection":[{"href":"https:\/\/audiobook-24.com\/en\/wp-json\/wp\/v2\/product"}],"about":[{"href":"https:\/\/audiobook-24.com\/en\/wp-json\/wp\/v2\/types\/product"}],"replies":[{"embeddable":true,"href":"https:\/\/audiobook-24.com\/en\/wp-json\/wp\/v2\/comments?post=678"}],"wp:featuredmedia":[{"embeddable":true,"href":"https:\/\/audiobook-24.com\/en\/wp-json\/wp\/v2\/media\/679"}],"wp:attachment":[{"href":"https:\/\/audiobook-24.com\/en\/wp-json\/wp\/v2\/media?parent=678"}],"wp:term":[{"taxonomy":"product_brand","embeddable":true,"href":"https:\/\/audiobook-24.com\/en\/wp-json\/wp\/v2\/product_brand?post=678"},{"taxonomy":"product_cat","embeddable":true,"href":"https:\/\/audiobook-24.com\/en\/wp-json\/wp\/v2\/product_cat?post=678"},{"taxonomy":"product_tag","embeddable":true,"href":"https:\/\/audiobook-24.com\/en\/wp-json\/wp\/v2\/product_tag?post=678"}],"curies":[{"name":"wp","href":"https:\/\/api.w.org\/{rel}","templated":true}]}}