{"id":676,"date":"2025-11-16T12:40:51","date_gmt":"2025-11-16T12:40:51","guid":{"rendered":"https:\/\/audiobook-24.com\/?post_type=product&#038;p=676"},"modified":"2025-11-16T12:40:51","modified_gmt":"2025-11-16T12:40:51","slug":"%f0%9f%8e%a7-hoerspiel-holmes-watson-mysterys-das-zeichen-des-fuenften","status":"publish","type":"product","link":"https:\/\/audiobook-24.com\/en\/product\/%f0%9f%8e%a7-hoerspiel-holmes-watson-mysterys-das-zeichen-des-fuenften\/","title":{"rendered":"\ud83c\udfa7 H\u00f6rspiel \u2013 Holmes &#038; Watson Mysterys: Das Zeichen des F\u00fcnften"},"content":{"rendered":"<p><span style=\"font-size: large;\">\ud83c\udfa7\u00a0<strong>H\u00f6rspiel \u2013 Holmes &amp; Watson Mysterys: Das Zeichen des F\u00fcnften<\/strong><\/span><\/p>\n<p><span style=\"font-size: large;\">Ein geheimnisvolles Symbol taucht in London auf \u2013 das\u00a0<strong>Zeichen des F\u00fcnften<\/strong>. Unheimliche Vorf\u00e4lle und r\u00e4tselhafte Botschaften f\u00fchren Holmes und Watson in ein gef\u00e4hrliches Netz aus Intrigen, alten Geheimnissen und mysteri\u00f6sen M\u00e4chten.<\/span><\/p>\n<p><span style=\"font-size: large;\">Nur mit\u00a0<strong>scharfem Verstand, Kombinationsgabe und Mut<\/strong>\u00a0k\u00f6nnen die Detektive die Wahrheit hinter dem Zeichen aufdecken \u2013 und einen drohenden Plan verhindern, der London und seine Bewohner bedroht.<\/span><\/p>\n<p><span style=\"font-size: large;\">\ud83d\udd0a Ein fesselndes H\u00f6rspiel voller Spannung, mysteri\u00f6ser R\u00e4tsel und klassischer Holmes-Atmosph\u00e4re.<\/span><\/p>\n<p><span style=\"font-size: large;\">\ud83d\udcbe\u00a0<em>Nach Bezahlung erh\u00e4ltst du sofort den Downloadlink \u2013 f\u00fcr Handy, Tablet und PC.<\/em><\/span><\/p>","protected":false},"excerpt":{"rendered":"<p>\ud83c\udfa7\u00a0H\u00f6rspiel \u2013 Holmes &amp; Watson Mysterys: Das Zeichen des F\u00fcnften Ein geheimnisvolles Symbol taucht in London auf \u2013 das\u00a0Zeichen des F\u00fcnften. Unheimliche Vorf\u00e4lle und r\u00e4tselhafte Botschaften f\u00fchren Holmes und Watson in ein gef\u00e4hrliches Netz aus Intrigen, alten Geheimnissen und mysteri\u00f6sen M\u00e4chten. Nur mit\u00a0scharfem Verstand, Kombinationsgabe und Mut\u00a0k\u00f6nnen die Detektive die Wahrheit hinter dem Zeichen aufdecken [&hellip;]<\/p>\n","protected":false},"featured_media":677,"comment_status":"open","ping_status":"closed","template":"","meta":[],"product_brand":[],"product_cat":[34],"product_tag":[],"class_list":{"0":"post-676","1":"product","2":"type-product","3":"status-publish","4":"has-post-thumbnail","6":"product_cat-hoerspiel-krimi","8":"first","9":"instock","10":"sale","11":"virtual","12":"purchasable","13":"product-type-simple"},"jetpack_sharing_enabled":true,"_links":{"self":[{"href":"https:\/\/audiobook-24.com\/en\/wp-json\/wp\/v2\/product\/676","targetHints":{"allow":["GET"]}}],"collection":[{"href":"https:\/\/audiobook-24.com\/en\/wp-json\/wp\/v2\/product"}],"about":[{"href":"https:\/\/audiobook-24.com\/en\/wp-json\/wp\/v2\/types\/product"}],"replies":[{"embeddable":true,"href":"https:\/\/audiobook-24.com\/en\/wp-json\/wp\/v2\/comments?post=676"}],"wp:featuredmedia":[{"embeddable":true,"href":"https:\/\/audiobook-24.com\/en\/wp-json\/wp\/v2\/media\/677"}],"wp:attachment":[{"href":"https:\/\/audiobook-24.com\/en\/wp-json\/wp\/v2\/media?parent=676"}],"wp:term":[{"taxonomy":"product_brand","embeddable":true,"href":"https:\/\/audiobook-24.com\/en\/wp-json\/wp\/v2\/product_brand?post=676"},{"taxonomy":"product_cat","embeddable":true,"href":"https:\/\/audiobook-24.com\/en\/wp-json\/wp\/v2\/product_cat?post=676"},{"taxonomy":"product_tag","embeddable":true,"href":"https:\/\/audiobook-24.com\/en\/wp-json\/wp\/v2\/product_tag?post=676"}],"curies":[{"name":"wp","href":"https:\/\/api.w.org\/{rel}","templated":true}]}}