{"id":674,"date":"2025-11-16T12:38:56","date_gmt":"2025-11-16T12:38:56","guid":{"rendered":"https:\/\/audiobook-24.com\/?post_type=product&#038;p=674"},"modified":"2025-11-16T12:38:56","modified_gmt":"2025-11-16T12:38:56","slug":"%f0%9f%92%b0-kriminalhoerspiel-gefaehrliches-geld-von-edward-j-mason","status":"publish","type":"product","link":"https:\/\/audiobook-24.com\/en\/product\/%f0%9f%92%b0-kriminalhoerspiel-gefaehrliches-geld-von-edward-j-mason\/","title":{"rendered":"\ud83d\udcb0 Kriminalh\u00f6rspiel \u2013 Gef\u00e4hrliches Geld von Edward J. Mason"},"content":{"rendered":"<h1><span style=\"font-size: large;\"><strong>\ud83d\udcb0\u00a0Kriminalh\u00f6rspiel \u2013 Gef\u00e4hrliches Geld<\/strong><br \/>\nvon\u00a0<strong>Edward J. Mason<\/strong><\/span><\/h1>\n<p><span style=\"font-size: large;\">Ein geheimnisvoller Geldkoffer, zwielichtige Gestalten und eine Spur, die tief in die Londoner Unterwelt f\u00fchrt \u2026<br \/>\nAls ein unauff\u00e4lliger Bankangestellter pl\u00f6tzlich in den Besitz einer gro\u00dfen Summe Geld gelangt, wittert er die Chance seines Lebens. Doch der Fund erweist sich schnell als verh\u00e4ngnisvoll: Die Besitzer des Geldes sind skrupellos \u2013 und sie wollen es zur\u00fcck, um jeden Preis!<\/span><\/p>\n<p><span style=\"font-size: large;\">Schon bald entspinnt sich ein packendes Katz-und-Maus-Spiel zwischen Gier, Verrat und t\u00f6dlicher Gefahr.\u00a0<strong>\u201eGef\u00e4hrliches Geld\u201c<\/strong>\u00a0ist ein klassisches Kriminalh\u00f6rspiel, das mit raffiniertem Plot, spannenden Wendungen und authentischer Atmosph\u00e4re \u00fcberzeugt.<\/span><\/p>\n<p><span style=\"font-size: large;\">\ud83d\udd0a Ein Muss f\u00fcr Freunde von britischen Krimiklassikern!<\/span><\/p>\n<p><span style=\"font-size: large;\">\ud83d\udcbe\u00a0<em>Nach Bezahlung erh\u00e4ltst du sofort den Downloadlink \u2013 f\u00fcr Handy, Tablet und PC.<\/em><\/span><\/p>","protected":false},"excerpt":{"rendered":"<p>\ud83d\udcb0\u00a0Kriminalh\u00f6rspiel \u2013 Gef\u00e4hrliches Geld von\u00a0Edward J. Mason Ein geheimnisvoller Geldkoffer, zwielichtige Gestalten und eine Spur, die tief in die Londoner Unterwelt f\u00fchrt \u2026 Als ein unauff\u00e4lliger Bankangestellter pl\u00f6tzlich in den Besitz einer gro\u00dfen Summe Geld gelangt, wittert er die Chance seines Lebens. Doch der Fund erweist sich schnell als verh\u00e4ngnisvoll: Die Besitzer des Geldes sind [&hellip;]<\/p>\n","protected":false},"featured_media":675,"comment_status":"open","ping_status":"closed","template":"","meta":[],"product_brand":[],"product_cat":[34],"product_tag":[],"class_list":{"0":"post-674","1":"product","2":"type-product","3":"status-publish","4":"has-post-thumbnail","6":"product_cat-hoerspiel-krimi","8":"first","9":"instock","10":"sale","11":"virtual","12":"purchasable","13":"product-type-simple"},"jetpack_sharing_enabled":true,"_links":{"self":[{"href":"https:\/\/audiobook-24.com\/en\/wp-json\/wp\/v2\/product\/674","targetHints":{"allow":["GET"]}}],"collection":[{"href":"https:\/\/audiobook-24.com\/en\/wp-json\/wp\/v2\/product"}],"about":[{"href":"https:\/\/audiobook-24.com\/en\/wp-json\/wp\/v2\/types\/product"}],"replies":[{"embeddable":true,"href":"https:\/\/audiobook-24.com\/en\/wp-json\/wp\/v2\/comments?post=674"}],"wp:featuredmedia":[{"embeddable":true,"href":"https:\/\/audiobook-24.com\/en\/wp-json\/wp\/v2\/media\/675"}],"wp:attachment":[{"href":"https:\/\/audiobook-24.com\/en\/wp-json\/wp\/v2\/media?parent=674"}],"wp:term":[{"taxonomy":"product_brand","embeddable":true,"href":"https:\/\/audiobook-24.com\/en\/wp-json\/wp\/v2\/product_brand?post=674"},{"taxonomy":"product_cat","embeddable":true,"href":"https:\/\/audiobook-24.com\/en\/wp-json\/wp\/v2\/product_cat?post=674"},{"taxonomy":"product_tag","embeddable":true,"href":"https:\/\/audiobook-24.com\/en\/wp-json\/wp\/v2\/product_tag?post=674"}],"curies":[{"name":"wp","href":"https:\/\/api.w.org\/{rel}","templated":true}]}}