{"id":666,"date":"2025-11-16T01:27:24","date_gmt":"2025-11-16T01:27:24","guid":{"rendered":"https:\/\/audiobook-24.com\/?post_type=product&#038;p=666"},"modified":"2025-11-16T01:27:24","modified_gmt":"2025-11-16T01:27:24","slug":"das-hoerspiel-tote-brauchen-kein-shampoo-allgaeu-krimi-mord-in-obertanndorf","status":"publish","type":"product","link":"https:\/\/audiobook-24.com\/en\/product\/das-hoerspiel-tote-brauchen-kein-shampoo-allgaeu-krimi-mord-in-obertanndorf\/","title":{"rendered":"Das H\u00f6rspiel \u201eTote brauchen kein Shampoo \u2013 Allg\u00e4u-Krimi: Mord in Obertanndorf\u201c"},"content":{"rendered":"<div>\n<p><strong><span style=\"font-size: large;\">H\u00f6rspiel \u201eTote brauchen kein Shampoo \u2013 Allg\u00e4u-Krimi: Mord in Obertanndorf\u201c<\/span><\/strong><\/p>\n<p><span style=\"font-size: large;\"><strong>Inhalt:<\/strong><br \/>\nIn Obertanndorf wird die Leiche eines bekannten Friseurs gefunden \u2013 tot und unter mysteri\u00f6sen Umst\u00e4nden. Kommissar Maier und sein Team sto\u00dfen schnell auf ein Netz aus kleinen Dorfintrigen, alten Geheimnissen und unerwarteten Verd\u00e4chtigen. W\u00e4hrend der Winter in den Allg\u00e4uer Bergen immer h\u00e4rter wird, geraten die Ermittlungen zu einem gef\u00e4hrlichen Katz-und-Maus-Spiel. Nur wer clever kombiniert, kann den M\u00f6rder entlarven.<\/span><\/p>\n<hr \/>\n<p><span style=\"font-size: large;\">Nach Bezahlung erhalten Sie\u00a0<strong>sofort den Downloadlink<\/strong>\u00a0f\u00fcr:<\/span><\/p>\n<ul>\n<li><span style=\"font-size: large;\">PC<\/span><\/li>\n<li><span style=\"font-size: large;\">Handy<\/span><\/li>\n<li><span style=\"font-size: large;\">Tablet<\/span><\/li>\n<li><span style=\"font-size: large;\">MP3 Player<\/span><\/li>\n<li><span style=\"font-size: large;\">MP4 Player<\/span><\/li>\n<\/ul>\n<p><strong><span style=\"font-size: large;\">Oder auf allen Ger\u00e4ten gleichzeitig genie\u00dfen \u2013 so oft Sie wollen.<\/span><\/strong><\/p>\n<\/div>\n<div>\n<p><span style=\"font-size: large;\">\u00a0<\/span><\/p>\n<\/div>","protected":false},"excerpt":{"rendered":"<p>H\u00f6rspiel \u201eTote brauchen kein Shampoo \u2013 Allg\u00e4u-Krimi: Mord in Obertanndorf\u201c Inhalt: In Obertanndorf wird die Leiche eines bekannten Friseurs gefunden \u2013 tot und unter mysteri\u00f6sen Umst\u00e4nden. Kommissar Maier und sein Team sto\u00dfen schnell auf ein Netz aus kleinen Dorfintrigen, alten Geheimnissen und unerwarteten Verd\u00e4chtigen. W\u00e4hrend der Winter in den Allg\u00e4uer Bergen immer h\u00e4rter wird, geraten [&hellip;]<\/p>\n","protected":false},"featured_media":667,"comment_status":"open","ping_status":"closed","template":"","meta":[],"product_brand":[],"product_cat":[34],"product_tag":[],"class_list":{"0":"post-666","1":"product","2":"type-product","3":"status-publish","4":"has-post-thumbnail","6":"product_cat-hoerspiel-krimi","8":"first","9":"instock","10":"sale","11":"virtual","12":"purchasable","13":"product-type-simple"},"jetpack_sharing_enabled":true,"_links":{"self":[{"href":"https:\/\/audiobook-24.com\/en\/wp-json\/wp\/v2\/product\/666","targetHints":{"allow":["GET"]}}],"collection":[{"href":"https:\/\/audiobook-24.com\/en\/wp-json\/wp\/v2\/product"}],"about":[{"href":"https:\/\/audiobook-24.com\/en\/wp-json\/wp\/v2\/types\/product"}],"replies":[{"embeddable":true,"href":"https:\/\/audiobook-24.com\/en\/wp-json\/wp\/v2\/comments?post=666"}],"wp:featuredmedia":[{"embeddable":true,"href":"https:\/\/audiobook-24.com\/en\/wp-json\/wp\/v2\/media\/667"}],"wp:attachment":[{"href":"https:\/\/audiobook-24.com\/en\/wp-json\/wp\/v2\/media?parent=666"}],"wp:term":[{"taxonomy":"product_brand","embeddable":true,"href":"https:\/\/audiobook-24.com\/en\/wp-json\/wp\/v2\/product_brand?post=666"},{"taxonomy":"product_cat","embeddable":true,"href":"https:\/\/audiobook-24.com\/en\/wp-json\/wp\/v2\/product_cat?post=666"},{"taxonomy":"product_tag","embeddable":true,"href":"https:\/\/audiobook-24.com\/en\/wp-json\/wp\/v2\/product_tag?post=666"}],"curies":[{"name":"wp","href":"https:\/\/api.w.org\/{rel}","templated":true}]}}