{"id":662,"date":"2025-11-16T01:24:02","date_gmt":"2025-11-16T01:24:02","guid":{"rendered":"https:\/\/audiobook-24.com\/?post_type=product&#038;p=662"},"modified":"2025-11-16T01:24:02","modified_gmt":"2025-11-16T01:24:02","slug":"%f0%9f%8e%a7-hoerspiel-scotland-yard-folge-38-mord-im-transsib","status":"publish","type":"product","link":"https:\/\/audiobook-24.com\/en\/product\/%f0%9f%8e%a7-hoerspiel-scotland-yard-folge-38-mord-im-transsib\/","title":{"rendered":"\ud83c\udfa7 H\u00f6rspiel: Scotland Yard \u2013 Folge 38: Mord im Transsib"},"content":{"rendered":"<p><span><span style=\"font-size: large;\">\ud83c\udfa7\u00a0<strong>H\u00f6rspiel: Scotland Yard \u2013 Folge 38: Mord im Transsib<\/strong><\/span><\/span><\/p>\n<p><span><span style=\"font-size: large;\">Im H\u00f6rspiel\u00a0<em>\u201eMord im Transsib\u201c<\/em>\u00a0der Reihe\u00a0<strong>Scotland Yard<\/strong>\u00a0f\u00fchrt die Spur die Ermittler auf eine abenteuerliche Reise mit dem legend\u00e4ren Transsibirien-Express. Mitten in der endlosen Weite Russlands geschieht ein r\u00e4tselhafter Mord. Verd\u00e4chtige, Geheimnisse und gef\u00e4hrliche Intrigen machen den Zug zu einem Schauplatz voller Spannung und Nervenkitzel. Ein packender Fall, bei dem die Ermittler all ihr K\u00f6nnen brauchen, um den T\u00e4ter rechtzeitig zu entlarven.<\/span><\/span><\/p>\n<p><span><span style=\"font-size: large;\">\ud83d\udcb3\u00a0<strong>Nach der Bezahlung: sofortiger Downloadlink zum Genie\u00dfen<\/strong><\/span><\/span><\/p>\n<p><span><span style=\"font-size: large;\">\ud83d\udcf1 Handy\u2003|\u2003\ud83d\udcf2 Tablet\u2003|\u2003\ud83d\udcbb PC\u2003|\u2003\ud83c\udfa7 MP3-Player<\/span><\/span><\/p>","protected":false},"excerpt":{"rendered":"<p>\ud83c\udfa7\u00a0H\u00f6rspiel: Scotland Yard \u2013 Folge 38: Mord im Transsib Im H\u00f6rspiel\u00a0\u201eMord im Transsib\u201c\u00a0der Reihe\u00a0Scotland Yard\u00a0f\u00fchrt die Spur die Ermittler auf eine abenteuerliche Reise mit dem legend\u00e4ren Transsibirien-Express. Mitten in der endlosen Weite Russlands geschieht ein r\u00e4tselhafter Mord. Verd\u00e4chtige, Geheimnisse und gef\u00e4hrliche Intrigen machen den Zug zu einem Schauplatz voller Spannung und Nervenkitzel. Ein packender Fall, [&hellip;]<\/p>\n","protected":false},"featured_media":663,"comment_status":"open","ping_status":"closed","template":"","meta":[],"product_brand":[],"product_cat":[34],"product_tag":[],"class_list":{"0":"post-662","1":"product","2":"type-product","3":"status-publish","4":"has-post-thumbnail","6":"product_cat-hoerspiel-krimi","8":"first","9":"instock","10":"sale","11":"virtual","12":"purchasable","13":"product-type-simple"},"jetpack_sharing_enabled":true,"_links":{"self":[{"href":"https:\/\/audiobook-24.com\/en\/wp-json\/wp\/v2\/product\/662","targetHints":{"allow":["GET"]}}],"collection":[{"href":"https:\/\/audiobook-24.com\/en\/wp-json\/wp\/v2\/product"}],"about":[{"href":"https:\/\/audiobook-24.com\/en\/wp-json\/wp\/v2\/types\/product"}],"replies":[{"embeddable":true,"href":"https:\/\/audiobook-24.com\/en\/wp-json\/wp\/v2\/comments?post=662"}],"wp:featuredmedia":[{"embeddable":true,"href":"https:\/\/audiobook-24.com\/en\/wp-json\/wp\/v2\/media\/663"}],"wp:attachment":[{"href":"https:\/\/audiobook-24.com\/en\/wp-json\/wp\/v2\/media?parent=662"}],"wp:term":[{"taxonomy":"product_brand","embeddable":true,"href":"https:\/\/audiobook-24.com\/en\/wp-json\/wp\/v2\/product_brand?post=662"},{"taxonomy":"product_cat","embeddable":true,"href":"https:\/\/audiobook-24.com\/en\/wp-json\/wp\/v2\/product_cat?post=662"},{"taxonomy":"product_tag","embeddable":true,"href":"https:\/\/audiobook-24.com\/en\/wp-json\/wp\/v2\/product_tag?post=662"}],"curies":[{"name":"wp","href":"https:\/\/api.w.org\/{rel}","templated":true}]}}