{"id":658,"date":"2025-11-16T01:21:27","date_gmt":"2025-11-16T01:21:27","guid":{"rendered":"https:\/\/audiobook-24.com\/?post_type=product&#038;p=658"},"modified":"2025-11-16T01:21:27","modified_gmt":"2025-11-16T01:21:27","slug":"%f0%9f%8e%a7-hoerspiel-annie-de-vries-tote-fische-faengt-man-schneller","status":"publish","type":"product","link":"https:\/\/audiobook-24.com\/en\/product\/%f0%9f%8e%a7-hoerspiel-annie-de-vries-tote-fische-faengt-man-schneller\/","title":{"rendered":"\ud83c\udfa7 H\u00f6rspiel: Annie de Vries \u2013 Tote Fische f\u00e4ngt man schneller"},"content":{"rendered":"<div>\n<div>\n<div>\n<div>\n<div>\n<div>\n<p><span style=\"font-size: x-large;\">\ud83c\udfa7\u00a0<strong>H\u00f6rspiel: Annie de Vries \u2013 Tote Fische f\u00e4ngt man schneller<\/strong><\/span><\/p>\n<p><span style=\"font-size: x-large;\"><b><br \/>\n<\/b><strong>Inhalt<\/strong><\/span><\/p>\n<p><span style=\"font-size: x-large;\">An der rauen K\u00fcste wird ein grausamer Fund gemacht: Tote Fische treiben im Wasser \u2013 und bald auch eine Leiche. Ermittlerin Annie de Vries steht vor einem r\u00e4tselhaften Fall, bei dem dunkle Geheimnisse und menschliche Abgr\u00fcnde ans Licht kommen. Zwischen d\u00f6rflichen Intrigen, gef\u00e4hrlichen Begegnungen und unerwarteten Wendungen muss sie den T\u00e4ter entlarven, bevor weitere Opfer folgen.<\/span><\/p>\n<p><span style=\"font-size: x-large;\">\u2705 Nach Bezahlung erhalten Sie sofort Ihren pers\u00f6nlichen Downloadlink f\u00fcr:<br \/>\n\ud83d\udcf1 Handy\u2003|\u2003\ud83d\udcbb Tablet\u2003|\u2003\ud83c\udfa7 MP3\u2003|\u2003\ud83d\udda5\ufe0f PC<\/span><\/p>\n<p><span style=\"font-size: x-large;\">Ein atmosph\u00e4risches Krimi-H\u00f6rspiel voller Spannung, Nordsee-Feeling und \u00fcberraschender Enth\u00fcllungen \u2013 erleben Sie\u00a0<em>Annie de Vries \u2013 Tote Fische f\u00e4ngt man schneller<\/em>\u00a0jederzeit und so oft Sie wollen!<\/span><\/p>\n<\/div>\n<p>&nbsp;<\/p>\n<\/div>\n<\/div>\n<\/div>\n<\/div>\n<\/div>\n<div>\n<div>\n<div>\n<p><b>\u00a0<\/b><\/p>\n<\/div>\n<\/div>\n<\/div>","protected":false},"excerpt":{"rendered":"<p>\ud83c\udfa7\u00a0H\u00f6rspiel: Annie de Vries \u2013 Tote Fische f\u00e4ngt man schneller Inhalt An der rauen K\u00fcste wird ein grausamer Fund gemacht: Tote Fische treiben im Wasser \u2013 und bald auch eine Leiche. Ermittlerin Annie de Vries steht vor einem r\u00e4tselhaften Fall, bei dem dunkle Geheimnisse und menschliche Abgr\u00fcnde ans Licht kommen. Zwischen d\u00f6rflichen Intrigen, gef\u00e4hrlichen Begegnungen [&hellip;]<\/p>\n","protected":false},"featured_media":659,"comment_status":"open","ping_status":"closed","template":"","meta":[],"product_brand":[],"product_cat":[34],"product_tag":[],"class_list":{"0":"post-658","1":"product","2":"type-product","3":"status-publish","4":"has-post-thumbnail","6":"product_cat-hoerspiel-krimi","8":"first","9":"instock","10":"sale","11":"virtual","12":"purchasable","13":"product-type-simple"},"jetpack_sharing_enabled":true,"_links":{"self":[{"href":"https:\/\/audiobook-24.com\/en\/wp-json\/wp\/v2\/product\/658","targetHints":{"allow":["GET"]}}],"collection":[{"href":"https:\/\/audiobook-24.com\/en\/wp-json\/wp\/v2\/product"}],"about":[{"href":"https:\/\/audiobook-24.com\/en\/wp-json\/wp\/v2\/types\/product"}],"replies":[{"embeddable":true,"href":"https:\/\/audiobook-24.com\/en\/wp-json\/wp\/v2\/comments?post=658"}],"wp:featuredmedia":[{"embeddable":true,"href":"https:\/\/audiobook-24.com\/en\/wp-json\/wp\/v2\/media\/659"}],"wp:attachment":[{"href":"https:\/\/audiobook-24.com\/en\/wp-json\/wp\/v2\/media?parent=658"}],"wp:term":[{"taxonomy":"product_brand","embeddable":true,"href":"https:\/\/audiobook-24.com\/en\/wp-json\/wp\/v2\/product_brand?post=658"},{"taxonomy":"product_cat","embeddable":true,"href":"https:\/\/audiobook-24.com\/en\/wp-json\/wp\/v2\/product_cat?post=658"},{"taxonomy":"product_tag","embeddable":true,"href":"https:\/\/audiobook-24.com\/en\/wp-json\/wp\/v2\/product_tag?post=658"}],"curies":[{"name":"wp","href":"https:\/\/api.w.org\/{rel}","templated":true}]}}