{"id":656,"date":"2025-11-16T01:19:55","date_gmt":"2025-11-16T01:19:55","guid":{"rendered":"https:\/\/audiobook-24.com\/?post_type=product&#038;p=656"},"modified":"2025-11-16T01:19:55","modified_gmt":"2025-11-16T01:19:55","slug":"%f0%9f%8e%a7-hoerspiel-anthony-coles-ein-gentleman-in-arles-moerderische-machenschaften","status":"publish","type":"product","link":"https:\/\/audiobook-24.com\/en\/product\/%f0%9f%8e%a7-hoerspiel-anthony-coles-ein-gentleman-in-arles-moerderische-machenschaften\/","title":{"rendered":"\ud83c\udfa7 H\u00f6rspiel: Anthony Coles \u2013 Ein Gentleman in Arles: M\u00f6rderische Machenschaften"},"content":{"rendered":"<p><span style=\"font-size: x-large;\">\ud83c\udfa7\u00a0<strong>H\u00f6rspiel: Anthony Coles \u2013 Ein Gentleman in Arles: M\u00f6rderische Machenschaften<\/strong><\/span><\/p>\n<p><span style=\"font-size: x-large;\"><b><br \/>\n<\/b><strong>Inhalt<\/strong><\/span><\/p>\n<p><span style=\"font-size: x-large;\">In der malerischen Provence scheint das Leben idyllisch \u2013 bis eine Reihe r\u00e4tselhafter Ereignisse die Ruhe zerst\u00f6rt. Der kultivierte Gentleman-Ermittler st\u00f6\u00dft auf ein Netz aus L\u00fcgen, Intrigen und gef\u00e4hrlichen Geheimnissen. Zwischen Weing\u00fctern, alten Villen und dem Flair von Arles entlarvt er Schritt f\u00fcr Schritt die m\u00f6rderischen Machenschaften, die hinter der sch\u00f6nen Fassade lauern.<\/span><\/p>\n<p><span style=\"font-size: x-large;\">\u2705 Nach Bezahlung erhalten Sie sofort Ihren pers\u00f6nlichen Downloadlink f\u00fcr:<br \/>\n\ud83d\udcf1 Handy\u2003|\u2003\ud83d\udcbb Tablet\u2003|\u2003\ud83c\udfa7 MP3\u2003|\u2003\ud83d\udda5\ufe0f PC<\/span><\/p>\n<p><span style=\"font-size: x-large;\">Ein spannendes, atmosph\u00e4risches Krimi-H\u00f6rspiel voller franz\u00f6sischem Charme, listiger Wendungen und feinem Humor \u2013 erleben Sie\u00a0<em>Ein Gentleman in Arles: M\u00f6rderische Machenschaften<\/em>\u00a0jederzeit und so oft Sie wollen!<\/span><\/p>","protected":false},"excerpt":{"rendered":"<p>\ud83c\udfa7\u00a0H\u00f6rspiel: Anthony Coles \u2013 Ein Gentleman in Arles: M\u00f6rderische Machenschaften Inhalt In der malerischen Provence scheint das Leben idyllisch \u2013 bis eine Reihe r\u00e4tselhafter Ereignisse die Ruhe zerst\u00f6rt. Der kultivierte Gentleman-Ermittler st\u00f6\u00dft auf ein Netz aus L\u00fcgen, Intrigen und gef\u00e4hrlichen Geheimnissen. Zwischen Weing\u00fctern, alten Villen und dem Flair von Arles entlarvt er Schritt f\u00fcr Schritt [&hellip;]<\/p>\n","protected":false},"featured_media":657,"comment_status":"open","ping_status":"closed","template":"","meta":[],"product_brand":[],"product_cat":[34],"product_tag":[],"class_list":{"0":"post-656","1":"product","2":"type-product","3":"status-publish","4":"has-post-thumbnail","6":"product_cat-hoerspiel-krimi","8":"first","9":"instock","10":"sale","11":"virtual","12":"purchasable","13":"product-type-simple"},"jetpack_sharing_enabled":true,"_links":{"self":[{"href":"https:\/\/audiobook-24.com\/en\/wp-json\/wp\/v2\/product\/656","targetHints":{"allow":["GET"]}}],"collection":[{"href":"https:\/\/audiobook-24.com\/en\/wp-json\/wp\/v2\/product"}],"about":[{"href":"https:\/\/audiobook-24.com\/en\/wp-json\/wp\/v2\/types\/product"}],"replies":[{"embeddable":true,"href":"https:\/\/audiobook-24.com\/en\/wp-json\/wp\/v2\/comments?post=656"}],"wp:featuredmedia":[{"embeddable":true,"href":"https:\/\/audiobook-24.com\/en\/wp-json\/wp\/v2\/media\/657"}],"wp:attachment":[{"href":"https:\/\/audiobook-24.com\/en\/wp-json\/wp\/v2\/media?parent=656"}],"wp:term":[{"taxonomy":"product_brand","embeddable":true,"href":"https:\/\/audiobook-24.com\/en\/wp-json\/wp\/v2\/product_brand?post=656"},{"taxonomy":"product_cat","embeddable":true,"href":"https:\/\/audiobook-24.com\/en\/wp-json\/wp\/v2\/product_cat?post=656"},{"taxonomy":"product_tag","embeddable":true,"href":"https:\/\/audiobook-24.com\/en\/wp-json\/wp\/v2\/product_tag?post=656"}],"curies":[{"name":"wp","href":"https:\/\/api.w.org\/{rel}","templated":true}]}}