{"id":648,"date":"2025-11-16T01:10:12","date_gmt":"2025-11-16T01:10:12","guid":{"rendered":"https:\/\/audiobook-24.com\/?post_type=product&#038;p=648"},"modified":"2025-11-16T01:10:12","modified_gmt":"2025-11-16T01:10:12","slug":"e-book-gundel-gaukeley-ausgabe-03","status":"publish","type":"product","link":"https:\/\/audiobook-24.com\/en\/product\/e-book-gundel-gaukeley-ausgabe-03\/","title":{"rendered":"E-Book: Gundel Gaukeley \u2013 Ausgabe 03"},"content":{"rendered":"<h1><strong>-Book: Gundel Gaukeley \u2013 Ausgabe 03<\/strong><\/h1>\n<p><b>Gundel Gaukeley, die schlaue und hinterlistige Hexe vom Vesuv, ist wieder einmal hinter Onkel Dagoberts wertvollstem Besitz her \u2013 dem Gl\u00fcckszehner! Mit ihren magischen Kr\u00e4ften, listigen Zauberspr\u00fcchen und cleveren Fallen versucht sie, den Talisman an sich zu rei\u00dfen. Doch Donald, Dagobert und ihre Freunde setzen alles daran, ihre Pl\u00e4ne zu durchkreuzen. Eine spannende Mischung aus Magie, Humor und Entenhausener Chaos, die gro\u00dfe und kleine Leser begeistert.<\/b><\/p>\n<hr \/>\n<p><b><strong>Nach der Bezahlung<\/strong>\u00a0erh\u00e4ltst du den Downloadlink, mit dem du das E-Book direkt auf dein Handy, Tablet oder deinen PC herunterladen kannst.<\/b><\/p>","protected":false},"excerpt":{"rendered":"<p>-Book: Gundel Gaukeley \u2013 Ausgabe 03 Gundel Gaukeley, die schlaue und hinterlistige Hexe vom Vesuv, ist wieder einmal hinter Onkel Dagoberts wertvollstem Besitz her \u2013 dem Gl\u00fcckszehner! Mit ihren magischen Kr\u00e4ften, listigen Zauberspr\u00fcchen und cleveren Fallen versucht sie, den Talisman an sich zu rei\u00dfen. Doch Donald, Dagobert und ihre Freunde setzen alles daran, ihre Pl\u00e4ne [&hellip;]<\/p>\n","protected":false},"featured_media":649,"comment_status":"open","ping_status":"closed","template":"","meta":[],"product_brand":[],"product_cat":[38],"product_tag":[],"class_list":{"0":"post-648","1":"product","2":"type-product","3":"status-publish","4":"has-post-thumbnail","6":"product_cat-e-book-comic","8":"first","9":"instock","10":"sale","11":"virtual","12":"purchasable","13":"product-type-simple"},"jetpack_sharing_enabled":true,"_links":{"self":[{"href":"https:\/\/audiobook-24.com\/en\/wp-json\/wp\/v2\/product\/648","targetHints":{"allow":["GET"]}}],"collection":[{"href":"https:\/\/audiobook-24.com\/en\/wp-json\/wp\/v2\/product"}],"about":[{"href":"https:\/\/audiobook-24.com\/en\/wp-json\/wp\/v2\/types\/product"}],"replies":[{"embeddable":true,"href":"https:\/\/audiobook-24.com\/en\/wp-json\/wp\/v2\/comments?post=648"}],"wp:featuredmedia":[{"embeddable":true,"href":"https:\/\/audiobook-24.com\/en\/wp-json\/wp\/v2\/media\/649"}],"wp:attachment":[{"href":"https:\/\/audiobook-24.com\/en\/wp-json\/wp\/v2\/media?parent=648"}],"wp:term":[{"taxonomy":"product_brand","embeddable":true,"href":"https:\/\/audiobook-24.com\/en\/wp-json\/wp\/v2\/product_brand?post=648"},{"taxonomy":"product_cat","embeddable":true,"href":"https:\/\/audiobook-24.com\/en\/wp-json\/wp\/v2\/product_cat?post=648"},{"taxonomy":"product_tag","embeddable":true,"href":"https:\/\/audiobook-24.com\/en\/wp-json\/wp\/v2\/product_tag?post=648"}],"curies":[{"name":"wp","href":"https:\/\/api.w.org\/{rel}","templated":true}]}}