{"id":646,"date":"2025-11-16T01:08:12","date_gmt":"2025-11-16T01:08:12","guid":{"rendered":"https:\/\/audiobook-24.com\/?post_type=product&#038;p=646"},"modified":"2025-11-16T01:08:13","modified_gmt":"2025-11-16T01:08:13","slug":"e-book-phantomias-wenn-in-entenhausen-verbrechen-drohen","status":"publish","type":"product","link":"https:\/\/audiobook-24.com\/en\/product\/e-book-phantomias-wenn-in-entenhausen-verbrechen-drohen\/","title":{"rendered":"E-Book: Phantomias Wenn in Entenhausen Verbrechen drohen"},"content":{"rendered":"<h1>E-Book: Phantomias<\/h1>\n<p><b>Wenn in Entenhausen Verbrechen drohen und finstere Gestalten ihr Unwesen treiben, ist Phantomias zur Stelle! Hinter der Maske steckt niemand anderes als Donald Duck, der als maskierter Held mit Mut, Cleverness und manchmal auch einer Portion Gl\u00fcck f\u00fcr Gerechtigkeit sorgt. Ob gegen raffinierte Schurken, mysteri\u00f6se R\u00e4tsel oder technische Herausforderungen \u2013 Phantomias liefert spannende Abenteuer voller Action, Humor und Entenhausener Charme.<\/b><\/p>\n<hr \/>\n<p><b><strong>Nach der Bezahlung<\/strong>\u00a0erh\u00e4ltst du den Downloadlink, mit dem du das E-Book direkt auf dein Handy, Tablet oder deinen PC herunterladen kannst.<\/b><\/p>","protected":false},"excerpt":{"rendered":"<p>E-Book: Phantomias Wenn in Entenhausen Verbrechen drohen und finstere Gestalten ihr Unwesen treiben, ist Phantomias zur Stelle! Hinter der Maske steckt niemand anderes als Donald Duck, der als maskierter Held mit Mut, Cleverness und manchmal auch einer Portion Gl\u00fcck f\u00fcr Gerechtigkeit sorgt. Ob gegen raffinierte Schurken, mysteri\u00f6se R\u00e4tsel oder technische Herausforderungen \u2013 Phantomias liefert spannende [&hellip;]<\/p>\n","protected":false},"featured_media":647,"comment_status":"open","ping_status":"closed","template":"","meta":[],"product_brand":[],"product_cat":[38],"product_tag":[],"class_list":{"0":"post-646","1":"product","2":"type-product","3":"status-publish","4":"has-post-thumbnail","6":"product_cat-e-book-comic","8":"first","9":"instock","10":"sale","11":"virtual","12":"purchasable","13":"product-type-simple"},"jetpack_sharing_enabled":true,"_links":{"self":[{"href":"https:\/\/audiobook-24.com\/en\/wp-json\/wp\/v2\/product\/646","targetHints":{"allow":["GET"]}}],"collection":[{"href":"https:\/\/audiobook-24.com\/en\/wp-json\/wp\/v2\/product"}],"about":[{"href":"https:\/\/audiobook-24.com\/en\/wp-json\/wp\/v2\/types\/product"}],"replies":[{"embeddable":true,"href":"https:\/\/audiobook-24.com\/en\/wp-json\/wp\/v2\/comments?post=646"}],"wp:featuredmedia":[{"embeddable":true,"href":"https:\/\/audiobook-24.com\/en\/wp-json\/wp\/v2\/media\/647"}],"wp:attachment":[{"href":"https:\/\/audiobook-24.com\/en\/wp-json\/wp\/v2\/media?parent=646"}],"wp:term":[{"taxonomy":"product_brand","embeddable":true,"href":"https:\/\/audiobook-24.com\/en\/wp-json\/wp\/v2\/product_brand?post=646"},{"taxonomy":"product_cat","embeddable":true,"href":"https:\/\/audiobook-24.com\/en\/wp-json\/wp\/v2\/product_cat?post=646"},{"taxonomy":"product_tag","embeddable":true,"href":"https:\/\/audiobook-24.com\/en\/wp-json\/wp\/v2\/product_tag?post=646"}],"curies":[{"name":"wp","href":"https:\/\/api.w.org\/{rel}","templated":true}]}}