{"id":642,"date":"2025-11-16T01:04:41","date_gmt":"2025-11-16T01:04:41","guid":{"rendered":"https:\/\/audiobook-24.com\/?post_type=product&#038;p=642"},"modified":"2025-11-16T01:04:41","modified_gmt":"2025-11-16T01:04:41","slug":"%f0%9f%8e%a7-hoerspiel-john-sinclair-die-rache-der-grossen-alten","status":"publish","type":"product","link":"https:\/\/audiobook-24.com\/en\/product\/%f0%9f%8e%a7-hoerspiel-john-sinclair-die-rache-der-grossen-alten\/","title":{"rendered":"\ud83c\udfa7 H\u00f6rspiel \u2013 John Sinclair: Die Rache der gro\u00dfen Alten"},"content":{"rendered":"<h2>\ud83c\udfa7\u00a0H\u00f6rspiel \u2013 John Sinclair: Die Rache der gro\u00dfen Alten<\/h2>\n<div>\n<p><span style=\"font-size: large;\">Ein uraltes Grauen erwacht: Die \u201eGro\u00dfen Alten\u201c, d\u00e4monische M\u00e4chte aus einer anderen Dimension, sinnen auf Vergeltung. John Sinclair ger\u00e4t in einen gnadenlosen Kampf gegen eine \u00dcbermacht, die aus den Tiefen der Finsternis zur\u00fcckkehrt. Alte Fl\u00fcche, unheilvolle Beschw\u00f6rungen und ein erbarmungsloser Gegner stellen ihn vor eine seiner bisher gr\u00f6\u00dften Herausforderungen.<\/span><\/p>\n<p><span style=\"font-size: large;\">Ein packendes Horror-Abenteuer voller Action, Mystik und Schrecken \u2013 f\u00fcr alle Fans des Geisterj\u00e4gers!<\/span><\/p>\n<p><span style=\"font-size: large;\">\u27a1\ufe0f Nach Bezahlung erh\u00e4ltst du den\u00a0<strong>Downloadlink<\/strong>\u00a0f\u00fcr Handy, Tablet und PC.<\/span><\/p>\n<\/div>","protected":false},"excerpt":{"rendered":"<p>\ud83c\udfa7\u00a0H\u00f6rspiel \u2013 John Sinclair: Die Rache der gro\u00dfen Alten Ein uraltes Grauen erwacht: Die \u201eGro\u00dfen Alten\u201c, d\u00e4monische M\u00e4chte aus einer anderen Dimension, sinnen auf Vergeltung. John Sinclair ger\u00e4t in einen gnadenlosen Kampf gegen eine \u00dcbermacht, die aus den Tiefen der Finsternis zur\u00fcckkehrt. Alte Fl\u00fcche, unheilvolle Beschw\u00f6rungen und ein erbarmungsloser Gegner stellen ihn vor eine seiner [&hellip;]<\/p>\n","protected":false},"featured_media":643,"comment_status":"open","ping_status":"closed","template":"","meta":[],"product_brand":[],"product_cat":[31],"product_tag":[],"class_list":{"0":"post-642","1":"product","2":"type-product","3":"status-publish","4":"has-post-thumbnail","6":"product_cat-john-sinclair","8":"first","9":"instock","10":"sale","11":"virtual","12":"purchasable","13":"product-type-simple"},"jetpack_sharing_enabled":true,"_links":{"self":[{"href":"https:\/\/audiobook-24.com\/en\/wp-json\/wp\/v2\/product\/642","targetHints":{"allow":["GET"]}}],"collection":[{"href":"https:\/\/audiobook-24.com\/en\/wp-json\/wp\/v2\/product"}],"about":[{"href":"https:\/\/audiobook-24.com\/en\/wp-json\/wp\/v2\/types\/product"}],"replies":[{"embeddable":true,"href":"https:\/\/audiobook-24.com\/en\/wp-json\/wp\/v2\/comments?post=642"}],"wp:featuredmedia":[{"embeddable":true,"href":"https:\/\/audiobook-24.com\/en\/wp-json\/wp\/v2\/media\/643"}],"wp:attachment":[{"href":"https:\/\/audiobook-24.com\/en\/wp-json\/wp\/v2\/media?parent=642"}],"wp:term":[{"taxonomy":"product_brand","embeddable":true,"href":"https:\/\/audiobook-24.com\/en\/wp-json\/wp\/v2\/product_brand?post=642"},{"taxonomy":"product_cat","embeddable":true,"href":"https:\/\/audiobook-24.com\/en\/wp-json\/wp\/v2\/product_cat?post=642"},{"taxonomy":"product_tag","embeddable":true,"href":"https:\/\/audiobook-24.com\/en\/wp-json\/wp\/v2\/product_tag?post=642"}],"curies":[{"name":"wp","href":"https:\/\/api.w.org\/{rel}","templated":true}]}}