{"id":640,"date":"2025-11-16T01:03:22","date_gmt":"2025-11-16T01:03:22","guid":{"rendered":"https:\/\/audiobook-24.com\/?post_type=product&#038;p=640"},"modified":"2025-11-16T01:03:22","modified_gmt":"2025-11-16T01:03:22","slug":"%f0%9f%8e%a7-hoerspiel-john-sinclair-kampf-um-lady-x","status":"publish","type":"product","link":"https:\/\/audiobook-24.com\/en\/product\/%f0%9f%8e%a7-hoerspiel-john-sinclair-kampf-um-lady-x\/","title":{"rendered":"\ud83c\udfa7 H\u00f6rspiel \u2013 John Sinclair: Kampf um Lady X"},"content":{"rendered":"<h1><strong>\ud83c\udfa7\u00a0H\u00f6rspiel \u2013 John Sinclair: Kampf um Lady X<\/strong><\/h1>\n<p>Lady X \u2013 die sch\u00f6ne wie t\u00f6dliche K\u00f6nigin der Unterwelt \u2013 tritt erneut auf den Plan. Doch diesmal steht mehr auf dem Spiel als je zuvor: ein gnadenloser Kampf um Macht, Seelen und das \u00dcberleben der Menschheit. John Sinclair muss sich der gef\u00e4hrlichen Gegenspielerin stellen, die ihre eigenen finsteren Pl\u00e4ne verfolgt und dabei kein Erbarmen kennt.<\/p>\n<p>D\u00fcster, spannend und voller Action \u2013 ein klassisches Abenteuer aus der Welt des Geisterj\u00e4gers!<\/p>\n<p>\u27a1\ufe0f Nach Bezahlung erh\u00e4ltst du den\u00a0<strong>Downloadlink<\/strong>\u00a0f\u00fcr Handy, Tablet und PC.<\/p>","protected":false},"excerpt":{"rendered":"<p>\ud83c\udfa7\u00a0H\u00f6rspiel \u2013 John Sinclair: Kampf um Lady X Lady X \u2013 die sch\u00f6ne wie t\u00f6dliche K\u00f6nigin der Unterwelt \u2013 tritt erneut auf den Plan. Doch diesmal steht mehr auf dem Spiel als je zuvor: ein gnadenloser Kampf um Macht, Seelen und das \u00dcberleben der Menschheit. John Sinclair muss sich der gef\u00e4hrlichen Gegenspielerin stellen, die ihre [&hellip;]<\/p>\n","protected":false},"featured_media":641,"comment_status":"open","ping_status":"closed","template":"","meta":[],"product_brand":[],"product_cat":[31],"product_tag":[],"class_list":{"0":"post-640","1":"product","2":"type-product","3":"status-publish","4":"has-post-thumbnail","6":"product_cat-john-sinclair","8":"first","9":"instock","10":"sale","11":"virtual","12":"purchasable","13":"product-type-simple"},"jetpack_sharing_enabled":true,"_links":{"self":[{"href":"https:\/\/audiobook-24.com\/en\/wp-json\/wp\/v2\/product\/640","targetHints":{"allow":["GET"]}}],"collection":[{"href":"https:\/\/audiobook-24.com\/en\/wp-json\/wp\/v2\/product"}],"about":[{"href":"https:\/\/audiobook-24.com\/en\/wp-json\/wp\/v2\/types\/product"}],"replies":[{"embeddable":true,"href":"https:\/\/audiobook-24.com\/en\/wp-json\/wp\/v2\/comments?post=640"}],"wp:featuredmedia":[{"embeddable":true,"href":"https:\/\/audiobook-24.com\/en\/wp-json\/wp\/v2\/media\/641"}],"wp:attachment":[{"href":"https:\/\/audiobook-24.com\/en\/wp-json\/wp\/v2\/media?parent=640"}],"wp:term":[{"taxonomy":"product_brand","embeddable":true,"href":"https:\/\/audiobook-24.com\/en\/wp-json\/wp\/v2\/product_brand?post=640"},{"taxonomy":"product_cat","embeddable":true,"href":"https:\/\/audiobook-24.com\/en\/wp-json\/wp\/v2\/product_cat?post=640"},{"taxonomy":"product_tag","embeddable":true,"href":"https:\/\/audiobook-24.com\/en\/wp-json\/wp\/v2\/product_tag?post=640"}],"curies":[{"name":"wp","href":"https:\/\/api.w.org\/{rel}","templated":true}]}}