{"id":636,"date":"2025-11-16T00:54:57","date_gmt":"2025-11-16T00:54:57","guid":{"rendered":"https:\/\/audiobook-24.com\/?post_type=product&#038;p=636"},"modified":"2025-11-16T00:54:57","modified_gmt":"2025-11-16T00:54:57","slug":"%f0%9f%8e%a7-hoerspiel-andreas-franz-peter-brandt-reihe-03-schrei-der-nachtigall","status":"publish","type":"product","link":"https:\/\/audiobook-24.com\/en\/product\/%f0%9f%8e%a7-hoerspiel-andreas-franz-peter-brandt-reihe-03-schrei-der-nachtigall\/","title":{"rendered":"\ud83c\udfa7 H\u00f6rspiel: Andreas Franz \u2013 Peter-Brandt-Reihe 03 Schrei der Nachtigall"},"content":{"rendered":"<div>\n<div>\n<div>\n<h2><strong>\ud83c\udfa7\u00a0H\u00f6rspiel: Andreas Franz \u2013 Peter-Brandt-Reihe 03 \u2013 Schrei der Nachtigall<\/strong><\/h2>\n<p>Ein mitrei\u00dfender Krimi von\u00a0<strong>Andreas Franz<\/strong>, der tief in menschliche Abgr\u00fcnde blickt und bis zur letzten Minute fesselt.<\/p>\n<p>Ein junges M\u00e4dchen wird brutal ermordet aufgefunden \u2013 und das Lied einer Nachtigall wird zum unheimlichen Begleiter des Falls.<br \/>\n<strong>Kommissar Peter Brandt<\/strong>\u00a0steht unter Druck: Die Spuren sind widerspr\u00fcchlich, die Zeugen schweigen, und die Wahrheit scheint in Dunkelheit geh\u00fcllt.<br \/>\nDoch als Brandt tiefer gr\u00e4bt, st\u00f6\u00dft er auf ein Netz aus L\u00fcgen, Gier und Verrat \u2013 und ein T\u00e4terprofil, das ihn selbst ersch\u00fcttert.<br \/>\n<strong>\u201eSchrei der Nachtigall\u201c<\/strong>\u00a0ist ein intensives H\u00f6rspiel voller Spannung, Emotionen und realit\u00e4tsnaher Ermittlungsarbeit \u2013 ein echtes Highlight der Peter-Brandt-Reihe.<\/p>\n<p>\u2705\u00a0<strong>Dein Vorteil:<\/strong><br \/>\nNach der Bezahlung erh\u00e4ltst du\u00a0<strong>sofort deinen pers\u00f6nlichen Downloadlink.<\/strong><\/p>\n<p>Das H\u00f6rspiel ist verf\u00fcgbar als:<br \/>\n\ud83c\udfb5\u00a0<strong>MP3-Datei<\/strong>\u00a0\u2013 h\u00f6rbar auf:\u00a0<strong>Smartphone | Tablet | PC | MP3-Player<\/strong><\/p>\n<p>\ud83d\udc49\u00a0<strong>Einmal gekauft \u2013 jederzeit und unbegrenzt abrufbar!<\/strong><\/p>\n<\/div>\n<p>&nbsp;<\/p>\n<\/div>\n<\/div>\n<div>\n<div>\n<div>\n<div>\n<p><span style=\"font-size: x-large;\">\u00a0<\/span><\/p>\n<\/div>\n<\/div>\n<\/div>\n<\/div>","protected":false},"excerpt":{"rendered":"<p>\ud83c\udfa7\u00a0H\u00f6rspiel: Andreas Franz \u2013 Peter-Brandt-Reihe 03 \u2013 Schrei der Nachtigall Ein mitrei\u00dfender Krimi von\u00a0Andreas Franz, der tief in menschliche Abgr\u00fcnde blickt und bis zur letzten Minute fesselt. Ein junges M\u00e4dchen wird brutal ermordet aufgefunden \u2013 und das Lied einer Nachtigall wird zum unheimlichen Begleiter des Falls. Kommissar Peter Brandt\u00a0steht unter Druck: Die Spuren sind widerspr\u00fcchlich, [&hellip;]<\/p>\n","protected":false},"featured_media":637,"comment_status":"open","ping_status":"closed","template":"","meta":[],"product_brand":[],"product_cat":[34],"product_tag":[],"class_list":{"0":"post-636","1":"product","2":"type-product","3":"status-publish","4":"has-post-thumbnail","6":"product_cat-hoerspiel-krimi","8":"first","9":"instock","10":"sale","11":"virtual","12":"purchasable","13":"product-type-simple"},"jetpack_sharing_enabled":true,"_links":{"self":[{"href":"https:\/\/audiobook-24.com\/en\/wp-json\/wp\/v2\/product\/636","targetHints":{"allow":["GET"]}}],"collection":[{"href":"https:\/\/audiobook-24.com\/en\/wp-json\/wp\/v2\/product"}],"about":[{"href":"https:\/\/audiobook-24.com\/en\/wp-json\/wp\/v2\/types\/product"}],"replies":[{"embeddable":true,"href":"https:\/\/audiobook-24.com\/en\/wp-json\/wp\/v2\/comments?post=636"}],"wp:featuredmedia":[{"embeddable":true,"href":"https:\/\/audiobook-24.com\/en\/wp-json\/wp\/v2\/media\/637"}],"wp:attachment":[{"href":"https:\/\/audiobook-24.com\/en\/wp-json\/wp\/v2\/media?parent=636"}],"wp:term":[{"taxonomy":"product_brand","embeddable":true,"href":"https:\/\/audiobook-24.com\/en\/wp-json\/wp\/v2\/product_brand?post=636"},{"taxonomy":"product_cat","embeddable":true,"href":"https:\/\/audiobook-24.com\/en\/wp-json\/wp\/v2\/product_cat?post=636"},{"taxonomy":"product_tag","embeddable":true,"href":"https:\/\/audiobook-24.com\/en\/wp-json\/wp\/v2\/product_tag?post=636"}],"curies":[{"name":"wp","href":"https:\/\/api.w.org\/{rel}","templated":true}]}}