{"id":632,"date":"2025-11-16T00:50:38","date_gmt":"2025-11-16T00:50:38","guid":{"rendered":"https:\/\/audiobook-24.com\/?post_type=product&#038;p=632"},"modified":"2025-11-16T00:50:38","modified_gmt":"2025-11-16T00:50:38","slug":"%f0%9f%8e%a7-katharina-peters-kommissarin-romy-beccare-band-5-leuchtturmmord","status":"publish","type":"product","link":"https:\/\/audiobook-24.com\/en\/product\/%f0%9f%8e%a7-katharina-peters-kommissarin-romy-beccare-band-5-leuchtturmmord\/","title":{"rendered":"\ud83c\udfa7 Katharina Peters \u2013 Kommissarin Romy Beccare, Band 5: Leuchtturmmord"},"content":{"rendered":"<div>\n<div>\n<div>\n<div>\n<div>\n<div>\n<div>\n<div>\n<h3>\ud83c\udfa7\u00a0<strong>Katharina Peters \u2013 Kommissarin Romy Beccare, Band 5: Leuchtturmmord (H\u00f6rspiel)<\/strong><\/h3>\n<p><span style=\"font-size: large;\"><strong>Ein Mord an der K\u00fcste. Ein Leuchtturm voller Geheimnisse. Eine Kommissarin mit Instinkt und Mut.<\/strong><br \/>\nAn der windumtosten Ostseek\u00fcste wird ein Toter am Fu\u00df eines alten Leuchtturms gefunden.\u00a0<strong>Kommissarin Romy Beccare<\/strong>\u00a0nimmt die Ermittlungen auf \u2013 und st\u00f6\u00dft auf ein Netz aus L\u00fcgen, alten Feindschaften und verdr\u00e4ngter Schuld. Je tiefer sie gr\u00e4bt, desto gef\u00e4hrlicher wird der Fall \u2013 und bald ist klar: Der T\u00e4ter ist n\u00e4her, als sie denkt.<\/span><\/p>\n<p><span style=\"font-size: large;\">Ein fesselndes H\u00f6rspiel voller Atmosph\u00e4re, Spannung und norddeutscher K\u00fcstenstimmung \u2013 perfekt f\u00fcr Krimi-Fans mit Sinn f\u00fcr G\u00e4nsehaut.<\/span><\/p>\n<p><span style=\"font-size: large;\">\ud83c\udfa7\u00a0<strong>Genre:<\/strong>\u00a0Krimi \/ Thriller \/ Spannung<\/span><\/p>\n<p><span style=\"font-size: large;\"><br \/>\n\ud83d\udcf2\u00a0<strong>Verf\u00fcgbarkeit:<\/strong>\u00a0Sofort nach dem Kauf als Download erh\u00e4ltlich<\/span><\/p>\n<p><span style=\"font-size: large;\"><br \/>\n\ud83d\udcbb\ud83d\udcf1\u00a0<strong>Abspielbar auf:<\/strong>\u00a0<strong>PC, Handy, Tablet und allen MP3-kompatiblen Ger\u00e4ten<\/strong><br \/>\n\u267e\ufe0f\u00a0<strong>Besonderheit:<\/strong>\u00a0<strong>Einmal gekauft \u2013 geh\u00f6rt es dir f\u00fcr immer und kann jederzeit unbegrenzt angeh\u00f6rt werden<\/strong><\/span><\/p>\n<\/div>\n<\/div>\n<\/div>\n<\/div>\n<\/div>\n<\/div>\n<\/div>\n<\/div>\n<div>\n<h4><\/h4>\n<\/div>","protected":false},"excerpt":{"rendered":"<p>\ud83c\udfa7\u00a0Katharina Peters \u2013 Kommissarin Romy Beccare, Band 5: Leuchtturmmord (H\u00f6rspiel) Ein Mord an der K\u00fcste. Ein Leuchtturm voller Geheimnisse. Eine Kommissarin mit Instinkt und Mut. An der windumtosten Ostseek\u00fcste wird ein Toter am Fu\u00df eines alten Leuchtturms gefunden.\u00a0Kommissarin Romy Beccare\u00a0nimmt die Ermittlungen auf \u2013 und st\u00f6\u00dft auf ein Netz aus L\u00fcgen, alten Feindschaften und verdr\u00e4ngter [&hellip;]<\/p>\n","protected":false},"featured_media":633,"comment_status":"open","ping_status":"closed","template":"","meta":[],"product_brand":[],"product_cat":[34],"product_tag":[],"class_list":{"0":"post-632","1":"product","2":"type-product","3":"status-publish","4":"has-post-thumbnail","6":"product_cat-hoerspiel-krimi","8":"first","9":"instock","10":"sale","11":"virtual","12":"purchasable","13":"product-type-simple"},"jetpack_sharing_enabled":true,"_links":{"self":[{"href":"https:\/\/audiobook-24.com\/en\/wp-json\/wp\/v2\/product\/632","targetHints":{"allow":["GET"]}}],"collection":[{"href":"https:\/\/audiobook-24.com\/en\/wp-json\/wp\/v2\/product"}],"about":[{"href":"https:\/\/audiobook-24.com\/en\/wp-json\/wp\/v2\/types\/product"}],"replies":[{"embeddable":true,"href":"https:\/\/audiobook-24.com\/en\/wp-json\/wp\/v2\/comments?post=632"}],"wp:featuredmedia":[{"embeddable":true,"href":"https:\/\/audiobook-24.com\/en\/wp-json\/wp\/v2\/media\/633"}],"wp:attachment":[{"href":"https:\/\/audiobook-24.com\/en\/wp-json\/wp\/v2\/media?parent=632"}],"wp:term":[{"taxonomy":"product_brand","embeddable":true,"href":"https:\/\/audiobook-24.com\/en\/wp-json\/wp\/v2\/product_brand?post=632"},{"taxonomy":"product_cat","embeddable":true,"href":"https:\/\/audiobook-24.com\/en\/wp-json\/wp\/v2\/product_cat?post=632"},{"taxonomy":"product_tag","embeddable":true,"href":"https:\/\/audiobook-24.com\/en\/wp-json\/wp\/v2\/product_tag?post=632"}],"curies":[{"name":"wp","href":"https:\/\/api.w.org\/{rel}","templated":true}]}}