{"id":630,"date":"2025-11-16T00:48:18","date_gmt":"2025-11-16T00:48:18","guid":{"rendered":"https:\/\/audiobook-24.com\/?post_type=product&#038;p=630"},"modified":"2025-11-16T00:48:18","modified_gmt":"2025-11-16T00:48:18","slug":"%f0%9f%8e%a7-katharina-peters-kommissarin-romy-beccare-band-3-klippenmord-hoerspiel","status":"publish","type":"product","link":"https:\/\/audiobook-24.com\/en\/product\/%f0%9f%8e%a7-katharina-peters-kommissarin-romy-beccare-band-3-klippenmord-hoerspiel\/","title":{"rendered":"\ud83c\udfa7 Katharina Peters \u2013 Kommissarin Romy Beccare, Band 3: Klippenmord (H\u00f6rspiel)"},"content":{"rendered":"<div>\n<h3>\ud83c\udfa7\u00a0<strong>Katharina Peters \u2013 Kommissarin Romy Beccare, Band 3: Klippenmord (H\u00f6rspiel)<\/strong><\/h3>\n<p><span style=\"font-size: large;\"><strong>Ein toter Mann an den Klippen. Eine Spur voller R\u00e4tsel. Eine Kommissarin mit Mut und Verstand.<\/strong><br \/>\nAn den schroffen Kreidefelsen der Ostsee wird die Leiche eines Mannes gefunden \u2013 scheinbar ein Unfall, doch\u00a0<strong>Kommissarin Romy Beccare<\/strong>\u00a0zweifelt schnell an dieser Theorie. Die Ermittlungen f\u00fchren sie in ein Geflecht aus famili\u00e4ren Konflikten, alten Geheimnissen und gef\u00e4hrlichen Machenschaften. Mit Instinkt und Entschlossenheit kommt Romy der Wahrheit immer n\u00e4her \u2013 bis sie selbst ins Visier des T\u00e4ters ger\u00e4t.<\/span><\/p>\n<p><span style=\"font-size: large;\">Ein spannendes K\u00fcstenh\u00f6rspiel voller Atmosph\u00e4re, psychologischem Tiefgang und norddeutscher Authentizit\u00e4t \u2013 perfekt f\u00fcr alle Krimi-Fans.<\/span><\/p>\n<p><span style=\"font-size: large;\">\ud83c\udfa7\u00a0<strong>Genre:<\/strong>\u00a0Krimi \/ Thriller \/ Spannung<br \/>\n\ud83d\udcf2\u00a0<strong>Verf\u00fcgbarkeit:<\/strong>\u00a0Sofort nach dem Kauf als Download erh\u00e4ltlich<br \/>\n\ud83d\udcbb\ud83d\udcf1\u00a0<strong>Abspielbar auf:<\/strong>\u00a0<strong>PC, Handy, Tablet und allen MP3-kompatiblen Ger\u00e4ten<\/strong><br \/>\n\u267e\ufe0f\u00a0<strong>Besonderheit:<\/strong>\u00a0<strong>Einmal gekauft \u2013 geh\u00f6rt es dir f\u00fcr immer und kann jederzeit unbegrenzt angeh\u00f6rt werden<\/strong><\/span><\/p>\n<\/div>\n<div>\n<h3><span style=\"font-size: large;\">\u00a0<\/span><\/h3>\n<\/div>","protected":false},"excerpt":{"rendered":"<p>\ud83c\udfa7\u00a0Katharina Peters \u2013 Kommissarin Romy Beccare, Band 3: Klippenmord (H\u00f6rspiel) Ein toter Mann an den Klippen. Eine Spur voller R\u00e4tsel. Eine Kommissarin mit Mut und Verstand. An den schroffen Kreidefelsen der Ostsee wird die Leiche eines Mannes gefunden \u2013 scheinbar ein Unfall, doch\u00a0Kommissarin Romy Beccare\u00a0zweifelt schnell an dieser Theorie. Die Ermittlungen f\u00fchren sie in ein [&hellip;]<\/p>\n","protected":false},"featured_media":631,"comment_status":"open","ping_status":"closed","template":"","meta":[],"product_brand":[],"product_cat":[34],"product_tag":[],"class_list":{"0":"post-630","1":"product","2":"type-product","3":"status-publish","4":"has-post-thumbnail","6":"product_cat-hoerspiel-krimi","8":"first","9":"instock","10":"sale","11":"virtual","12":"purchasable","13":"product-type-simple"},"jetpack_sharing_enabled":true,"_links":{"self":[{"href":"https:\/\/audiobook-24.com\/en\/wp-json\/wp\/v2\/product\/630","targetHints":{"allow":["GET"]}}],"collection":[{"href":"https:\/\/audiobook-24.com\/en\/wp-json\/wp\/v2\/product"}],"about":[{"href":"https:\/\/audiobook-24.com\/en\/wp-json\/wp\/v2\/types\/product"}],"replies":[{"embeddable":true,"href":"https:\/\/audiobook-24.com\/en\/wp-json\/wp\/v2\/comments?post=630"}],"wp:featuredmedia":[{"embeddable":true,"href":"https:\/\/audiobook-24.com\/en\/wp-json\/wp\/v2\/media\/631"}],"wp:attachment":[{"href":"https:\/\/audiobook-24.com\/en\/wp-json\/wp\/v2\/media?parent=630"}],"wp:term":[{"taxonomy":"product_brand","embeddable":true,"href":"https:\/\/audiobook-24.com\/en\/wp-json\/wp\/v2\/product_brand?post=630"},{"taxonomy":"product_cat","embeddable":true,"href":"https:\/\/audiobook-24.com\/en\/wp-json\/wp\/v2\/product_cat?post=630"},{"taxonomy":"product_tag","embeddable":true,"href":"https:\/\/audiobook-24.com\/en\/wp-json\/wp\/v2\/product_tag?post=630"}],"curies":[{"name":"wp","href":"https:\/\/api.w.org\/{rel}","templated":true}]}}