{"id":628,"date":"2025-11-16T00:46:53","date_gmt":"2025-11-16T00:46:53","guid":{"rendered":"https:\/\/audiobook-24.com\/?post_type=product&#038;p=628"},"modified":"2025-11-16T00:46:53","modified_gmt":"2025-11-16T00:46:53","slug":"%f0%9f%8e%a7-katharina-peters-kommissarin-romy-beccare-band-2-duenenmord-hoerspiel","status":"publish","type":"product","link":"https:\/\/audiobook-24.com\/en\/product\/%f0%9f%8e%a7-katharina-peters-kommissarin-romy-beccare-band-2-duenenmord-hoerspiel\/","title":{"rendered":"\ud83c\udfa7 Katharina Peters \u2013 Kommissarin Romy Beccare, Band 2: D\u00fcnenmord (H\u00f6rspiel)"},"content":{"rendered":"<div>\n<h3>\ud83c\udfa7\u00a0<strong>Katharina Peters \u2013 Kommissarin Romy Beccare, Band 2: D\u00fcnenmord (H\u00f6rspiel)<\/strong><\/h3>\n<p><span style=\"font-size: large;\"><strong>Ein Mord in den D\u00fcnen. Ein undurchsichtiges Motiv. Eine Kommissarin, die nicht aufgibt.<\/strong><br \/>\nZwischen den weiten Str\u00e4nden und stillen D\u00fcnen der Ostsee wird eine junge Frau tot aufgefunden.\u00a0<strong>Kommissarin Romy Beccare<\/strong>\u00a0\u00fcbernimmt den Fall \u2013 und st\u00f6\u00dft auf eine Spur, die tief in die Vergangenheit des Opfers f\u00fchrt. Schon bald erkennt sie, dass hinter der idyllischen K\u00fcstenkulisse dunkle Geheimnisse lauern \u2013 und dass der T\u00e4ter n\u00e4her ist, als sie ahnt.<\/span><\/p>\n<p><span style=\"font-size: large;\">Ein fesselndes H\u00f6rspiel voller Atmosph\u00e4re, Spannung und norddeutschem K\u00fcstenflair \u2013 authentisch, packend und emotional.<\/span><\/p>\n<p><span style=\"font-size: large;\">\ud83c\udfa7\u00a0<strong>Genre:<\/strong>\u00a0Krimi \/ Thriller \/ Spannung<br \/>\n\ud83d\udcf2\u00a0<strong>Verf\u00fcgbarkeit:<\/strong>\u00a0Sofort nach dem Kauf als Download erh\u00e4ltlich<br \/>\n\ud83d\udcbb\ud83d\udcf1\u00a0<strong>Abspielbar auf:<\/strong>\u00a0<strong>PC, Handy, Tablet und allen MP3-kompatiblen Ger\u00e4ten<\/strong><br \/>\n\u267e\ufe0f\u00a0<strong>Besonderheit:<\/strong>\u00a0<strong>Einmal gekauft \u2013 geh\u00f6rt es dir f\u00fcr immer und kann jederzeit unbegrenzt angeh\u00f6rt werden<\/strong><\/span><\/p>\n<\/div>\n<div>\n<h3><span style=\"font-size: large;\">\u00a0<\/span><\/h3>\n<\/div>","protected":false},"excerpt":{"rendered":"<p>\ud83c\udfa7\u00a0Katharina Peters \u2013 Kommissarin Romy Beccare, Band 2: D\u00fcnenmord (H\u00f6rspiel) Ein Mord in den D\u00fcnen. Ein undurchsichtiges Motiv. Eine Kommissarin, die nicht aufgibt. Zwischen den weiten Str\u00e4nden und stillen D\u00fcnen der Ostsee wird eine junge Frau tot aufgefunden.\u00a0Kommissarin Romy Beccare\u00a0\u00fcbernimmt den Fall \u2013 und st\u00f6\u00dft auf eine Spur, die tief in die Vergangenheit des Opfers [&hellip;]<\/p>\n","protected":false},"featured_media":629,"comment_status":"open","ping_status":"closed","template":"","meta":[],"product_brand":[],"product_cat":[34],"product_tag":[],"class_list":{"0":"post-628","1":"product","2":"type-product","3":"status-publish","4":"has-post-thumbnail","6":"product_cat-hoerspiel-krimi","8":"first","9":"instock","10":"sale","11":"virtual","12":"purchasable","13":"product-type-simple"},"jetpack_sharing_enabled":true,"_links":{"self":[{"href":"https:\/\/audiobook-24.com\/en\/wp-json\/wp\/v2\/product\/628","targetHints":{"allow":["GET"]}}],"collection":[{"href":"https:\/\/audiobook-24.com\/en\/wp-json\/wp\/v2\/product"}],"about":[{"href":"https:\/\/audiobook-24.com\/en\/wp-json\/wp\/v2\/types\/product"}],"replies":[{"embeddable":true,"href":"https:\/\/audiobook-24.com\/en\/wp-json\/wp\/v2\/comments?post=628"}],"wp:featuredmedia":[{"embeddable":true,"href":"https:\/\/audiobook-24.com\/en\/wp-json\/wp\/v2\/media\/629"}],"wp:attachment":[{"href":"https:\/\/audiobook-24.com\/en\/wp-json\/wp\/v2\/media?parent=628"}],"wp:term":[{"taxonomy":"product_brand","embeddable":true,"href":"https:\/\/audiobook-24.com\/en\/wp-json\/wp\/v2\/product_brand?post=628"},{"taxonomy":"product_cat","embeddable":true,"href":"https:\/\/audiobook-24.com\/en\/wp-json\/wp\/v2\/product_cat?post=628"},{"taxonomy":"product_tag","embeddable":true,"href":"https:\/\/audiobook-24.com\/en\/wp-json\/wp\/v2\/product_tag?post=628"}],"curies":[{"name":"wp","href":"https:\/\/api.w.org\/{rel}","templated":true}]}}