{"id":624,"date":"2025-11-16T00:42:20","date_gmt":"2025-11-16T00:42:20","guid":{"rendered":"https:\/\/audiobook-24.com\/?post_type=product&#038;p=624"},"modified":"2025-11-16T00:42:21","modified_gmt":"2025-11-16T00:42:21","slug":"%f0%9f%8e%a7-alexander-rieckhoff-stefan-ummenhofer-totentracht-hoerspiel","status":"publish","type":"product","link":"https:\/\/audiobook-24.com\/en\/product\/%f0%9f%8e%a7-alexander-rieckhoff-stefan-ummenhofer-totentracht-hoerspiel\/","title":{"rendered":"\ud83c\udfa7 Alexander Rieckhoff &#038; Stefan Ummenhofer \u2013 Totentracht (H\u00f6rspiel)"},"content":{"rendered":"<h3>\ud83c\udfa7\u00a0<strong>Alexander Rieckhoff &amp; Stefan Ummenhofer \u2013 Totentracht (H\u00f6rspiel)<\/strong><\/h3>\n<p><span style=\"font-size: large;\"><strong>Ein Mord im idyllischen Bayern. Ein Dorf voller Geheimnisse. Eine Wahrheit, die besser verborgen geblieben w\u00e4re.<\/strong><br \/>\nAls im oberbayerischen Hinterland eine Leiche in traditioneller Tracht gefunden wird, steht die Polizei vor einem R\u00e4tsel.\u00a0<strong>Kommissar Jennerwein<\/strong>\u00a0wird hinzugezogen und taucht ein in eine Welt aus Schweigen, Aberglauben und alten Fehden.<br \/>\nWas zun\u00e4chst wie ein makabrer Einzelfall aussieht, entpuppt sich bald als Teil einer d\u00fcsteren Geschichte, die weit in die Vergangenheit reicht \u2013 und neue Opfer fordert.<\/span><\/p>\n<p><span style=\"font-size: large;\">Ein spannendes, schwarzhumoriges H\u00f6rspiel voller Lokalkolorit, skurriler Figuren und bayerischer Atmosph\u00e4re \u2013 packend, mysteri\u00f6s und mit einem Hauch schwarzer Ironie.<\/span><\/p>\n<p><span style=\"font-size: large;\">\ud83c\udfa7\u00a0<strong>Genre:<\/strong>\u00a0Krimi \/ Spannung \/ Heimatthriller<br \/>\n\ud83d\udcf2\u00a0<strong>Verf\u00fcgbarkeit:<\/strong>\u00a0Sofort nach dem Kauf als Download erh\u00e4ltlich<br \/>\n\ud83d\udcbb\ud83d\udcf1\u00a0<strong>Abspielbar auf:<\/strong>\u00a0<strong>PC, Handy, Tablet und allen MP3-kompatiblen Ger\u00e4ten<\/strong><br \/>\n\u267e\ufe0f\u00a0<strong>Besonderheit:<\/strong>\u00a0<strong>Einmal gekauft \u2013 geh\u00f6rt es dir f\u00fcr immer und kann jederzeit unbegrenzt angeh\u00f6rt werden<\/strong><\/span><\/p>","protected":false},"excerpt":{"rendered":"<p>\ud83c\udfa7\u00a0Alexander Rieckhoff &amp; Stefan Ummenhofer \u2013 Totentracht (H\u00f6rspiel) Ein Mord im idyllischen Bayern. Ein Dorf voller Geheimnisse. Eine Wahrheit, die besser verborgen geblieben w\u00e4re. Als im oberbayerischen Hinterland eine Leiche in traditioneller Tracht gefunden wird, steht die Polizei vor einem R\u00e4tsel.\u00a0Kommissar Jennerwein\u00a0wird hinzugezogen und taucht ein in eine Welt aus Schweigen, Aberglauben und alten Fehden. [&hellip;]<\/p>\n","protected":false},"featured_media":625,"comment_status":"open","ping_status":"closed","template":"","meta":[],"product_brand":[],"product_cat":[34],"product_tag":[],"class_list":{"0":"post-624","1":"product","2":"type-product","3":"status-publish","4":"has-post-thumbnail","6":"product_cat-hoerspiel-krimi","8":"first","9":"instock","10":"sale","11":"virtual","12":"purchasable","13":"product-type-simple"},"jetpack_sharing_enabled":true,"_links":{"self":[{"href":"https:\/\/audiobook-24.com\/en\/wp-json\/wp\/v2\/product\/624","targetHints":{"allow":["GET"]}}],"collection":[{"href":"https:\/\/audiobook-24.com\/en\/wp-json\/wp\/v2\/product"}],"about":[{"href":"https:\/\/audiobook-24.com\/en\/wp-json\/wp\/v2\/types\/product"}],"replies":[{"embeddable":true,"href":"https:\/\/audiobook-24.com\/en\/wp-json\/wp\/v2\/comments?post=624"}],"wp:featuredmedia":[{"embeddable":true,"href":"https:\/\/audiobook-24.com\/en\/wp-json\/wp\/v2\/media\/625"}],"wp:attachment":[{"href":"https:\/\/audiobook-24.com\/en\/wp-json\/wp\/v2\/media?parent=624"}],"wp:term":[{"taxonomy":"product_brand","embeddable":true,"href":"https:\/\/audiobook-24.com\/en\/wp-json\/wp\/v2\/product_brand?post=624"},{"taxonomy":"product_cat","embeddable":true,"href":"https:\/\/audiobook-24.com\/en\/wp-json\/wp\/v2\/product_cat?post=624"},{"taxonomy":"product_tag","embeddable":true,"href":"https:\/\/audiobook-24.com\/en\/wp-json\/wp\/v2\/product_tag?post=624"}],"curies":[{"name":"wp","href":"https:\/\/api.w.org\/{rel}","templated":true}]}}