{"id":619,"date":"2025-11-16T00:36:00","date_gmt":"2025-11-16T00:36:00","guid":{"rendered":"https:\/\/audiobook-24.com\/?post_type=product&#038;p=619"},"modified":"2025-11-16T00:37:36","modified_gmt":"2025-11-16T00:37:36","slug":"%f0%9f%8e%a7-hoerspiel-anna-olsen-lockdownkiller","status":"publish","type":"product","link":"https:\/\/audiobook-24.com\/en\/product\/%f0%9f%8e%a7-hoerspiel-anna-olsen-lockdownkiller\/","title":{"rendered":"\ud83c\udfa7 H\u00f6rspiel \u2013 Anna Olsen: Lockdownkiller"},"content":{"rendered":"<h2>\ud83c\udfa7\u00a0<strong>H\u00f6rspiel \u2013 Anna Olsen: Lockdownkiller<\/strong><\/h2>\n<p>W\u00e4hrend die Welt im Lockdown erstarrt, schl\u00e4gt ein Serienkiller erbarmungslos zu. Die Stra\u00dfen sind leer, die Menschen eingeschlossen in ihren H\u00e4usern \u2013 und genau das nutzt der M\u00f6rder f\u00fcr sein t\u00f6dliches Spiel. Niemand ist mehr sicher, weder hinter verschlossenen T\u00fcren noch im Schutz der eigenen vier W\u00e4nde.<\/p>\n<p>Kommissarin Anna Olsen nimmt die Spur auf und st\u00f6\u00dft auf ein Netz aus Angst, Isolation und dunklen Geheimnissen. Ein Wettlauf gegen die Zeit beginnt \u2013 denn der Lockdownkiller kennt keine Gnade.<\/p>\n<p>\u27a1\ufe0f Nach Bezahlung erh\u00e4ltst du den\u00a0<strong>Downloadlink<\/strong>\u00a0f\u00fcr Handy, Tablet und PC.<\/p>","protected":false},"excerpt":{"rendered":"<p>\ud83c\udfa7\u00a0H\u00f6rspiel \u2013 Anna Olsen: Lockdownkiller W\u00e4hrend die Welt im Lockdown erstarrt, schl\u00e4gt ein Serienkiller erbarmungslos zu. Die Stra\u00dfen sind leer, die Menschen eingeschlossen in ihren H\u00e4usern \u2013 und genau das nutzt der M\u00f6rder f\u00fcr sein t\u00f6dliches Spiel. Niemand ist mehr sicher, weder hinter verschlossenen T\u00fcren noch im Schutz der eigenen vier W\u00e4nde. Kommissarin Anna Olsen [&hellip;]<\/p>\n","protected":false},"featured_media":621,"comment_status":"open","ping_status":"closed","template":"","meta":[],"product_brand":[],"product_cat":[34],"product_tag":[],"class_list":{"0":"post-619","1":"product","2":"type-product","3":"status-publish","4":"has-post-thumbnail","6":"product_cat-hoerspiel-krimi","8":"first","9":"instock","10":"sale","11":"virtual","12":"purchasable","13":"product-type-simple"},"jetpack_sharing_enabled":true,"_links":{"self":[{"href":"https:\/\/audiobook-24.com\/en\/wp-json\/wp\/v2\/product\/619","targetHints":{"allow":["GET"]}}],"collection":[{"href":"https:\/\/audiobook-24.com\/en\/wp-json\/wp\/v2\/product"}],"about":[{"href":"https:\/\/audiobook-24.com\/en\/wp-json\/wp\/v2\/types\/product"}],"replies":[{"embeddable":true,"href":"https:\/\/audiobook-24.com\/en\/wp-json\/wp\/v2\/comments?post=619"}],"wp:featuredmedia":[{"embeddable":true,"href":"https:\/\/audiobook-24.com\/en\/wp-json\/wp\/v2\/media\/621"}],"wp:attachment":[{"href":"https:\/\/audiobook-24.com\/en\/wp-json\/wp\/v2\/media?parent=619"}],"wp:term":[{"taxonomy":"product_brand","embeddable":true,"href":"https:\/\/audiobook-24.com\/en\/wp-json\/wp\/v2\/product_brand?post=619"},{"taxonomy":"product_cat","embeddable":true,"href":"https:\/\/audiobook-24.com\/en\/wp-json\/wp\/v2\/product_cat?post=619"},{"taxonomy":"product_tag","embeddable":true,"href":"https:\/\/audiobook-24.com\/en\/wp-json\/wp\/v2\/product_tag?post=619"}],"curies":[{"name":"wp","href":"https:\/\/api.w.org\/{rel}","templated":true}]}}