{"id":615,"date":"2025-11-16T00:30:20","date_gmt":"2025-11-16T00:30:20","guid":{"rendered":"https:\/\/audiobook-24.com\/?post_type=product&#038;p=615"},"modified":"2025-11-16T00:30:20","modified_gmt":"2025-11-16T00:30:20","slug":"%f0%9f%8e%a7-hoerspiel-perry-rhodan-der-atem-des-toten-sterns","status":"publish","type":"product","link":"https:\/\/audiobook-24.com\/en\/product\/%f0%9f%8e%a7-hoerspiel-perry-rhodan-der-atem-des-toten-sterns\/","title":{"rendered":"\ud83c\udfa7 H\u00f6rspiel \u2013 Perry Rhodan: Der Atem des toten Sterns"},"content":{"rendered":"<p>\ud83c\udfa7\u00a0<strong>H\u00f6rspiel \u2013 Perry Rhodan: Der Atem des toten Sterns<\/strong><\/p>\n<hr \/>\n<p><strong>Inhalt:<\/strong><br \/>\nEin geheimnisvoller Stern, der l\u00e4ngst erloschen scheint \u2013 und doch eine ungeheure Gefahr birgt.<br \/>\nPerry Rhodan und seine Crew sto\u00dfen auf ein uraltes kosmisches R\u00e4tsel, das das Schicksal ganzer Welten bedroht. Zwischen interstellaren Intrigen, au\u00dferirdischen M\u00e4chten und der Suche nach der Wahrheit k\u00e4mpft die Mannschaft gegen die unaufhaltsame Macht des \u201etoten Sterns\u201c.<\/p>\n<hr \/>\n<p>\u2728\u00a0<strong>Besonderheiten des H\u00f6rspiels:<\/strong><\/p>\n<ul>\n<li>Spannende Adaption aus dem Perry-Rhodan-Kosmos<\/li>\n<li>Atmosph\u00e4rische Soundeffekte und starke Sprecher<\/li>\n<li>Kosmische Geheimnisse, die nur Rhodan und sein Team l\u00f6sen k\u00f6nnen<\/li>\n<\/ul>\n<hr \/>\n<p>\ud83d\ude80 Perfekt f\u00fcr Science-Fiction-Fans \u2013 jetzt erleben auf\u00a0<strong>Handy, Tablet oder PC<\/strong>!<\/p>","protected":false},"excerpt":{"rendered":"<p>\ud83c\udfa7\u00a0H\u00f6rspiel \u2013 Perry Rhodan: Der Atem des toten Sterns Inhalt: Ein geheimnisvoller Stern, der l\u00e4ngst erloschen scheint \u2013 und doch eine ungeheure Gefahr birgt. Perry Rhodan und seine Crew sto\u00dfen auf ein uraltes kosmisches R\u00e4tsel, das das Schicksal ganzer Welten bedroht. Zwischen interstellaren Intrigen, au\u00dferirdischen M\u00e4chten und der Suche nach der Wahrheit k\u00e4mpft die Mannschaft [&hellip;]<\/p>\n","protected":false},"featured_media":616,"comment_status":"open","ping_status":"closed","template":"","meta":[],"product_brand":[],"product_cat":[37],"product_tag":[],"class_list":{"0":"post-615","1":"product","2":"type-product","3":"status-publish","4":"has-post-thumbnail","6":"product_cat-hoerspiel-perry-r","8":"first","9":"instock","10":"sale","11":"virtual","12":"purchasable","13":"product-type-simple"},"jetpack_sharing_enabled":true,"_links":{"self":[{"href":"https:\/\/audiobook-24.com\/en\/wp-json\/wp\/v2\/product\/615","targetHints":{"allow":["GET"]}}],"collection":[{"href":"https:\/\/audiobook-24.com\/en\/wp-json\/wp\/v2\/product"}],"about":[{"href":"https:\/\/audiobook-24.com\/en\/wp-json\/wp\/v2\/types\/product"}],"replies":[{"embeddable":true,"href":"https:\/\/audiobook-24.com\/en\/wp-json\/wp\/v2\/comments?post=615"}],"wp:featuredmedia":[{"embeddable":true,"href":"https:\/\/audiobook-24.com\/en\/wp-json\/wp\/v2\/media\/616"}],"wp:attachment":[{"href":"https:\/\/audiobook-24.com\/en\/wp-json\/wp\/v2\/media?parent=615"}],"wp:term":[{"taxonomy":"product_brand","embeddable":true,"href":"https:\/\/audiobook-24.com\/en\/wp-json\/wp\/v2\/product_brand?post=615"},{"taxonomy":"product_cat","embeddable":true,"href":"https:\/\/audiobook-24.com\/en\/wp-json\/wp\/v2\/product_cat?post=615"},{"taxonomy":"product_tag","embeddable":true,"href":"https:\/\/audiobook-24.com\/en\/wp-json\/wp\/v2\/product_tag?post=615"}],"curies":[{"name":"wp","href":"https:\/\/api.w.org\/{rel}","templated":true}]}}