{"id":609,"date":"2025-11-16T00:23:05","date_gmt":"2025-11-16T00:23:05","guid":{"rendered":"https:\/\/audiobook-24.com\/?post_type=product&#038;p=609"},"modified":"2025-11-16T00:23:05","modified_gmt":"2025-11-16T00:23:05","slug":"%f0%9f%8e%a7-hoerspiel-j-s-ich-und-der-poltergeist","status":"publish","type":"product","link":"https:\/\/audiobook-24.com\/en\/product\/%f0%9f%8e%a7-hoerspiel-j-s-ich-und-der-poltergeist\/","title":{"rendered":"\ud83c\udfa7 H\u00f6rspiel \u2013 J S : Ich und der Poltergeist"},"content":{"rendered":"<h2><b><span style=\"font-size: large;\">\ud83c\udfa7\u00a0H\u00f6rspiel \u2013 John Sinclair 154: Ich und der Poltergeist<\/span><\/b><\/h2>\n<div>\n<p><span style=\"font-size: large;\">Ein neuer schauriger Fall f\u00fcr den Geisterj\u00e4ger John Sinclair!<\/span><\/p>\n<p><span style=\"font-size: large;\">Ein scheinbar harmloses altes Haus wird zum Schauplatz des Grauens: M\u00f6bel fliegen durch die Luft, T\u00fcren schlagen wie von Geisterhand und eine unsichtbare Macht treibt die Bewohner in den Wahnsinn. Doch hinter dem Spuk steckt weit mehr als nur ein gew\u00f6hnlicher Poltergeist. John Sinclair muss tief in die Welt des \u00dcbernat\u00fcrlichen eintauchen \u2013 und st\u00f6\u00dft dabei auf ein Geheimnis, das t\u00f6dlicher ist, als er jemals geahnt hat.<\/span><\/p>\n<p><span style=\"font-size: large;\">\ud83d\udc7b D\u00e4monische M\u00e4chte, geisterhafte Erscheinungen und ein erbarmungsloser Kampf zwischen Gut und B\u00f6se \u2013 ein H\u00f6rspiel voller G\u00e4nsehaut-Momente!<\/span><\/p>\n<p><span style=\"font-size: large;\">\ud83d\udcbe\u00a0<em>Nach Bezahlung gibt es sofort den Downloadlink \u2013 f\u00fcr Handy, Tablet und PC<\/em><\/span><\/p>\n<\/div>","protected":false},"excerpt":{"rendered":"<p>\ud83c\udfa7\u00a0H\u00f6rspiel \u2013 John Sinclair 154: Ich und der Poltergeist Ein neuer schauriger Fall f\u00fcr den Geisterj\u00e4ger John Sinclair! Ein scheinbar harmloses altes Haus wird zum Schauplatz des Grauens: M\u00f6bel fliegen durch die Luft, T\u00fcren schlagen wie von Geisterhand und eine unsichtbare Macht treibt die Bewohner in den Wahnsinn. Doch hinter dem Spuk steckt weit mehr [&hellip;]<\/p>\n","protected":false},"featured_media":610,"comment_status":"open","ping_status":"closed","template":"","meta":[],"product_brand":[],"product_cat":[31],"product_tag":[],"class_list":{"0":"post-609","1":"product","2":"type-product","3":"status-publish","4":"has-post-thumbnail","6":"product_cat-john-sinclair","8":"first","9":"instock","10":"sale","11":"virtual","12":"purchasable","13":"product-type-simple"},"jetpack_sharing_enabled":true,"_links":{"self":[{"href":"https:\/\/audiobook-24.com\/en\/wp-json\/wp\/v2\/product\/609","targetHints":{"allow":["GET"]}}],"collection":[{"href":"https:\/\/audiobook-24.com\/en\/wp-json\/wp\/v2\/product"}],"about":[{"href":"https:\/\/audiobook-24.com\/en\/wp-json\/wp\/v2\/types\/product"}],"replies":[{"embeddable":true,"href":"https:\/\/audiobook-24.com\/en\/wp-json\/wp\/v2\/comments?post=609"}],"wp:featuredmedia":[{"embeddable":true,"href":"https:\/\/audiobook-24.com\/en\/wp-json\/wp\/v2\/media\/610"}],"wp:attachment":[{"href":"https:\/\/audiobook-24.com\/en\/wp-json\/wp\/v2\/media?parent=609"}],"wp:term":[{"taxonomy":"product_brand","embeddable":true,"href":"https:\/\/audiobook-24.com\/en\/wp-json\/wp\/v2\/product_brand?post=609"},{"taxonomy":"product_cat","embeddable":true,"href":"https:\/\/audiobook-24.com\/en\/wp-json\/wp\/v2\/product_cat?post=609"},{"taxonomy":"product_tag","embeddable":true,"href":"https:\/\/audiobook-24.com\/en\/wp-json\/wp\/v2\/product_tag?post=609"}],"curies":[{"name":"wp","href":"https:\/\/api.w.org\/{rel}","templated":true}]}}