{"id":605,"date":"2025-11-16T00:17:25","date_gmt":"2025-11-16T00:17:25","guid":{"rendered":"https:\/\/audiobook-24.com\/?post_type=product&#038;p=605"},"modified":"2025-11-16T00:17:25","modified_gmt":"2025-11-16T00:17:25","slug":"%f0%9f%8e%a7-hoerspiel-blake-pierce-jessie-hunt-04-das-perfekte-laecheln","status":"publish","type":"product","link":"https:\/\/audiobook-24.com\/en\/product\/%f0%9f%8e%a7-hoerspiel-blake-pierce-jessie-hunt-04-das-perfekte-laecheln\/","title":{"rendered":"\ud83c\udfa7 H\u00f6rspiel: Blake Pierce \u2013 Jessie Hunt 04: Das perfekte L\u00e4cheln"},"content":{"rendered":"<h2><strong>\ud83c\udfa7 H\u00f6rspiel:\u00a0<em>Blake Pierce \u2013 Jessie Hunt 04: Das perfekte L\u00e4cheln<\/em><\/strong><\/h2>\n<div>\n<p><span><span style=\"font-family: Open Sans, sans-serif;\"><span style=\"font-size: x-large;\">Im vierten Band der fesselnden\u00a0<strong>Jessie-Hunt-Reihe<\/strong>\u00a0von\u00a0<strong>Blake Pierce<\/strong>\u00a0wird die brillante Profilerin Jessie Hunt erneut mit einem verst\u00f6renden Fall konfrontiert.<\/span><\/span><\/span><\/p>\n<p><span><span style=\"font-family: Open Sans, sans-serif;\"><span style=\"font-size: x-large;\">Eine scheinbar perfekte Familie, ein idyllisches Vorstadtleben \u2013 und ein grausames Verbrechen, das alles zerst\u00f6rt. Hinter der Fassade aus L\u00e4cheln, Wohlstand und Gl\u00fcck lauern L\u00fcgen, Manipulation und t\u00f6dliche Geheimnisse. Jessie muss tief in die Abgr\u00fcnde der menschlichen Psyche blicken, um die Wahrheit zu finden \u2013 und riskiert dabei, selbst zur Zielscheibe zu werden.<\/span><\/span><\/span><\/p>\n<p><span><span style=\"font-family: Open Sans, sans-serif;\"><span style=\"font-size: x-large;\"><strong>\u201eDas perfekte L\u00e4cheln\u201c<\/strong>\u00a0ist ein packender Psychothriller voller Spannung, \u00fcberraschender Wendungen und intensiver Charaktere \u2013 ein Muss f\u00fcr alle Fans von cleveren Ermittlerinnen und nervenaufreibenden Stories.<\/span><\/span><\/span><\/p>\n<hr \/>\n<h3><span><span style=\"font-family: Open Sans, sans-serif;\"><span style=\"font-size: x-large;\">\u2705 Dein Vorteil:<\/span><\/span><\/span><\/h3>\n<ul>\n<li><span><span style=\"font-family: Open Sans, sans-serif;\"><span style=\"font-size: x-large;\">Nach der Bezahlung erh\u00e4ltst du\u00a0<strong>sofort deinen pers\u00f6nlichen Downloadlink<\/strong>.<\/span><\/span><\/span><\/li>\n<li><\/li>\n<li><span><span style=\"font-family: Open Sans, sans-serif;\"><span style=\"font-size: x-large;\">Das H\u00f6rspiel ist verf\u00fcgbar als:<br \/>\n<strong>\ud83c\udfb5 MP3-Datei \u2013 abspielbar auf Smartphone | Tablet | PC | MP3-Player<\/strong><\/span><\/span><\/span><\/li>\n<\/ul>\n<p><span><span style=\"font-family: Open Sans, sans-serif;\"><span style=\"font-size: x-large;\">\ud83d\udc49\u00a0<strong>Einmal gekauft \u2013 jederzeit und unbegrenzt abrufbar!<\/strong><\/span><\/span><\/span><\/p>\n<\/div>","protected":false},"excerpt":{"rendered":"<p>\ud83c\udfa7 H\u00f6rspiel:\u00a0Blake Pierce \u2013 Jessie Hunt 04: Das perfekte L\u00e4cheln Im vierten Band der fesselnden\u00a0Jessie-Hunt-Reihe\u00a0von\u00a0Blake Pierce\u00a0wird die brillante Profilerin Jessie Hunt erneut mit einem verst\u00f6renden Fall konfrontiert. Eine scheinbar perfekte Familie, ein idyllisches Vorstadtleben \u2013 und ein grausames Verbrechen, das alles zerst\u00f6rt. Hinter der Fassade aus L\u00e4cheln, Wohlstand und Gl\u00fcck lauern L\u00fcgen, Manipulation und t\u00f6dliche [&hellip;]<\/p>\n","protected":false},"featured_media":606,"comment_status":"open","ping_status":"closed","template":"","meta":[],"product_brand":[],"product_cat":[34],"product_tag":[],"class_list":{"0":"post-605","1":"product","2":"type-product","3":"status-publish","4":"has-post-thumbnail","6":"product_cat-hoerspiel-krimi","8":"first","9":"instock","10":"sale","11":"virtual","12":"purchasable","13":"product-type-simple"},"jetpack_sharing_enabled":true,"_links":{"self":[{"href":"https:\/\/audiobook-24.com\/en\/wp-json\/wp\/v2\/product\/605","targetHints":{"allow":["GET"]}}],"collection":[{"href":"https:\/\/audiobook-24.com\/en\/wp-json\/wp\/v2\/product"}],"about":[{"href":"https:\/\/audiobook-24.com\/en\/wp-json\/wp\/v2\/types\/product"}],"replies":[{"embeddable":true,"href":"https:\/\/audiobook-24.com\/en\/wp-json\/wp\/v2\/comments?post=605"}],"wp:featuredmedia":[{"embeddable":true,"href":"https:\/\/audiobook-24.com\/en\/wp-json\/wp\/v2\/media\/606"}],"wp:attachment":[{"href":"https:\/\/audiobook-24.com\/en\/wp-json\/wp\/v2\/media?parent=605"}],"wp:term":[{"taxonomy":"product_brand","embeddable":true,"href":"https:\/\/audiobook-24.com\/en\/wp-json\/wp\/v2\/product_brand?post=605"},{"taxonomy":"product_cat","embeddable":true,"href":"https:\/\/audiobook-24.com\/en\/wp-json\/wp\/v2\/product_cat?post=605"},{"taxonomy":"product_tag","embeddable":true,"href":"https:\/\/audiobook-24.com\/en\/wp-json\/wp\/v2\/product_tag?post=605"}],"curies":[{"name":"wp","href":"https:\/\/api.w.org\/{rel}","templated":true}]}}