{"id":603,"date":"2025-11-16T00:15:17","date_gmt":"2025-11-16T00:15:17","guid":{"rendered":"https:\/\/audiobook-24.com\/?post_type=product&#038;p=603"},"modified":"2025-11-16T00:15:18","modified_gmt":"2025-11-16T00:15:18","slug":"%f0%9f%8e%a7-hoerspiel-blake-pierce-jessie-hunt-03-das-perfekte-haus","status":"publish","type":"product","link":"https:\/\/audiobook-24.com\/en\/product\/%f0%9f%8e%a7-hoerspiel-blake-pierce-jessie-hunt-03-das-perfekte-haus\/","title":{"rendered":"\ud83c\udfa7 H\u00f6rspiel: Blake Pierce \u2013 Jessie Hunt 03: Das perfekte Haus"},"content":{"rendered":"<h2>\ud83c\udfa7 H\u00f6rspiel:\u00a0<em>Blake Pierce \u2013 Jessie Hunt 03: Das perfekte Haus<\/em><\/h2>\n<div>\n<div>\n<p>&nbsp;<\/p>\n<div>\n<p><span><span style=\"font-family: Open Sans, sans-serif;\"><span style=\"font-size: x-large;\">Im dritten Band der spannenden\u00a0<strong>Jessie-Hunt-Reihe<\/strong>\u00a0von\u00a0<strong>Blake Pierce<\/strong>\u00a0scheint alles perfekt \u2013 bis das Grauen direkt hinter der Haust\u00fcr lauert.<\/span><\/span><\/span><\/p>\n<p><span><span style=\"font-family: Open Sans, sans-serif;\"><span style=\"font-size: x-large;\">Jessie Hunt, die brillante Profilerin, hat sich mit ihrem Mann in einem scheinbar idyllischen Vorort ein neues Leben aufgebaut. Doch die heile Fassade des \u201eperfekten Hauses\u201c beginnt zu br\u00f6ckeln, als dunkle Geheimnisse ans Licht kommen. Ein grausamer Mord ersch\u00fcttert die Nachbarschaft, und Jessie wird in ein Netz aus L\u00fcgen, Manipulation und Wahnsinn gezogen, das sie bis an ihre Grenzen f\u00fchrt.<\/span><\/span><\/span><\/p>\n<p><span><span style=\"font-family: Open Sans, sans-serif;\"><span style=\"font-size: x-large;\"><strong>\u201eDas perfekte Haus\u201c<\/strong>\u00a0ist ein intensiver Psychothriller voller Spannung, \u00fcberraschender Wendungen und emotionaler Tiefe. Blake Pierce versteht es meisterhaft, die Abgr\u00fcnde hinter dem scheinbar Normalen zu zeigen \u2013 nichts ist so, wie es scheint<\/span>.<\/span><\/span><\/p>\n<hr \/>\n<h3><span><span style=\"font-family: Open Sans, sans-serif;\"><span style=\"font-size: x-large;\">\u2705 Dein Vorteil:<\/span><\/span><\/span><\/h3>\n<ul>\n<li><span><span style=\"font-family: Open Sans, sans-serif;\"><span style=\"font-size: x-large;\">Nach der Bezahlung erh\u00e4ltst du\u00a0<strong>sofort deinen pers\u00f6nlichen Downloadlink<\/strong>.<\/span><\/span><\/span><\/li>\n<li><span><span style=\"font-family: Open Sans, sans-serif;\"><span style=\"font-size: x-large;\">Das H\u00f6rspiel ist verf\u00fcgbar als:<br \/>\n\ud83c\udfb5\u00a0<strong>MP3-Datei<\/strong>\u00a0\u2013 abspielbar auf Smartphone | Tablet | PC | MP3-Player<\/span><\/span><\/span><\/li>\n<\/ul>\n<p><span><span style=\"font-family: Open Sans, sans-serif;\"><span style=\"font-size: x-large;\">\ud83d\udc49\u00a0<strong>Einmal gekauft \u2013 jederzeit und unbegrenzt abrufbar!<\/strong><\/span><\/span><\/span><\/p>\n<\/div>\n<\/div>\n<\/div>","protected":false},"excerpt":{"rendered":"<p>\ud83c\udfa7 H\u00f6rspiel:\u00a0Blake Pierce \u2013 Jessie Hunt 03: Das perfekte Haus &nbsp; Im dritten Band der spannenden\u00a0Jessie-Hunt-Reihe\u00a0von\u00a0Blake Pierce\u00a0scheint alles perfekt \u2013 bis das Grauen direkt hinter der Haust\u00fcr lauert. Jessie Hunt, die brillante Profilerin, hat sich mit ihrem Mann in einem scheinbar idyllischen Vorort ein neues Leben aufgebaut. Doch die heile Fassade des \u201eperfekten Hauses\u201c beginnt [&hellip;]<\/p>\n","protected":false},"featured_media":604,"comment_status":"open","ping_status":"closed","template":"","meta":[],"product_brand":[],"product_cat":[34],"product_tag":[],"class_list":{"0":"post-603","1":"product","2":"type-product","3":"status-publish","4":"has-post-thumbnail","6":"product_cat-hoerspiel-krimi","8":"first","9":"instock","10":"sale","11":"virtual","12":"purchasable","13":"product-type-simple"},"jetpack_sharing_enabled":true,"_links":{"self":[{"href":"https:\/\/audiobook-24.com\/en\/wp-json\/wp\/v2\/product\/603","targetHints":{"allow":["GET"]}}],"collection":[{"href":"https:\/\/audiobook-24.com\/en\/wp-json\/wp\/v2\/product"}],"about":[{"href":"https:\/\/audiobook-24.com\/en\/wp-json\/wp\/v2\/types\/product"}],"replies":[{"embeddable":true,"href":"https:\/\/audiobook-24.com\/en\/wp-json\/wp\/v2\/comments?post=603"}],"wp:featuredmedia":[{"embeddable":true,"href":"https:\/\/audiobook-24.com\/en\/wp-json\/wp\/v2\/media\/604"}],"wp:attachment":[{"href":"https:\/\/audiobook-24.com\/en\/wp-json\/wp\/v2\/media?parent=603"}],"wp:term":[{"taxonomy":"product_brand","embeddable":true,"href":"https:\/\/audiobook-24.com\/en\/wp-json\/wp\/v2\/product_brand?post=603"},{"taxonomy":"product_cat","embeddable":true,"href":"https:\/\/audiobook-24.com\/en\/wp-json\/wp\/v2\/product_cat?post=603"},{"taxonomy":"product_tag","embeddable":true,"href":"https:\/\/audiobook-24.com\/en\/wp-json\/wp\/v2\/product_tag?post=603"}],"curies":[{"name":"wp","href":"https:\/\/api.w.org\/{rel}","templated":true}]}}