{"id":601,"date":"2025-11-16T00:08:53","date_gmt":"2025-11-16T00:08:53","guid":{"rendered":"https:\/\/audiobook-24.com\/?post_type=product&#038;p=601"},"modified":"2025-11-16T00:08:53","modified_gmt":"2025-11-16T00:08:53","slug":"%f0%9f%8e%a7-hoerspiel-blake-pierce-jessie-hunt-01-die-perfekte-frau","status":"publish","type":"product","link":"https:\/\/audiobook-24.com\/en\/product\/%f0%9f%8e%a7-hoerspiel-blake-pierce-jessie-hunt-01-die-perfekte-frau\/","title":{"rendered":"\ud83c\udfa7 H\u00f6rspiel: Blake Pierce \u2013 Jessie Hunt 01: Die perfekte Frau"},"content":{"rendered":"<h2><strong>\ud83c\udfa7 H\u00f6rspiel:\u00a0<em>Blake Pierce \u2013 Jessie Hunt 01: Die perfekte Frau<\/em><\/strong><\/h2>\n<div><span style=\"color: #202020; font-family: Open Sans, sans-serif;\"><i><br \/>\n<\/i><\/span><\/p>\n<div>\n<p><span style=\"font-size: x-large;\">Mit\u00a0<strong>\u201eDie perfekte Frau\u201c<\/strong>\u00a0beginnt die fesselnde\u00a0<strong>Jessie-Hunt-Reihe<\/strong>\u00a0von\u00a0<strong>Blake Pierce<\/strong>\u00a0\u2013 ein Psychothriller voller Spannung, Abgr\u00fcnde und \u00fcberraschender Wendungen.<\/span><\/p>\n<p><span style=\"font-size: x-large;\">Jessie Hunt scheint das perfekte Leben zu f\u00fchren: ein attraktiver Ehemann, ein neues Zuhause in einer eleganten Vorstadtsiedlung, eine vielversprechende Karriere. Doch der Schein tr\u00fcgt. Hinter der makellosen Fassade ihres neuen Umfelds lauern dunkle Geheimnisse \u2013 und Jessie selbst tr\u00e4gt ein Trauma in sich, das sie nie ganz \u00fcberwunden hat.<\/span><\/p>\n<p><span style=\"font-size: x-large;\">Als eine Serie unheimlicher Ereignisse ihren Alltag ersch\u00fcttert, wird Jessie in ein gef\u00e4hrliches Spiel aus Manipulation, Angst und Tod hineingezogen. Um zu \u00fcberleben, muss sie lernen, ihren eigenen D\u00e4monen zu begegnen \u2013 und das wahre Gesicht der \u201eperfekten Frau\u201c zu erkennen.<\/span><\/p>\n<p><span style=\"font-size: x-large;\"><strong>\u201eDie perfekte Frau\u201c<\/strong>\u00a0ist der Auftakt zu einer mitrei\u00dfenden Thrillerreihe, die Psychospannung, Nervenkitzel und emotionale Tiefe meisterhaft verbindet.<\/span><\/p>\n<hr \/>\n<h3>\u2705 Dein Vorteil:<\/h3>\n<ul>\n<li><span style=\"font-size: x-large;\">Nach der Bezahlung erh\u00e4ltst du\u00a0<strong>sofort deinen pers\u00f6nlichen Downloadlink<\/strong>.<\/span><\/li>\n<li><span style=\"font-size: x-large;\">Das H\u00f6rspiel ist verf\u00fcgbar als:<br \/>\n\ud83c\udfb5\u00a0<strong>MP3-Datei<\/strong>\u00a0\u2013 abspielbar auf Smartphone | Tablet | PC | MP3-Player<\/span><\/li>\n<\/ul>\n<p><span style=\"font-size: x-large;\">\ud83d\udc49\u00a0<strong>Einmal gekauft \u2013 jederzeit und unbegrenzt abrufbar!<\/strong><\/span><\/p>\n<\/div>\n<\/div>","protected":false},"excerpt":{"rendered":"<p>\ud83c\udfa7 H\u00f6rspiel:\u00a0Blake Pierce \u2013 Jessie Hunt 01: Die perfekte Frau Mit\u00a0\u201eDie perfekte Frau\u201c\u00a0beginnt die fesselnde\u00a0Jessie-Hunt-Reihe\u00a0von\u00a0Blake Pierce\u00a0\u2013 ein Psychothriller voller Spannung, Abgr\u00fcnde und \u00fcberraschender Wendungen. Jessie Hunt scheint das perfekte Leben zu f\u00fchren: ein attraktiver Ehemann, ein neues Zuhause in einer eleganten Vorstadtsiedlung, eine vielversprechende Karriere. Doch der Schein tr\u00fcgt. Hinter der makellosen Fassade ihres neuen [&hellip;]<\/p>\n","protected":false},"featured_media":602,"comment_status":"open","ping_status":"closed","template":"","meta":[],"product_brand":[],"product_cat":[34],"product_tag":[],"class_list":{"0":"post-601","1":"product","2":"type-product","3":"status-publish","4":"has-post-thumbnail","6":"product_cat-hoerspiel-krimi","8":"first","9":"instock","10":"sale","11":"virtual","12":"purchasable","13":"product-type-simple"},"jetpack_sharing_enabled":true,"_links":{"self":[{"href":"https:\/\/audiobook-24.com\/en\/wp-json\/wp\/v2\/product\/601","targetHints":{"allow":["GET"]}}],"collection":[{"href":"https:\/\/audiobook-24.com\/en\/wp-json\/wp\/v2\/product"}],"about":[{"href":"https:\/\/audiobook-24.com\/en\/wp-json\/wp\/v2\/types\/product"}],"replies":[{"embeddable":true,"href":"https:\/\/audiobook-24.com\/en\/wp-json\/wp\/v2\/comments?post=601"}],"wp:featuredmedia":[{"embeddable":true,"href":"https:\/\/audiobook-24.com\/en\/wp-json\/wp\/v2\/media\/602"}],"wp:attachment":[{"href":"https:\/\/audiobook-24.com\/en\/wp-json\/wp\/v2\/media?parent=601"}],"wp:term":[{"taxonomy":"product_brand","embeddable":true,"href":"https:\/\/audiobook-24.com\/en\/wp-json\/wp\/v2\/product_brand?post=601"},{"taxonomy":"product_cat","embeddable":true,"href":"https:\/\/audiobook-24.com\/en\/wp-json\/wp\/v2\/product_cat?post=601"},{"taxonomy":"product_tag","embeddable":true,"href":"https:\/\/audiobook-24.com\/en\/wp-json\/wp\/v2\/product_tag?post=601"}],"curies":[{"name":"wp","href":"https:\/\/api.w.org\/{rel}","templated":true}]}}